{"id":5433,"date":"2025-12-08T09:33:26","date_gmt":"2025-12-08T14:33:26","guid":{"rendered":"https:\/\/habitatgo.com\/nouvelles-et-mises-a-jour\/"},"modified":"2025-12-08T09:35:19","modified_gmt":"2025-12-08T14:35:19","slug":"nouvelles-et-mises-a-jour","status":"publish","type":"page","link":"https:\/\/habitatgo.com\/fr\/nouvelles-et-mises-a-jour\/","title":{"rendered":"Nouvelles et mises \u00e0 jour"},"content":{"rendered":"<div class=\"wp-block-group is-style-plain has-background has-theme-primary-background-color padding-top-thin padding-bottom-thin alignfull wp-block-eup-blocks-banner\">\r\n    <div class=\"banner-content-wrap alignwide\">\r\n    <div class=\"banner-content\" style=\"max-width: 800px\">\r\n        \n<?xml encoding=\"utf-8\" ?><h1 class=\"wp-block-heading has-text-align-left\" id=\"toc-nouvelles-et-mises-a-jour\">Nouvelles et mises &agrave; jour<\/h1>\n\n    <\/div>\r\n<\/div><\/div>\n<p>Bienvenue dans la salle de presse en ligne d&rsquo;Habitat pour l&rsquo;humanit\u00e9 du Grand Ottawa. Vous trouverez ici nos communiqu\u00e9s de presse et nos mises \u00e0 jour pour les m\u00e9dias.  <\/p>\n\n<p><strong>Pour toute demande de renseignements des m\u00e9dias, veuillez contacter <a href=\"mailto:soey@habitatgo.ca\">soey@habitatgo.ca<\/a>. <\/strong><\/p>\n<?xml encoding=\"utf-8\" ?><h3 class=\"wp-block-heading has-text-align-left\" id=\"toc-communiques-de-presse-et-avis\">Communiqu&eacute;s de presse et avis<\/h3>\n\n<div class=\"wp-block-eup-blocks-cards alignwide cards--wrapper is-grid gutter-margin graphic-image orientation-vertical alignment-left design-flat size-desktop-1_3 size-tablet-1_2 size-mobile-1_1 aspect-ratio-16_9 title-size-h6 content-size-standard meta-size-small\" data-loop=\"false\" data-nav=\"true\" data-dots=\"false\"><div class=\"cards--inner\">\n<a class=\"wp-block-eup-blocks-card card--wrapper\" href=\"https:\/\/habitatgo.com\/wp-content\/uploads\/2025\/12\/NHWBreakfastPanel_mediaAdvisory.pdf\" data-wpel-link=\"external\" target=\"_blank\" rel=\"external noopener noreferrer\"><div class=\"card-image--wrapper\"><img decoding=\"async\" class=\"card-image\" src=\"https:\/\/habitatgo.com\/wp-content\/uploads\/2025\/12\/NHWPanel.jpg\" alt=\"\" data-id=\"5421\"\/><\/div><div class=\"card-content\"><div class=\"card-title\"><strong>Semaine nationale du logement : Petit-d\u00e9jeuner et panel sur l&rsquo;accession abordable \u00e0 la propri\u00e9t\u00e9 d&rsquo;Habitat pour l&rsquo;humanit\u00e9<\/strong><\/div><div class=\"card-meta\">Avis &#8211; 18 novembre<\/div><\/div><\/a>\n\n\n\n<a class=\"wp-block-eup-blocks-card card--wrapper\" href=\"https:\/\/habitatgo.com\/wp-content\/uploads\/2025\/12\/gala2025_MediaAdvisory.pdf\" data-wpel-link=\"external\" target=\"_blank\" rel=\"external noopener noreferrer\"><div class=\"card-image--wrapper\"><img decoding=\"async\" class=\"card-image\" src=\"https:\/\/habitatgo.com\/wp-content\/uploads\/2025\/12\/Gala2025-1.jpg\" alt=\"\" data-id=\"5423\"\/><\/div><div class=\"card-content\"><div class=\"card-title\">20e gala annuel Steel Toes &amp; Stilettos<\/div><div class=\"card-meta\">Avis &#8211; 4 novembre 2025<\/div><\/div><\/a>\n\n\n\n<a class=\"wp-block-eup-blocks-card card--wrapper\" href=\"https:\/\/habitatgo.com\/wp-content\/uploads\/2025\/12\/pressRelease_NantesGroundbreaking.pdf\" data-wpel-link=\"external\" target=\"_blank\" rel=\"external noopener noreferrer\"><div class=\"card-image--wrapper\"><img decoding=\"async\" class=\"card-image\" src=\"https:\/\/habitatgo.com\/wp-content\/uploads\/2025\/12\/NantesGroundBreaking.jpg\" alt=\"\" data-id=\"5425\"\/><\/div><div class=\"card-content\"><div class=\"card-title\">Habitat pour l&rsquo;humanit\u00e9 du Grand Ottawa lance la phase finale du projet Nantes \u00e0 Orl\u00e9ans<\/div><div class=\"card-meta\">Communiqu\u00e9 &#8211; 3 novembre 2025<\/div><\/div><\/a>\n<\/div><\/div>\n\n<p><\/p>\n","protected":false},"excerpt":{"rendered":"<p>Bienvenue dans la salle de presse en ligne d&rsquo;Habitat pour l&rsquo;humanit\u00e9 du Grand Ottawa. Vous trouverez ici nos communiqu\u00e9s de presse et nos mises \u00e0 jour pour les m\u00e9dias. Pour toute demande de renseignements des m\u00e9dias, veuillez contacter soey@habitatgo.ca. Communiqu&eacute;s de presse et avis<\/p>\n","protected":false},"author":3,"featured_media":0,"parent":0,"menu_order":0,"comment_status":"closed","ping_status":"closed","template":"","meta":{"_acf_changed":false,"footnotes":""},"class_list":["post-5433","page","type-page","status-publish","hentry"],"better_featured_image":null,"acf":[],"_links":{"self":[{"href":"https:\/\/habitatgo.com\/fr\/wp-json\/wp\/v2\/pages\/5433","targetHints":{"allow":["GET"]}}],"collection":[{"href":"https:\/\/habitatgo.com\/fr\/wp-json\/wp\/v2\/pages"}],"about":[{"href":"https:\/\/habitatgo.com\/fr\/wp-json\/wp\/v2\/types\/page"}],"author":[{"embeddable":true,"href":"https:\/\/habitatgo.com\/fr\/wp-json\/wp\/v2\/users\/3"}],"replies":[{"embeddable":true,"href":"https:\/\/habitatgo.com\/fr\/wp-json\/wp\/v2\/comments?post=5433"}],"version-history":[{"count":1,"href":"https:\/\/habitatgo.com\/fr\/wp-json\/wp\/v2\/pages\/5433\/revisions"}],"predecessor-version":[{"id":5434,"href":"https:\/\/habitatgo.com\/fr\/wp-json\/wp\/v2\/pages\/5433\/revisions\/5434"}],"wp:attachment":[{"href":"https:\/\/habitatgo.com\/fr\/wp-json\/wp\/v2\/media?parent=5433"}],"curies":[{"name":"wp","href":"https:\/\/api.w.org\/{rel}","templated":true}]}}