{"id":4478,"date":"2019-02-07T19:03:29","date_gmt":"2019-02-08T00:03:29","guid":{"rendered":"https:\/\/hfh-02.eproofs.ca\/a-propos-dhabitat-pour-lhumanite-du-grand-ottawa\/rapports\/"},"modified":"2025-09-26T16:27:29","modified_gmt":"2025-09-26T20:27:29","slug":"rapports","status":"publish","type":"page","link":"https:\/\/habitatgo.com\/fr\/a-propos-dhabitat-pour-lhumanite-du-grand-ottawa\/rapports\/","title":{"rendered":"Rapports"},"content":{"rendered":"<div class=\"wp-block-group is-style-plain has-background has-theme-primary-background-color padding-top-thin padding-bottom-thin alignfull wp-block-eup-blocks-banner\">\r\n    <div class=\"banner-content-wrap alignwide\">\r\n    <div class=\"banner-content\" style=\"max-width: 800px\">\r\n        \n<?xml encoding=\"utf-8\" ?><h1 class=\"wp-block-heading has-text-align-left\" id=\"toc-rapports\">Rapports<\/h1>\n\n    <\/div>\r\n<\/div><\/div>\n<div class=\"wp-block-group alignfull has-background has-theme-light-background-color has-background-size-cover has-background-resolution-full is-layout-constrained wp-block-group-is-layout-constrained\">\n<div class=\"wp-block-columns alignwide has-column-gap-default is-layout-flex wp-block-columns-is-layout-flex\">\n<div class=\"wp-block-column has-column-padding-default is-layout-flow wp-block-column-is-layout-flow\"><?xml encoding=\"utf-8\" ?><h2 class=\"wp-block-heading has-text-align-left\" id=\"toc-2024\">2024<\/h2>\n\n\n\n<div class=\"wp-block-buttons is-layout-flex wp-block-buttons-is-layout-flex\">\n<div class=\"wp-block-button has-custom-width wp-block-button__width-100 has-inner-interact-background-color has-text-align-center\"><a class=\"wp-block-button__link has-text-align-center wp-element-button\" href=\"https:\/\/habitatgo.com\/impact-report-2024\/\" data-wpel-link=\"external\" target=\"_blank\" rel=\"external noopener noreferrer\">Consulter le rapport annuel 2024<\/a><\/div>\n\n\n\n<div class=\"wp-block-button has-custom-width wp-block-button__width-100 has-inner-accent-background-color has-text-align-center\"><a class=\"wp-block-button__link has-text-align-center wp-element-button\" href=\"https:\/\/habitatgo.com\/wp-content\/uploads\/2025\/09\/2024auditedFinancialStatement-1.pdf\" data-wpel-link=\"external\" target=\"_blank\" rel=\"external noopener noreferrer\">T\u00e9l\u00e9charger les \u00e9tats financiers 2024 (PDF)<\/a><\/div>\n<\/div>\n<\/div>\n\n\n\n<div class=\"wp-block-column has-column-padding-default is-layout-flow wp-block-column-is-layout-flow\"><?xml encoding=\"utf-8\" ?><h2 class=\"wp-block-heading has-text-align-left\" id=\"toc-2023\">2023<\/h2>\n\n\n\n<div class=\"wp-block-buttons is-layout-flex wp-block-buttons-is-layout-flex\">\n<div class=\"wp-block-button has-custom-width wp-block-button__width-100 has-inner-interact-background-color has-text-align-center\"><a class=\"wp-block-button__link has-text-align-center wp-element-button\" href=\"https:\/\/habitatgo.com\/impact-report-2023\/\" data-wpel-link=\"external\" target=\"_blank\" rel=\"external noopener noreferrer\">Consulter le rapport annuel 2023<\/a><\/div>\n\n\n\n<div class=\"wp-block-button has-custom-width wp-block-button__width-100 has-inner-accent-background-color has-text-align-center\"><a class=\"wp-block-button__link has-text-align-center wp-element-button\" href=\"https:\/\/habitatgo.com\/wp-content\/uploads\/2025\/09\/auditedFinancialStatement_2023.pdf\" data-wpel-link=\"external\" target=\"_blank\" rel=\"external noopener noreferrer\">T\u00e9l\u00e9charger les \u00e9tats financiers 2023 (PDF)<\/a><\/div>\n<\/div>\n<\/div>\n<\/div>\n\n\n\n<div class=\"wp-block-columns alignwide has-column-gap-default is-layout-flex wp-block-columns-is-layout-flex\">\n<div class=\"wp-block-column has-column-padding-default is-layout-flow wp-block-column-is-layout-flow\"><?xml encoding=\"utf-8\" ?><h2 class=\"wp-block-heading has-text-align-left\" id=\"toc-2022\">2022<\/h2>\n\n\n\n<div class=\"wp-block-buttons is-layout-flex wp-block-buttons-is-layout-flex\">\n<div class=\"wp-block-button has-custom-width wp-block-button__width-100 has-inner-interact-background-color has-text-align-center\"><a class=\"wp-block-button__link has-text-align-center wp-element-button\" href=\"https:\/\/habitatgo.com\/impact-report-2022\/\" data-wpel-link=\"external\" target=\"_blank\" rel=\"external noopener noreferrer\">Consulter le rapport annuel 2022<\/a><\/div>\n\n\n\n<div class=\"wp-block-button has-custom-width wp-block-button__width-100 has-inner-accent-background-color has-text-align-center\"><a class=\"wp-block-button__link has-text-align-center wp-element-button\" href=\"https:\/\/habitatgo.com\/wp-content\/uploads\/2025\/09\/auditedFinancialStatement2022.pdf\" data-wpel-link=\"external\" target=\"_blank\" rel=\"external noopener noreferrer\">T\u00e9l\u00e9charger les \u00e9tats financiers 2022 (PDF)<\/a><\/div>\n<\/div>\n<\/div>\n\n\n\n<div class=\"wp-block-column has-column-padding-default is-layout-flow wp-block-column-is-layout-flow\"><?xml encoding=\"utf-8\" ?><h2 class=\"wp-block-heading has-text-align-left\" id=\"toc-2021\">2021<\/h2>\n\n\n\n<div class=\"wp-block-buttons is-layout-flex wp-block-buttons-is-layout-flex\">\n<div class=\"wp-block-button has-custom-width wp-block-button__width-100 has-inner-interact-background-color has-text-align-center\"><a class=\"wp-block-button__link has-text-align-center wp-element-button\" href=\"https:\/\/habitatgo.com\/impact-report-2021\/\" data-wpel-link=\"external\" target=\"_blank\" rel=\"external noopener noreferrer\">Consulter le rapport annuel 2021<\/a><\/div>\n\n\n\n<div class=\"wp-block-button has-custom-width wp-block-button__width-100 has-inner-accent-background-color has-text-align-center\"><a class=\"wp-block-button__link has-text-align-center wp-element-button\" href=\"https:\/\/habitatgo.com\/wp-content\/uploads\/2025\/09\/2021AuditedFinancial-Statements.pdf\" data-wpel-link=\"external\" target=\"_blank\" rel=\"external noopener noreferrer\">T\u00e9l\u00e9charger les \u00e9tats financiers 2021 (PDF)<\/a><\/div>\n<\/div>\n<\/div>\n<\/div>\n\n\n\n<div class=\"wp-block-columns alignwide has-column-gap-default is-layout-flex wp-block-columns-is-layout-flex\">\n<div class=\"wp-block-column has-column-padding-default is-layout-flow wp-block-column-is-layout-flow\"><?xml encoding=\"utf-8\" ?><h2 class=\"wp-block-heading has-text-align-left\" id=\"toc-2020\">2020<\/h2>\n\n\n\n<div class=\"wp-block-buttons is-layout-flex wp-block-buttons-is-layout-flex\">\n<div class=\"wp-block-button has-custom-width wp-block-button__width-100 has-inner-interact-background-color has-text-align-center\"><a class=\"wp-block-button__link has-text-align-center wp-element-button\" href=\"https:\/\/habitatgo.com\/impact-report\/\" data-wpel-link=\"external\" target=\"_blank\" rel=\"external noopener noreferrer\">Consulter le rapport annuel 2020<\/a><\/div>\n\n\n\n<div class=\"wp-block-button has-custom-width wp-block-button__width-100 has-inner-accent-background-color has-text-align-center\"><a class=\"wp-block-button__link has-text-align-center wp-element-button\" href=\"https:\/\/habitatgo.com\/wp-content\/uploads\/2025\/09\/202012-Habitat-for-Humanity-National-Capital-Region-Financial-Statements.pdf\" data-wpel-link=\"external\" target=\"_blank\" rel=\"external noopener noreferrer\">T\u00e9l\u00e9charger les \u00e9tats financiers 2020 (PDF)<\/a><\/div>\n<\/div>\n<\/div>\n\n\n\n<div class=\"wp-block-column has-column-padding-default is-layout-flow wp-block-column-is-layout-flow\"><?xml encoding=\"utf-8\" ?><h2 class=\"wp-block-heading has-text-align-left\" id=\"toc-2019\">2019<\/h2>\n\n\n\n<div class=\"wp-block-buttons is-layout-flex wp-block-buttons-is-layout-flex\">\n<div class=\"wp-block-button has-custom-width wp-block-button__width-100 has-inner-interact-background-color has-text-align-center\"><a class=\"wp-block-button__link has-text-align-center wp-element-button\" href=\"https:\/\/habitatgo.com\/wp-content\/uploads\/2025\/09\/Habitat-for-Humanity-Annual-Report_2019_lr.pdf\" data-wpel-link=\"external\" target=\"_blank\" rel=\"external noopener noreferrer\">T\u00e9l\u00e9charger le rapport annuel 2019<\/a><\/div>\n\n\n\n<div class=\"wp-block-button has-custom-width wp-block-button__width-100 has-inner-accent-background-color has-text-align-center\"><a class=\"wp-block-button__link has-text-align-center wp-element-button\" href=\"https:\/\/habitatgo.com\/wp-content\/uploads\/2025\/09\/2019-financial-statements.pdf\" data-wpel-link=\"external\" target=\"_blank\" rel=\"external noopener noreferrer\">T\u00e9l\u00e9charger les \u00e9tats financiers 2019 (PDF)<\/a><\/div>\n<\/div>\n<\/div>\n<\/div>\n\n\n\n<div class=\"wp-block-columns alignwide has-column-gap-default is-layout-flex wp-block-columns-is-layout-flex\">\n<div class=\"wp-block-column has-column-padding-default is-layout-flow wp-block-column-is-layout-flow\"><?xml encoding=\"utf-8\" ?><h2 class=\"wp-block-heading has-text-align-left\" id=\"toc-2018\">2018<\/h2>\n\n\n\n<div class=\"wp-block-buttons is-layout-flex wp-block-buttons-is-layout-flex\">\n<div class=\"wp-block-button has-custom-width wp-block-button__width-100 has-inner-interact-background-color has-text-align-center\"><a class=\"wp-block-button__link has-text-align-center wp-element-button\" href=\"https:\/\/habitatgo.com\/wp-content\/uploads\/2025\/09\/AR2018_lowRes.pdf\" target=\"_blank\" rel=\"noreferrer noopener external\" data-wpel-link=\"external\">T\u00e9l\u00e9charger le rapport annuel 2018<\/a><\/div>\n\n\n\n<div class=\"wp-block-button has-custom-width wp-block-button__width-100 has-inner-accent-background-color has-text-align-center\"><a class=\"wp-block-button__link has-text-align-center wp-element-button\" href=\"https:\/\/habitatgo.com\/wp-content\/uploads\/2025\/09\/Habitat-for-Humanity-2018-FS.pdf\" target=\"_blank\" rel=\"noreferrer noopener external\" data-wpel-link=\"external\">T\u00e9l\u00e9charger les \u00e9tats financiers 2018 (PDF)<\/a><\/div>\n<\/div>\n<\/div>\n\n\n\n<div class=\"wp-block-column has-column-padding-default is-layout-flow wp-block-column-is-layout-flow\"><?xml encoding=\"utf-8\" ?><h2 class=\"wp-block-heading has-text-align-left\" id=\"toc-2017\">2017<\/h2>\n\n\n\n<div class=\"wp-block-buttons is-layout-flex wp-block-buttons-is-layout-flex\">\n<div class=\"wp-block-button has-custom-width wp-block-button__width-100 has-inner-interact-background-color has-text-align-center\"><a class=\"wp-block-button__link has-text-align-center wp-element-button\" href=\"https:\/\/habitatgo.com\/wp-content\/uploads\/2025\/09\/AR2017-FINALdigital.pdf\" target=\"_blank\" rel=\"noreferrer noopener external\" data-wpel-link=\"external\">T\u00e9l\u00e9charger le rapport annuel 2017<\/a><\/div>\n\n\n\n<div class=\"wp-block-button has-custom-width wp-block-button__width-100 has-inner-accent-background-color has-text-align-center\"><a class=\"wp-block-button__link has-text-align-center wp-element-button\" href=\"https:\/\/habitatgo.com\/wp-content\/uploads\/2025\/09\/2017AuditedFS.pdf\" target=\"_blank\" rel=\"noreferrer noopener external\" data-wpel-link=\"external\">T\u00e9l\u00e9charger les \u00e9tats financiers 2017 (PDF)<\/a><\/div>\n<\/div>\n<\/div>\n<\/div>\n\n\n\n<div class=\"wp-block-columns alignwide has-column-gap-default is-layout-flex wp-block-columns-is-layout-flex\">\n<div class=\"wp-block-column has-column-padding-default is-layout-flow wp-block-column-is-layout-flow\"><?xml encoding=\"utf-8\" ?><h2 class=\"wp-block-heading has-text-align-left\" id=\"toc-2016\">2016<\/h2>\n\n\n\n<div class=\"wp-block-buttons is-layout-flex wp-block-buttons-is-layout-flex\">\n<div class=\"wp-block-button has-custom-width wp-block-button__width-100 has-inner-interact-background-color has-text-align-center\"><a class=\"wp-block-button__link has-text-align-center wp-element-button\" href=\"https:\/\/habitatgo.com\/wp-content\/uploads\/2025\/09\/AR2016.pdf\" target=\"_blank\" rel=\"noreferrer noopener external\" data-wpel-link=\"external\">T\u00e9l\u00e9charger le rapport annuel 2016<\/a><\/div>\n\n\n\n<div class=\"wp-block-button has-custom-width wp-block-button__width-100 has-inner-accent-background-color has-text-align-center\"><a class=\"wp-block-button__link has-text-align-center wp-element-button\" href=\"https:\/\/habitatgo.com\/wp-content\/uploads\/2025\/09\/FS2016.pdf\" target=\"_blank\" rel=\"noreferrer noopener external\" data-wpel-link=\"external\">T\u00e9l\u00e9charger les \u00e9tats financiers 2016 (PDF)<\/a><\/div>\n<\/div>\n<\/div>\n\n\n\n<div class=\"wp-block-column has-column-padding-default is-layout-flow wp-block-column-is-layout-flow\"><?xml encoding=\"utf-8\" ?><h2 class=\"wp-block-heading has-text-align-left\" id=\"toc-2015\">2015<\/h2>\n\n\n\n<div class=\"wp-block-buttons is-layout-flex wp-block-buttons-is-layout-flex\">\n<div class=\"wp-block-button has-custom-width wp-block-button__width-100 has-inner-interact-background-color has-text-align-center\"><a class=\"wp-block-button__link has-text-align-center wp-element-button\" href=\"https:\/\/habitatgo.com\/wp-content\/uploads\/2025\/09\/2015AR.pdf\" target=\"_blank\" rel=\"noreferrer noopener external\" data-wpel-link=\"external\">T\u00e9l\u00e9charger le rapport annuel 2015<\/a><\/div>\n\n\n\n<div class=\"wp-block-button has-custom-width wp-block-button__width-100 has-inner-accent-background-color has-text-align-center\"><a class=\"wp-block-button__link has-text-align-center wp-element-button\" href=\"https:\/\/habitatgo.com\/wp-content\/uploads\/2025\/09\/FS2015.pdf\" target=\"_blank\" rel=\"noreferrer noopener external\" data-wpel-link=\"external\">T\u00e9l\u00e9charger les \u00e9tats financiers 2015 (PDF)<\/a><\/div>\n<\/div>\n<\/div>\n<\/div>\n\n\n\n<div class=\"wp-block-columns alignwide has-column-gap-default is-layout-flex wp-block-columns-is-layout-flex\">\n<div class=\"wp-block-column has-column-padding-default is-layout-flow wp-block-column-is-layout-flow\"><?xml encoding=\"utf-8\" ?><h2 class=\"wp-block-heading has-text-align-left\" id=\"toc-2014\">2014<\/h2>\n\n\n\n<div class=\"wp-block-buttons is-layout-flex wp-block-buttons-is-layout-flex\">\n<div class=\"wp-block-button has-custom-width wp-block-button__width-100 has-inner-interact-background-color has-text-align-center\"><a class=\"wp-block-button__link has-text-align-center wp-element-button\" href=\"https:\/\/habitatgo.com\/wp-content\/uploads\/2025\/09\/2014HabitatGOAnnualReportFinal.pdf\" target=\"_blank\" rel=\"noreferrer noopener external\" data-wpel-link=\"external\">T\u00e9l\u00e9charger le rapport annuel 2014<\/a><\/div>\n\n\n\n<div class=\"wp-block-button has-custom-width wp-block-button__width-100 has-inner-accent-background-color has-text-align-center\"><a class=\"wp-block-button__link has-text-align-center wp-element-button\" href=\"https:\/\/habitatgo.com\/wp-content\/uploads\/2025\/09\/FS2014.pdf\" target=\"_blank\" rel=\"noreferrer noopener external\" data-wpel-link=\"external\">T\u00e9l\u00e9charger les \u00e9tats financiers 2014 (PDF)<\/a><\/div>\n<\/div>\n<\/div>\n\n\n\n<div class=\"wp-block-column has-column-padding-default is-layout-flow wp-block-column-is-layout-flow\"><?xml encoding=\"utf-8\" ?><h2 class=\"wp-block-heading has-text-align-left\" id=\"toc-2013\">2013<\/h2>\n\n\n\n<div class=\"wp-block-buttons is-layout-flex wp-block-buttons-is-layout-flex\">\n<div class=\"wp-block-button has-custom-width wp-block-button__width-100 has-inner-interact-background-color has-text-align-center\"><a class=\"wp-block-button__link has-text-align-center wp-element-button\" href=\"https:\/\/habitatgo.com\/wp-content\/uploads\/2025\/09\/2013AR.pdf\" target=\"_blank\" rel=\"noreferrer noopener external\" data-wpel-link=\"external\">T\u00e9l\u00e9charger le rapport annuel 2013<\/a><\/div>\n\n\n\n<div class=\"wp-block-button has-custom-width wp-block-button__width-100 has-inner-accent-background-color has-text-align-center\"><a class=\"wp-block-button__link has-text-align-center wp-element-button\" href=\"https:\/\/habitatgo.com\/wp-content\/uploads\/2025\/09\/FS2013.pdf\" target=\"_blank\" rel=\"noreferrer noopener external\" data-wpel-link=\"external\">T\u00e9l\u00e9charger les \u00e9tats financiers 2013 (PDF)<\/a><\/div>\n<\/div>\n<\/div>\n<\/div>\n<\/div>\n","protected":false},"excerpt":{"rendered":"<p>2024 2023 2022 2021 2020 2019 2018 2017 2016 2015 2014 2013<\/p>\n","protected":false},"author":1,"featured_media":4477,"parent":4308,"menu_order":0,"comment_status":"closed","ping_status":"closed","template":"","meta":{"_acf_changed":false,"footnotes":""},"class_list":["post-4478","page","type-page","status-publish","has-post-thumbnail","hentry"],"better_featured_image":{"id":4477,"alt_text":"","caption":"","description":"","media_type":"image","media_details":{"width":1000,"height":730,"file":"2025\/09\/Michaelis-Family-at-Groundbreaking.jpg","filesize":320896,"sizes":{"thumbnail":{"file":"Michaelis-Family-at-Groundbreaking-150x150.jpg","width":150,"height":150,"mime-type":"image\/jpeg","filesize":9232,"source_url":"https:\/\/habitatgo.com\/wp-content\/uploads\/2025\/09\/Michaelis-Family-at-Groundbreaking-150x150.jpg"},"hero-banner":{"file":"Michaelis-Family-at-Groundbreaking-1000x600.jpg","width":1000,"height":600,"mime-type":"image\/jpeg","filesize":164502,"source_url":"https:\/\/habitatgo.com\/wp-content\/uploads\/2025\/09\/Michaelis-Family-at-Groundbreaking-1000x600.jpg"},"hero-side":{"file":"Michaelis-Family-at-Groundbreaking-960x600.jpg","width":960,"height":600,"mime-type":"image\/jpeg","filesize":141236,"source_url":"https:\/\/habitatgo.com\/wp-content\/uploads\/2025\/09\/Michaelis-Family-at-Groundbreaking-960x600.jpg"}},"image_meta":{"aperture":"0","credit":"","camera":"","caption":"","created_timestamp":"0","copyright":"","focal_length":"0","iso":"0","shutter_speed":"0","title":"","orientation":"1","keywords":[]}},"post":4478,"source_url":"https:\/\/habitatgo.com\/wp-content\/uploads\/2025\/09\/Michaelis-Family-at-Groundbreaking.jpg"},"acf":[],"_links":{"self":[{"href":"https:\/\/habitatgo.com\/fr\/wp-json\/wp\/v2\/pages\/4478","targetHints":{"allow":["GET"]}}],"collection":[{"href":"https:\/\/habitatgo.com\/fr\/wp-json\/wp\/v2\/pages"}],"about":[{"href":"https:\/\/habitatgo.com\/fr\/wp-json\/wp\/v2\/types\/page"}],"author":[{"embeddable":true,"href":"https:\/\/habitatgo.com\/fr\/wp-json\/wp\/v2\/users\/1"}],"replies":[{"embeddable":true,"href":"https:\/\/habitatgo.com\/fr\/wp-json\/wp\/v2\/comments?post=4478"}],"version-history":[{"count":1,"href":"https:\/\/habitatgo.com\/fr\/wp-json\/wp\/v2\/pages\/4478\/revisions"}],"predecessor-version":[{"id":4481,"href":"https:\/\/habitatgo.com\/fr\/wp-json\/wp\/v2\/pages\/4478\/revisions\/4481"}],"up":[{"embeddable":true,"href":"https:\/\/habitatgo.com\/fr\/wp-json\/wp\/v2\/pages\/4308"}],"wp:featuredmedia":[{"embeddable":true,"href":"https:\/\/habitatgo.com\/fr\/wp-json\/wp\/v2\/media\/4477"}],"wp:attachment":[{"href":"https:\/\/habitatgo.com\/fr\/wp-json\/wp\/v2\/media?parent=4478"}],"curies":[{"name":"wp","href":"https:\/\/api.w.org\/{rel}","templated":true}]}}