{"id":4471,"date":"2017-06-01T04:00:00","date_gmt":"2017-06-01T08:00:00","guid":{"rendered":"https:\/\/hfh-02.eproofs.ca\/acces-a-la-propriete\/faq\/"},"modified":"2025-12-09T16:07:13","modified_gmt":"2025-12-09T21:07:13","slug":"faq","status":"publish","type":"page","link":"https:\/\/habitatgo.com\/fr\/acces-a-la-propriete\/faq\/","title":{"rendered":"FAQ"},"content":{"rendered":"<div class=\"wp-block-group is-style-plain has-background has-theme-primary-background-color padding-top-thin padding-bottom-thin alignfull wp-block-eup-blocks-banner\">\r\n    <div class=\"banner-content-wrap alignwide\">\r\n    <div class=\"banner-content\" style=\"max-width: 800px\">\r\n        \n<?xml encoding=\"utf-8\" ?><h1 class=\"wp-block-heading has-text-align-left\" id=\"toc-foire-aux-questions\">Foire aux questions<\/h1>\n\n\n\n<p><\/p>\n\n\n\n<div class=\"wp-block-buttons is-layout-flex wp-block-buttons-is-layout-flex\"><\/div>\n\n    <\/div>\r\n<\/div><\/div>\n\n<?xml encoding=\"utf-8\" ?><h2 class=\"wp-block-heading has-text-align-center has-text-align-center\" id=\"toc-foire-aux-questions-1\">Foire aux questions<\/h2>\n\n\n\n<p>Vous trouverez ici les r\u00e9ponses aux questions les plus fr\u00e9quentes des propri\u00e9taires Habitat. Si vous avez une question qui ne trouve pas de r\u00e9ponse ici, veuillez envoyer un courriel \u00e0 <strong><a href=\"mailto:homeownerservices@habitatgo.ca\" target=\"_blank\" rel=\"noreferrer noopener\">homeownerservices@habitatgo.ca<\/a><\/strong> pour plus d&rsquo;informations.  <\/p>\n\n\n\n<div class=\"wp-block-eup-blocks-accordion-tab-container alignwide accordion-tab-container accordion-container\" id=\"accordion-tabs-523d767d\" data-type=\"accordion\" data-style=\"\" data-allow-multiple=\"false\"><div id=\"accordion-tabs-523d767d-tabs\" class=\"tab-headers\"><\/div><div id=\"accordion-tabs-523d767d-tab-content\" class=\"tab-contents\"><div class=\"accordion-tab-item wp-block-eup-blocks-accordion-tab-item accordion-tab-item wp-block-eup-blocks-accordion-tab-item\" data-labelledby=\"tab-item-5mflbmjd4\">\r\n    <div id=\"tab-item-5mflbmjd4\" class=\"tab-header\">\r\n                <div class=\"tab-label\">\r\n            Comment les demandes sont-elles examin\u00e9es?        <\/div>\r\n    <\/div>\r\n    <div class=\"tab-content\" data-labelledby=\"tab-item-5mflbmjd4\">\r\n        \n\n<p>Les demandes sont examin\u00e9es afin de d\u00e9terminer leur admissibilit\u00e9 en fonction de trois crit\u00e8res de base: <\/p>\n\n\n\n<ol class=\"wp-block-list\">\n<li>La capacit\u00e9 des demandeurs \u00e0 effectuer des versements mensuels abordables sur l\u2019hypoth\u00e8que <\/li>\n\n\n\n<li>Le besoin global de logement du demandeur <\/li>\n\n\n\n<li>La volont\u00e9 du demandeur de contribuer des heures de b\u00e9n\u00e9volat et de s\u2019associer \u00e0 Habitat Grand Ottawa; <\/li>\n<\/ol>\n\n\n\n<p>Les familles doivent satisfaire aux crit\u00e8res d\u2019admissibilit\u00e9 suivants pour \u00eatre admissibles \u00e0 une maison Habitat:<\/p>\n\n\n\n<ul class=\"wp-block-list\">\n<li>Un revenu total du m\u00e9nage suffisant pour couvrir le co\u00fbt de l\u2019accession \u00e0 la propri\u00e9t\u00e9 Habitat;<\/li>\n\n\n\n<li>Citoyen canadien ou r\u00e9sident permanent;<\/li>\n\n\n\n<li>Doit \u00eatre un primo-acc\u00e9dant et locataire actuel* ;<\/li>\n\n\n\n<li>Au moins un adulte dans le m\u00e9nage avec un minimum de 2 ans d&rsquo;historique d&#8217;emploi \u00e0 temps plein au Canada ;<\/li>\n\n\n\n<li>Aucune faillite r\u00e9cente. Nous exigeons 3 ans \u00e0 partir d&rsquo;une lib\u00e9ration de faillite ou de proposition de consommateur ; <\/li>\n\n\n\n<li>Vivre quelque part qui ne r\u00e9pond pas aux besoins de la famille ; et<\/li>\n\n\n\n<li>Capable et dispos\u00e9 \u00e0 contribuer 500 heures de b\u00e9n\u00e9volat sur le site de construction ou avec d&rsquo;autres projets Habitat et activit\u00e9s communautaires.<\/li>\n<\/ul>\n\n\n\n<p class=\"has-text-size-small\">*Les exigences de revenu total du m\u00e9nage peuvent diff\u00e9rer selon le type de construction et l&#8217;emplacement.<\/p>\n\n\n\n<p class=\"has-text-size-small\">**<em>Vous \u00eates consid\u00e9r\u00e9 comme un acheteur d&rsquo;une premi\u00e8re maison si au cours des quatre derni\u00e8res ann\u00e9es (et jusqu&rsquo;\u00e0 pr\u00e9sent cette ann\u00e9e), vous n&rsquo;avez pas v\u00e9cu dans une maison que vous poss\u00e9diez, ou que votre \u00e9poux ou conjoint de fait poss\u00e9dait, comme r\u00e9sidence principale.<\/em><\/p>\n\n    <\/div>\r\n<\/div>\n\n<div class=\"accordion-tab-item wp-block-eup-blocks-accordion-tab-item accordion-tab-item wp-block-eup-blocks-accordion-tab-item\" data-labelledby=\"tab-item-dspbi0nvo\">\r\n    <div id=\"tab-item-dspbi0nvo\" class=\"tab-header\">\r\n                <div class=\"tab-label\">\r\n            Combien de temps faut-il pour faire une demande de maison Habitat?        <\/div>\r\n    <\/div>\r\n    <div class=\"tab-content\" data-labelledby=\"tab-item-dspbi0nvo\">\r\n        \n\n<p>Le processus de demande est approfondi et l\u2019examen peut prendre de 6 \u00e0 12 semaines. <\/p>\n\n    <\/div>\r\n<\/div>\n\n<div class=\"accordion-tab-item wp-block-eup-blocks-accordion-tab-item accordion-tab-item wp-block-eup-blocks-accordion-tab-item\" data-labelledby=\"tab-item-dwqlquavh\">\r\n    <div id=\"tab-item-dwqlquavh\" class=\"tab-header\">\r\n                <div class=\"tab-label\">\r\n            Qu\u2019est-ce qui est impliqu\u00e9 dans les heures de b\u00e9n\u00e9volat?        <\/div>\r\n    <\/div>\r\n    <div class=\"tab-content\" data-labelledby=\"tab-item-dwqlquavh\">\r\n        \n\n<p>Habitat Grand Ottawa exige qu\u2019une famille biparentale s\u2019engage \u00e0 effectuer 500 heures de b\u00e9n\u00e9volat. Il n\u2019y a aucune compensation financi\u00e8re pour ces heures de b\u00e9n\u00e9volat. Les heures de b\u00e9n\u00e9volat s\u2019accumulent une fois que le demandeur a officiellement \u00e9t\u00e9 qualifi\u00e9 pour se joindre au programme d\u2019accession \u00e0 la propri\u00e9t\u00e9 abordable d\u2019Habitat.<br>Voici des exemples de la fa\u00e7on d\u2019accumuler des heures de b\u00e9n\u00e9volat&nbsp;: travailler sur le chantier de construction d\u2019Habitat pour construire sa propre maison ou celle des autres; participer \u00e0 la campagne m\u00e9diatique et aux \u00e9v\u00e9nements de collecte de fonds d\u2019Habitat; travail de bureau; b\u00e9n\u00e9volat dans nos ReStores; participer \u00e0 des ateliers de formation des propri\u00e9taires ainsi qu\u2019au b\u00e9n\u00e9volat communautaire local. Les enfants peuvent contribuer aux heures de b\u00e9n\u00e9volat, par exemple par le biais d\u2019art, d\u2019artisanat et d\u2019activit\u00e9s.<br>Jusqu\u2019\u00e0 cinq membres de la famille suppl\u00e9mentaires autres que ceux qui r\u00e9sideront dans la maison et\/ou des amis peuvent \u00e9galement contribuer aux heures requises. Les partenaires qualifi\u00e9s sont jumel\u00e9s \u00e0 des mentors familiaux qui aident les partenaires qualifi\u00e9s \u00e0 effectuer les heures de b\u00e9n\u00e9volat et la formation en accession \u00e0 la propri\u00e9t\u00e9.    <\/p>\n\n    <\/div>\r\n<\/div>\n\n<div class=\"accordion-tab-item wp-block-eup-blocks-accordion-tab-item accordion-tab-item wp-block-eup-blocks-accordion-tab-item\" data-labelledby=\"tab-item-okwy59hsw\">\r\n    <div id=\"tab-item-okwy59hsw\" class=\"tab-header\">\r\n                <div class=\"tab-label\">\r\n            Quel est le montant des versements mensuels pour l\u2019accession \u00e0 la propri\u00e9t\u00e9?        <\/div>\r\n    <\/div>\r\n    <div class=\"tab-content\" data-labelledby=\"tab-item-okwy59hsw\">\r\n        \n\n<p>Les versements hypoth\u00e9caires mensuels sont adapt\u00e9s \u00e0 au plus 30&nbsp;% du revenu du m\u00e9nage, ce qui comprend le versement hypoth\u00e9caire, les imp\u00f4ts fonciers et les frais de condo, le cas \u00e9ch\u00e9ant.<\/p>\n\n    <\/div>\r\n<\/div>\n\n<div class=\"accordion-tab-item wp-block-eup-blocks-accordion-tab-item accordion-tab-item wp-block-eup-blocks-accordion-tab-item\" data-labelledby=\"tab-item-uxhvue6kx\">\r\n    <div id=\"tab-item-uxhvue6kx\" class=\"tab-header\">\r\n                <div class=\"tab-label\">\r\n            Comment fonctionne l\u2019hypoth\u00e8que?        <\/div>\r\n    <\/div>\r\n    <div class=\"tab-content\" data-labelledby=\"tab-item-uxhvue6kx\">\r\n        \n<?xml encoding=\"utf-8\" ?><h3 class=\"wp-block-heading has-text-align-left\" id=\"toc-modele-hypothecaire-mixte\">Mod&egrave;le hypoth&eacute;caire mixte<\/h3>\n\n\n\n<p>Les familles Habitat ach\u00e8teront leur maison \u00e0 la juste valeur marchande gr\u00e2ce \u00e0 deux hypoth\u00e8ques abordables. La premi\u00e8re est une hypoth\u00e8que portant int\u00e9r\u00eat qui proviendra d\u2019une institution financi\u00e8re travaillant en partenariat avec Habitat, et la deuxi\u00e8me est une hypoth\u00e8que sans int\u00e9r\u00eat fournie par Habitat. <\/p>\n\n\n\n<p>Ce nouveau mod\u00e8le permettra d\u2019am\u00e9liorer les avantages \u00e0 long terme pour les familles, tout en garantissant qu\u2019Habitat pour l\u2019humanit\u00e9 puisse continuer \u00e0 servir encore plus de familles locales de mani\u00e8re durable et efficace.<\/p>\n\n\n\n<p><strong>Avantages du mod\u00e8le hypoth\u00e9caire mixte<\/strong><\/p>\n\n\n\n<ul class=\"wp-block-list\">\n<li>Les familles approuv\u00e9es dans notre programme s\u2019associent \u00e0 Habitat pour acheter leur maison \u00e0 la juste valeur marchande.<\/li>\n\n\n\n<li>Les versements hypoth\u00e9caires mensuels abordables sont plafonn\u00e9s \u00e0 30&nbsp;% du revenu du m\u00e9nage.<\/li>\n\n\n\n<li>Il n\u2019y a aucun acompte requis, ce qui \u00e9limine un obstacle important \u00e0 l\u2019accession \u00e0 la propri\u00e9t\u00e9 pour de nombreuses familles.<\/li>\n\n\n\n<li>Le mod\u00e8le permet aux propri\u00e9taires de se constituer un historique de cr\u00e9dit formel gr\u00e2ce \u00e0 une hypoth\u00e8que partielle portant int\u00e9r\u00eat fournie par une institution financi\u00e8re, ce qui permet aux familles de passer plus facilement \u00e0 l\u2019accession \u00e0 la propri\u00e9t\u00e9 sur le march\u00e9 si elles le souhaitent.<\/li>\n\n\n\n<li>Une hypoth\u00e8que partielle sans int\u00e9r\u00eat d\u00e9tenue par Habitat assure un acc\u00e8s abordable continu pour les propri\u00e9taires.<\/li>\n\n\n\n<li>Les d\u00e9penses telles que les services publics, les imp\u00f4ts fonciers, l\u2019assurance habitation et les autres besoins du m\u00e9nage sont la responsabilit\u00e9 de la famille.<\/li>\n<\/ul>\n\n\n\n<p>Notre programme d\u2019accession \u00e0 la propri\u00e9t\u00e9 abordable offre plus que de simples logements; il permet aux familles de devenir des propri\u00e9taires prosp\u00e8res qui investissent dans leur maison et dans leur communaut\u00e9.<\/p>\n\n    <\/div>\r\n<\/div>\n\n<div class=\"accordion-tab-item wp-block-eup-blocks-accordion-tab-item accordion-tab-item wp-block-eup-blocks-accordion-tab-item\" data-labelledby=\"tab-item-g8wbh69xe\">\r\n    <div id=\"tab-item-g8wbh69xe\" class=\"tab-header\">\r\n                <div class=\"tab-label\">\r\n            Quels sont vos projets de construction actuels et futurs?        <\/div>\r\n    <\/div>\r\n    <div class=\"tab-content\" data-labelledby=\"tab-item-g8wbh69xe\">\r\n        \n\n<p>Nous avons r\u00e9cemment commenc\u00e9 la construction d&rsquo;un duplex de 2 unit\u00e9s dans notre communaut\u00e9 existante de Nantes. <a href=\"https:\/\/habitatgo.com\/fr\/project\/amenagement-de-nantes\/\" data-wpel-link=\"internal\">Cliquez ici pour plus d&rsquo;informations sur le d\u00e9veloppement de Nantes<\/a>. <\/p>\n\n\n\n<p><a href=\"https:\/\/habitatgo.ca\/homeownership\/past-builds\/\" data-type=\"link\" data-id=\"https:\/\/habitatgo.ca\/homeownership\/past-builds\/\" target=\"_blank\" rel=\"noopener external noreferrer\" data-wpel-link=\"external\">Cliquez ici pour voir les d\u00e9veloppements pr\u00e9c\u00e9dents<\/a>.<\/p>\n\n    <\/div>\r\n<\/div>\n\n<div class=\"accordion-tab-item wp-block-eup-blocks-accordion-tab-item accordion-tab-item wp-block-eup-blocks-accordion-tab-item\" data-labelledby=\"tab-item-i1l92i3uo\">\r\n    <div id=\"tab-item-i1l92i3uo\" class=\"tab-header\">\r\n                <div class=\"tab-label\">\r\n            Le revenu total doit-il \u00eatre d\u00e9clar\u00e9 ou seulement le revenu \u00e0 temps plein?        <\/div>\r\n    <\/div>\r\n    <div class=\"tab-content\" data-labelledby=\"tab-item-i1l92i3uo\">\r\n        \n\n<p>Habitat Grand Ottawa tient compte du revenu brut total du m\u00e9nage. Cela ne comprend pas les prestations fiscales pour enfants, la pension alimentaire pour enfants ou la pension alimentaire pour \u00e9poux. Les demandeurs doivent divulguer tous les revenus de tous les membres de la famille \u00e2g\u00e9s de 18&nbsp;ans et plus.  <\/p>\n\n    <\/div>\r\n<\/div>\n\n<div class=\"accordion-tab-item wp-block-eup-blocks-accordion-tab-item accordion-tab-item wp-block-eup-blocks-accordion-tab-item\" data-labelledby=\"tab-item-w0v5hufpj\">\r\n    <div id=\"tab-item-w0v5hufpj\" class=\"tab-header\">\r\n                <div class=\"tab-label\">\r\n            Y a-t-il un choix dans la conception de la maison?        <\/div>\r\n    <\/div>\r\n    <div class=\"tab-content\" data-labelledby=\"tab-item-w0v5hufpj\">\r\n        \n\n<p>Nous avons une conception de maison de base qui respecte les codes locaux de planification et de construction. Parfois, il peut y avoir une option de choisir une palette de couleurs sp\u00e9cifique pour la maison. Ce ne sont pas des maisons personnalis\u00e9es et elles sont livr\u00e9es telles quelles.  <\/p>\n\n    <\/div>\r\n<\/div>\n\n<div class=\"accordion-tab-item wp-block-eup-blocks-accordion-tab-item accordion-tab-item wp-block-eup-blocks-accordion-tab-item\" data-labelledby=\"tab-item-jyc68z3ik\">\r\n    <div id=\"tab-item-jyc68z3ik\" class=\"tab-header\">\r\n                <div class=\"tab-label\">\r\n            Combien y a-t-il de chambres?        <\/div>\r\n    <\/div>\r\n    <div class=\"tab-content\" data-labelledby=\"tab-item-jyc68z3ik\">\r\n        \n\n<p>Habitat Grand Ottawa construit g\u00e9n\u00e9ralement des maisons de deux, trois et quatre chambres.<\/p>\n\n    <\/div>\r\n<\/div>\n\n<div class=\"accordion-tab-item wp-block-eup-blocks-accordion-tab-item accordion-tab-item wp-block-eup-blocks-accordion-tab-item\" data-labelledby=\"tab-item-ujaci5281\">\r\n    <div id=\"tab-item-ujaci5281\" class=\"tab-header\">\r\n                <div class=\"tab-label\">\r\n            Si un propri\u00e9taire a des besoins d\u2019accessibilit\u00e9, en tiendra-t-on compte?        <\/div>\r\n    <\/div>\r\n    <div class=\"tab-content\" data-labelledby=\"tab-item-ujaci5281\">\r\n        \n\n<p>Selon le projet, nous pourrions \u00eatre en mesure de tenir compte des besoins sp\u00e9ciaux et de l\u2019accessibilit\u00e9.<\/p>\n\n    <\/div>\r\n<\/div>\n\n<div class=\"accordion-tab-item wp-block-eup-blocks-accordion-tab-item accordion-tab-item wp-block-eup-blocks-accordion-tab-item\" data-labelledby=\"tab-item-5dtythjh4\">\r\n    <div id=\"tab-item-5dtythjh4\" class=\"tab-header\">\r\n                <div class=\"tab-label\">\r\n            Les maisons ont-elles un sous-sol?        <\/div>\r\n    <\/div>\r\n    <div class=\"tab-content\" data-labelledby=\"tab-item-5dtythjh4\">\r\n        \n\n<p>La plupart des maisons en rang\u00e9e construites par Habitat ont un sous-sol, cela serait confirm\u00e9 une fois qu\u2019une construction est lib\u00e9r\u00e9e. Les maisons en rang\u00e9e superpos\u00e9es et les unit\u00e9s accessibles d\u2019Habitat ne comprennent pas toujours un sous-sol. <\/p>\n\n    <\/div>\r\n<\/div>\n\n<div class=\"accordion-tab-item wp-block-eup-blocks-accordion-tab-item accordion-tab-item wp-block-eup-blocks-accordion-tab-item\" data-labelledby=\"tab-item-dbsorcksa\">\r\n    <div id=\"tab-item-dbsorcksa\" class=\"tab-header\">\r\n                <div class=\"tab-label\">\r\n            Peut-on construire un ajout \u00e0 la maison?        <\/div>\r\n    <\/div>\r\n    <div class=\"tab-content\" data-labelledby=\"tab-item-dbsorcksa\">\r\n        \n\n<p>Des ajouts \u00e0 la maison peuvent \u00eatre construits par le propri\u00e9taire, mais seulement avec la permission d\u2019Habitat Grand Ottawa et avec les approbations n\u00e9cessaires et les permis de construction de la Ville d\u2019Ottawa, et seulement une fois que le titre a \u00e9t\u00e9 transf\u00e9r\u00e9 au propri\u00e9taire. Les projets de condos n\u00e9cessiteraient \u00e9galement l\u2019approbation du conseil d\u2019administration du condo. <\/p>\n\n    <\/div>\r\n<\/div>\n\n<div class=\"accordion-tab-item wp-block-eup-blocks-accordion-tab-item accordion-tab-item wp-block-eup-blocks-accordion-tab-item\" data-labelledby=\"tab-item-rtg2vbcn1\">\r\n    <div id=\"tab-item-rtg2vbcn1\" class=\"tab-header\">\r\n                <div class=\"tab-label\">\r\n            Puis-je vendre ma maison apr\u00e8s y avoir v\u00e9cu pendant quelques ann\u00e9es?        <\/div>\r\n    <\/div>\r\n    <div class=\"tab-content\" data-labelledby=\"tab-item-rtg2vbcn1\">\r\n        \n\n<p>Les propri\u00e9taires sont toujours en mesure de vendre leur maison, sous r\u00e9serve des conditions de leur convention d\u2019achat et de vente. Habitat Grand Ottawa a un premier droit de refus sur la maison, ce qui signifie qu\u2019Habitat doit \u00eatre avis\u00e9 en premier si un propri\u00e9taire souhaite vendre. <\/p>\n\n    <\/div>\r\n<\/div>\n\n<div class=\"accordion-tab-item wp-block-eup-blocks-accordion-tab-item accordion-tab-item wp-block-eup-blocks-accordion-tab-item\" data-labelledby=\"tab-item-os55gwsdu\">\r\n    <div id=\"tab-item-os55gwsdu\" class=\"tab-header\">\r\n                <div class=\"tab-label\">\r\n            La propri\u00e9t\u00e9 peut-elle \u00eatre laiss\u00e9e dans un testament?        <\/div>\r\n    <\/div>\r\n    <div class=\"tab-content\" data-labelledby=\"tab-item-os55gwsdu\">\r\n        \n\n<p>Oui, lorsque l\u2019hypoth\u00e8que Habitat a \u00e9t\u00e9 enti\u00e8rement pay\u00e9e. La maison peut \u00eatre laiss\u00e9e dans un testament comme n\u2019importe quelle autre maison. <\/p>\n\n    <\/div>\r\n<\/div>\n\n<div class=\"accordion-tab-item wp-block-eup-blocks-accordion-tab-item accordion-tab-item wp-block-eup-blocks-accordion-tab-item\" data-labelledby=\"tab-item-n5wz6sn7n\">\r\n    <div id=\"tab-item-n5wz6sn7n\" class=\"tab-header\">\r\n                <div class=\"tab-label\">\r\n            La faillite aura-t-elle une incidence sur une demande?        <\/div>\r\n    <\/div>\r\n    <div class=\"tab-content\" data-labelledby=\"tab-item-n5wz6sn7n\">\r\n        \n\n<p>Cela d\u00e9pend du moment de la faillite et du moment o\u00f9 le demandeur a soumis sa demande \u00e0 Habitat Grand Ottawa. Chaque condition sera \u00e9valu\u00e9e \u00e9quitablement et les circonstances de la faillite seront examin\u00e9es, mais une faillite plus r\u00e9cente n\u00e9cessitera une enqu\u00eate suppl\u00e9mentaire. <\/p>\n\n    <\/div>\r\n<\/div>\n\n<div class=\"accordion-tab-item wp-block-eup-blocks-accordion-tab-item accordion-tab-item wp-block-eup-blocks-accordion-tab-item\" data-labelledby=\"tab-item-a45fsbqc9\">\r\n    <div id=\"tab-item-a45fsbqc9\" class=\"tab-header\">\r\n                <div class=\"tab-label\">\r\n            Que faire si je n\u2019ai pas d\u2019ant\u00e9c\u00e9dents de cr\u00e9dit?        <\/div>\r\n    <\/div>\r\n    <div class=\"tab-content\" data-labelledby=\"tab-item-a45fsbqc9\">\r\n        \n\n<p>Au moins un demandeur a besoin d\u2019un historique de cr\u00e9dit formel.<\/p>\n\n    <\/div>\r\n<\/div>\n\n<div class=\"accordion-tab-item wp-block-eup-blocks-accordion-tab-item accordion-tab-item wp-block-eup-blocks-accordion-tab-item\" data-labelledby=\"tab-item-u6cov9r1d\">\r\n    <div id=\"tab-item-u6cov9r1d\" class=\"tab-header\">\r\n                <div class=\"tab-label\">\r\n            Aux fins de l\u2019obtention d\u2019un dossier de cr\u00e9dit, le relev\u00e9 des paiements sera-t-il enregistr\u00e9 aupr\u00e8s du Bureau de cr\u00e9dit?        <\/div>\r\n    <\/div>\r\n    <div class=\"tab-content\" data-labelledby=\"tab-item-u6cov9r1d\">\r\n        \n\n<p>Avec le programme de mod\u00e8le hypoth\u00e9caire mixte, la 1re hypoth\u00e8que sera soumise au Bureau de cr\u00e9dit. \u00c0 ce jour, les relev\u00e9s de paiement hypoth\u00e9caire d\u2019Habitat ne sont pas soumis au Bureau de cr\u00e9dit. <\/p>\n\n    <\/div>\r\n<\/div><\/div><\/div>\n\n\n\n<p><\/p>\n","protected":false},"excerpt":{"rendered":"<p>Foire aux questions Vous trouverez ici les r\u00e9ponses aux questions les plus fr\u00e9quentes des propri\u00e9taires Habitat. Si vous avez une question qui ne trouve pas de r\u00e9ponse ici, veuillez envoyer un courriel \u00e0 homeownerservices@habitatgo.ca pour plus d&rsquo;informations.<\/p>\n","protected":false},"author":1,"featured_media":0,"parent":4153,"menu_order":0,"comment_status":"closed","ping_status":"closed","template":"","meta":{"_acf_changed":false,"footnotes":""},"class_list":["post-4471","page","type-page","status-publish","hentry"],"better_featured_image":null,"acf":[],"_links":{"self":[{"href":"https:\/\/habitatgo.com\/fr\/wp-json\/wp\/v2\/pages\/4471","targetHints":{"allow":["GET"]}}],"collection":[{"href":"https:\/\/habitatgo.com\/fr\/wp-json\/wp\/v2\/pages"}],"about":[{"href":"https:\/\/habitatgo.com\/fr\/wp-json\/wp\/v2\/types\/page"}],"author":[{"embeddable":true,"href":"https:\/\/habitatgo.com\/fr\/wp-json\/wp\/v2\/users\/1"}],"replies":[{"embeddable":true,"href":"https:\/\/habitatgo.com\/fr\/wp-json\/wp\/v2\/comments?post=4471"}],"version-history":[{"count":5,"href":"https:\/\/habitatgo.com\/fr\/wp-json\/wp\/v2\/pages\/4471\/revisions"}],"predecessor-version":[{"id":5517,"href":"https:\/\/habitatgo.com\/fr\/wp-json\/wp\/v2\/pages\/4471\/revisions\/5517"}],"up":[{"embeddable":true,"href":"https:\/\/habitatgo.com\/fr\/wp-json\/wp\/v2\/pages\/4153"}],"wp:attachment":[{"href":"https:\/\/habitatgo.com\/fr\/wp-json\/wp\/v2\/media?parent=4471"}],"curies":[{"name":"wp","href":"https:\/\/api.w.org\/{rel}","templated":true}]}}