{"id":4429,"date":"2018-07-06T04:00:00","date_gmt":"2018-07-06T08:00:00","guid":{"rendered":"https:\/\/hfh-02.eproofs.ca\/gala-steel-toes-stilettos\/"},"modified":"2025-09-26T16:14:13","modified_gmt":"2025-09-26T20:14:13","slug":"gala-steel-toes-stilettos","status":"publish","type":"page","link":"https:\/\/habitatgo.com\/fr\/gala-steel-toes-stilettos\/","title":{"rendered":"Gala Steel toes &amp; stilettos"},"content":{"rendered":"<div class=\"wp-block-group is-style-background has-background has-theme-light-background-color padding-top-thick alignfull wp-block-eup-blocks-banner\">\r\n    <div class=\"banner-image-wrapper has-background-image\" style=\"background-image: url(https:\/\/habitatgo.com\/wp-content\/uploads\/2025\/09\/galaBanner2025-scaled-1-scaled.jpg); background-size: cover; background-position: 50% 50%\">\n    <img loading=\"lazy\" decoding=\"async\" width=\"1920\" height=\"768\" src=\"https:\/\/habitatgo.com\/wp-content\/uploads\/2025\/09\/galaBanner2025-scaled-1-scaled.jpg\" class=\"eup-block-banner-image\" alt=\"\" \/><\/div>\n<div class=\"banner-content-wrap alignwide\">\n    <div class=\"banner-content\" style=\"max-width: 600px\">\n        \n<?xml encoding=\"utf-8\" ?><h1 class=\"wp-block-heading has-text-align-left\" id=\"toc-\"><\/h1>\n\n\n\n<div style=\"height:100px\" aria-hidden=\"true\" class=\"wp-block-spacer\"><\/div>\n\n\n\n<p><\/p>\n\n\n\n<div class=\"wp-block-buttons is-layout-flex wp-block-buttons-is-layout-flex\"><\/div>\n\n    <\/div>\n<\/div><\/div>\n<div class=\"wp-block-group alignfull padding-top-thin padding-bottom-thin has-background has-theme-light-background-color has-background-size-cover has-background-resolution-full is-layout-constrained wp-block-group-is-layout-constrained\"><?xml encoding=\"utf-8\" ?><h1 class=\"wp-block-heading has-text-align-center has-text-align-center\" id=\"toc-rejoignez-nous-pour-le-20e-gala-annuel-steel-toes-stilettos\">Rejoignez-nous pour le 20<sup>e<\/sup> Gala annuel steel toes &amp; stilettos !<\/h1>\n\n\n\n<p>Habitat Grand Ottawa vous invite \u00e0 notre \u00e9v\u00e9nement le plus attendu de la saison ! <strong>Rejoignez-nous pour notre 20e Gala annuel le 8 novembre 2025<\/strong>, au <strong>Centre de congr\u00e8s Infinity<\/strong>. En c\u00e9l\u00e9bration de cet anniversaire d&rsquo;\u00e9meraude, les invit\u00e9s \u2014 incluant les leaders de l&rsquo;industrie et les influenceurs des secteurs priv\u00e9 et public du logement \u2014 vivront une soir\u00e9e inoubliable en c\u00e9l\u00e9bration de la construction d&rsquo;avenirs meilleurs et plus brillants pour les familles locales. <\/p>\n\n\n\n<p>Investir dans l&rsquo;accession \u00e0 la propri\u00e9t\u00e9 abordable offre aux entreprises comme la v\u00f4tre une opportunit\u00e9 de d\u00e9montrer un leadership en responsabilit\u00e9 sociale d&rsquo;entreprise tout en contribuant \u00e0 une soci\u00e9t\u00e9 plus saine et plus productive.<\/p>\n\n\n\n<p class=\"has-text-align-center\"><strong>Samedi 8 novembre 2025<\/strong><br\/><strong>Centre de congr\u00e8s Infinity<\/strong><br\/><strong>18h00 : Cocktails et r\u00e9seautage<\/strong><br\/><strong>19h30 : D\u00eener<\/strong><\/p>\n\n\n\n<div class=\"wp-block-buttons is-content-justification-center is-layout-flex wp-block-buttons-is-layout-flex\">\n<div class=\"wp-block-button has-inner-accent-background-color has-text-align-center\"><a class=\"wp-block-button__link has-text-align-center wp-element-button\" href=\"https:\/\/host.nxt.blackbaud.com\/registration-form\/?formId=c722488b-e582-415d-9dea-52f7e8268051&amp;envId=p-actzehFsPk-VDjbbFoy7pg&amp;zone=can\" target=\"_blank\" rel=\"noreferrer noopener external\" data-wpel-link=\"external\">Cliquez ici pour les billets du Gala !<\/a><\/div>\n<\/div>\n<\/div>\n\n<div class=\"wp-block-group alignfull padding-top-thin padding-bottom-thin has-background has-theme-light-background-color has-background-size-cover has-background-resolution-full is-layout-constrained wp-block-group-is-layout-constrained\"><?xml encoding=\"utf-8\" ?><h2 class=\"wp-block-heading has-text-align-left\" id=\"toc-rejoignez-nous-pour-une-celebration-demeraude\">Rejoignez-nous pour une c&eacute;l&eacute;bration d&rsquo;&eacute;meraude !<\/h2>\n\n\n\n<p>En parrainant le Gala de cette ann\u00e9e, vous soutenez la <strong>seule organisation caritative<\/strong> de la ville qui offre l&rsquo;accession \u00e0 la propri\u00e9t\u00e9 s\u00fbre, s\u00e9curis\u00e9e et abordable pour les familles locales. Il n&rsquo;est un secret pour personne qu&rsquo;il y a une crise du logement croissante et nous avons des plans ambitieux pour intensifier nos op\u00e9rations, \u00e9largir nos emplacements ReStore et construire plus de logements abordables pour plus de familles \u00e0 Ottawa et dans les communaut\u00e9s environnantes &#8211; <strong>mais nous avons besoin de votre aide<\/strong> ! En parrainant le Gala, vous ferez partie d&rsquo;une solution imm\u00e9diate et \u00e0 long terme pour s&rsquo;attaquer \u00e0 la crise locale du logement tout en alignant votre entreprise avec une organisation caritative locale de confiance et bien connue qui sert la communaut\u00e9 du Grand Ottawa depuis plus de 30 ans. <\/p>\n\n\n\n<p>Notre r\u00e9seau Habitat de supporters inclut des dizaines de milliers d&rsquo;individus \u00e0 travers de multiples plateformes. En devenant un Parrain du Gala, le nom ou le logo de votre entreprise sera mis en \u00e9vidence de fa\u00e7on pro\u00e9minente \u00e0 travers ces canaux en pr\u00e9paration et pendant l&rsquo;\u00e9v\u00e9nement. <\/p>\n\n\n\n<p><img loading=\"lazy\" decoding=\"async\" sizes=\"auto, (max-width: 913px) 100vw, 913px\" srcset=\"https:\/\/habitatgo.com\/wp-content\/uploads\/2025\/09\/gala_sponsorStats.png 913w, https:\/\/habitatgo.com\/wp-content\/uploads\/2025\/09\/gala_sponsorStats.png 300w, https:\/\/habitatgo.com\/wp-content\/uploads\/2025\/09\/gala_sponsorStats.png 768w, https:\/\/habitatgo.com\/wp-content\/uploads\/2025\/09\/gala_sponsorStats.png 600w\" width=\"913\" height=\"153\" src=\"https:\/\/habitatgo.com\/wp-content\/uploads\/2025\/09\/gala_sponsorStats.png\" alt=\"\"\/><br\/> <a href=\"https:\/\/habitatgo.com\/wp-content\/uploads\/2025\/06\/gala2025_SponsorshipPackage.pdf\" target=\"_blank\" rel=\"noopener external noreferrer\" data-wpel-link=\"external\"><br\/><\/a><\/p>\n\n\n\n<div class=\"wp-block-buttons is-content-justification-center is-layout-flex wp-block-buttons-is-layout-flex\">\n<div class=\"wp-block-button has-inner-accent-background-color has-text-align-center\"><a class=\"wp-block-button__link has-text-align-center wp-element-button\" href=\"https:\/\/habitatgo.com\/wp-content\/uploads\/2025\/06\/gala2025_SponsorshipPackage.pdf\" target=\"_blank\" rel=\"noreferrer noopener external\" data-wpel-link=\"external\">Cliquez ici pour devenir un Parrain du Gala !<\/a><\/div>\n<\/div>\n<\/div>\n\n<div class=\"wp-block-group alignwide padding-top-thin padding-bottom-thin has-background has-theme-light-background-color has-background-size-cover has-background-resolution-full is-layout-constrained wp-block-group-is-layout-constrained\">\n<div class=\"wp-block-columns alignwide has-column-gap-default is-layout-flex wp-block-columns-is-layout-flex\">\n<div class=\"wp-block-column is-vertically-aligned-center has-column-padding-none is-layout-flow wp-block-column-is-layout-flow\" style=\"flex-basis:50%\"><?xml encoding=\"utf-8\" ?><figure class=\"wp-block-image size-full is-style-rounded\" data-dynamic-alt=\"true\" data-dynamic-caption=\"true\" data-dynamic-title=\"true\" data-media-id=\"1147\"><img loading=\"lazy\" decoding=\"async\" width=\"1920\" height=\"1280\" src=\"https:\/\/habitatgo.com\/wp-content\/uploads\/2025\/09\/andrea.dennis.laughing-scaled.jpg\" alt=\"\" class=\"wp-image-1147\" title=\"andrea.dennis.laughing\"><\/figure><\/div>\n\n\n\n<div class=\"wp-block-column is-vertically-aligned-center has-column-padding-none is-layout-flow wp-block-column-is-layout-flow\">\n<blockquote class=\"wp-block-quote is-layout-flow wp-block-quote-is-layout-flow\">\n<p>\u00ab Il est si facile d&rsquo;avoir fait partie du mouvement Habitat cette derni\u00e8re d\u00e9cennie. Voir des familles travailleuses fi\u00e8res et engag\u00e9es \u00e0 construire une maison pour leur avenir et enrichir leurs nouvelles communaut\u00e9s avec leurs valeurs et exp\u00e9riences de vie qu&rsquo;elles apportent au programme Habitat. Plus sp\u00e9cifiquement, Laurin admire l&rsquo;initiative centrale et les objectifs communs d&rsquo;Habitat et des familles avec lesquelles ils travaillent. Nous construisons des projets vraiment merveilleux pour des clients exceptionnels, mais Habitat nous a donn\u00e9 une perspective plus large sur le travail acharn\u00e9, la sensibilisation et le r\u00eave d&rsquo;accession \u00e0 la propri\u00e9t\u00e9 pour ces familles qui est vraiment tr\u00e8s sp\u00e9cial. \u00bb<\/p>\n\n\n\n<p><cite>\u2013 Andrea Laurin, Sensibilisation communautaire, LAURIN.<\/cite><\/p>\n<\/blockquote>\n<\/div>\n<\/div>\n<\/div>\n\n<div class=\"wp-block-group alignfull padding-top-thin padding-bottom-thin has-background has-theme-light-background-color has-background-size-cover has-background-resolution-full is-layout-constrained wp-block-group-is-layout-constrained\">\n<figure class=\"wp-block-gallery alignwide has-nested-images columns-default has-gallery-style-carousel is-carousel-always has-desktop-columns-3 has-tablet-columns-2 has-mobile-columns-1 wp-block-gallery-1 is-layout-flex wp-block-gallery-is-layout-flex\" data-autoplay=\"true\" data-autoplay-timeout=\"3000\" data-loop=\"true\" data-dots=\"true\"><?xml encoding=\"utf-8\" ?><figure class=\"wp-block-image size-full\" data-dynamic-alt=\"true\" data-dynamic-caption=\"true\" data-dynamic-title=\"true\" data-media-id=\"1148\"><img loading=\"lazy\" decoding=\"async\" width=\"1920\" height=\"1280\" data-id=\"1148\" src=\"https:\/\/habitatgo.com\/wp-content\/uploads\/2025\/09\/DSC_8748-scaled.jpg\" alt=\"\" class=\"wp-image-1148\" title=\"DSC_8748\"><\/figure>\n\n<?xml encoding=\"utf-8\" ?><figure class=\"wp-block-image size-full\" data-dynamic-alt=\"true\" data-dynamic-caption=\"true\" data-dynamic-title=\"true\" data-media-id=\"1149\"><img loading=\"lazy\" decoding=\"async\" width=\"1920\" height=\"1280\" data-id=\"1149\" src=\"https:\/\/habitatgo.com\/wp-content\/uploads\/2025\/09\/DSC_8709-scaled.jpg\" alt=\"\" class=\"wp-image-1149\" title=\"DSC_8709\"><\/figure>\n\n<?xml encoding=\"utf-8\" ?><figure class=\"wp-block-image size-full\" data-dynamic-alt=\"true\" data-dynamic-caption=\"true\" data-dynamic-title=\"true\" data-media-id=\"1150\"><img loading=\"lazy\" decoding=\"async\" width=\"1920\" height=\"1280\" data-id=\"1150\" src=\"https:\/\/habitatgo.com\/wp-content\/uploads\/2025\/09\/DSC_8725-scaled.jpg\" alt=\"\" class=\"wp-image-1150\" title=\"DSC_8725\"><\/figure>\n\n<?xml encoding=\"utf-8\" ?><figure class=\"wp-block-image size-full\" data-dynamic-alt=\"true\" data-dynamic-caption=\"true\" data-dynamic-title=\"true\" data-media-id=\"1151\"><img loading=\"lazy\" decoding=\"async\" width=\"1920\" height=\"1280\" data-id=\"1151\" src=\"https:\/\/habitatgo.com\/wp-content\/uploads\/2025\/09\/DSC_8732-scaled.jpg\" alt=\"\" class=\"wp-image-1151\" title=\"DSC_8732\"><\/figure>\n\n<?xml encoding=\"utf-8\" ?><figure class=\"wp-block-image size-full\" data-dynamic-alt=\"true\" data-dynamic-caption=\"true\" data-dynamic-title=\"true\" data-media-id=\"1152\"><img loading=\"lazy\" decoding=\"async\" width=\"1920\" height=\"1280\" data-id=\"1152\" src=\"https:\/\/habitatgo.com\/wp-content\/uploads\/2025\/09\/DSC_8754-scaled.jpg\" alt=\"\" class=\"wp-image-1152\" title=\"DSC_8754\"><\/figure>\n\n<?xml encoding=\"utf-8\" ?><figure class=\"wp-block-image size-full\" data-dynamic-alt=\"true\" data-dynamic-caption=\"true\" data-dynamic-title=\"true\" data-media-id=\"1153\"><img loading=\"lazy\" decoding=\"async\" width=\"1920\" height=\"1280\" data-id=\"1153\" src=\"https:\/\/habitatgo.com\/wp-content\/uploads\/2025\/09\/DSC_8851-scaled.jpg\" alt=\"\" class=\"wp-image-1153\" title=\"DSC_8851\"><\/figure>\n\n<?xml encoding=\"utf-8\" ?><figure class=\"wp-block-image size-full\" data-dynamic-alt=\"true\" data-dynamic-caption=\"true\" data-dynamic-title=\"true\" data-media-id=\"1154\"><img loading=\"lazy\" decoding=\"async\" width=\"1920\" height=\"1280\" data-id=\"1154\" src=\"https:\/\/habitatgo.com\/wp-content\/uploads\/2025\/09\/DSC_8951-scaled.jpg\" alt=\"\" class=\"wp-image-1154\" title=\"DSC_8951\"><\/figure>\n\n<?xml encoding=\"utf-8\" ?><figure class=\"wp-block-image size-full\" data-dynamic-alt=\"true\" data-dynamic-caption=\"true\" data-dynamic-title=\"true\" data-media-id=\"1155\"><img loading=\"lazy\" decoding=\"async\" width=\"1920\" height=\"1280\" data-id=\"1155\" src=\"https:\/\/habitatgo.com\/wp-content\/uploads\/2025\/09\/DSC_8855-scaled.jpg\" alt=\"\" class=\"wp-image-1155\" title=\"DSC_8855\"><\/figure>\n\n<?xml encoding=\"utf-8\" ?><figure class=\"wp-block-image size-full\" data-dynamic-alt=\"true\" data-dynamic-caption=\"true\" data-dynamic-title=\"true\" data-media-id=\"1156\"><img loading=\"lazy\" decoding=\"async\" width=\"1920\" height=\"1280\" data-id=\"1156\" src=\"https:\/\/habitatgo.com\/wp-content\/uploads\/2025\/09\/DSC_8858-scaled.jpg\" alt=\"\" class=\"wp-image-1156\" title=\"DSC_8858\"><\/figure>\n\n<?xml encoding=\"utf-8\" ?><figure class=\"wp-block-image size-full\" data-dynamic-alt=\"true\" data-dynamic-caption=\"true\" data-dynamic-title=\"true\" data-media-id=\"1157\"><img loading=\"lazy\" decoding=\"async\" width=\"1920\" height=\"1280\" data-id=\"1157\" src=\"https:\/\/habitatgo.com\/wp-content\/uploads\/2025\/09\/DSC_8863-scaled.jpg\" alt=\"\" class=\"wp-image-1157\" title=\"DSC_8863\"><\/figure>\n\n<?xml encoding=\"utf-8\" ?><figure class=\"wp-block-image size-full\" data-dynamic-alt=\"true\" data-dynamic-caption=\"true\" data-dynamic-title=\"true\" data-media-id=\"1158\"><img loading=\"lazy\" decoding=\"async\" width=\"1920\" height=\"1280\" data-id=\"1158\" src=\"https:\/\/habitatgo.com\/wp-content\/uploads\/2025\/09\/DSC_8866-scaled.jpg\" alt=\"\" class=\"wp-image-1158\" title=\"DSC_8866\"><\/figure>\n\n<?xml encoding=\"utf-8\" ?><figure class=\"wp-block-image size-full\" data-dynamic-alt=\"true\" data-dynamic-caption=\"true\" data-dynamic-title=\"true\" data-media-id=\"1159\"><img loading=\"lazy\" decoding=\"async\" width=\"1920\" height=\"1280\" data-id=\"1159\" src=\"https:\/\/habitatgo.com\/wp-content\/uploads\/2025\/09\/DSC_8876-scaled.jpg\" alt=\"\" class=\"wp-image-1159\" title=\"DSC_8876\"><\/figure>\n\n<?xml encoding=\"utf-8\" ?><figure class=\"wp-block-image size-full\" data-dynamic-alt=\"true\" data-dynamic-caption=\"true\" data-dynamic-title=\"true\" data-media-id=\"1164\"><img loading=\"lazy\" decoding=\"async\" width=\"1920\" height=\"1280\" data-id=\"1164\" src=\"https:\/\/habitatgo.com\/wp-content\/uploads\/2025\/09\/volunteer.award_-scaled.jpg\" alt=\"\" class=\"wp-image-1164\" title=\"volunteer.award_\"><\/figure>\n\n<?xml encoding=\"utf-8\" ?><figure class=\"wp-block-image size-full\" data-dynamic-alt=\"true\" data-dynamic-caption=\"true\" data-dynamic-title=\"true\" data-media-id=\"1165\"><img loading=\"lazy\" decoding=\"async\" width=\"1920\" height=\"1280\" data-id=\"1165\" src=\"https:\/\/habitatgo.com\/wp-content\/uploads\/2025\/09\/DSC_8880-scaled.jpg\" alt=\"\" class=\"wp-image-1165\" title=\"DSC_8880\"><\/figure>\n\n<?xml encoding=\"utf-8\" ?><figure class=\"wp-block-image size-full\" data-dynamic-alt=\"true\" data-dynamic-caption=\"true\" data-dynamic-title=\"true\" data-media-id=\"1166\"><img loading=\"lazy\" decoding=\"async\" width=\"1920\" height=\"1280\" data-id=\"1166\" src=\"https:\/\/habitatgo.com\/wp-content\/uploads\/2025\/09\/DSC_8885-scaled.jpg\" alt=\"\" class=\"wp-image-1166\" title=\"DSC_8885\"><\/figure>\n\n<?xml encoding=\"utf-8\" ?><figure class=\"wp-block-image size-full\" data-dynamic-alt=\"true\" data-dynamic-caption=\"true\" data-dynamic-title=\"true\" data-media-id=\"1167\"><img loading=\"lazy\" decoding=\"async\" width=\"1920\" height=\"1280\" data-id=\"1167\" src=\"https:\/\/habitatgo.com\/wp-content\/uploads\/2025\/09\/DSC_8886-scaled.jpg\" alt=\"\" class=\"wp-image-1167\" title=\"DSC_8886\"><\/figure>\n\n<?xml encoding=\"utf-8\" ?><figure class=\"wp-block-image size-full\" data-dynamic-alt=\"true\" data-dynamic-caption=\"true\" data-dynamic-title=\"true\" data-media-id=\"1168\"><img loading=\"lazy\" decoding=\"async\" width=\"1920\" height=\"1280\" data-id=\"1168\" src=\"https:\/\/habitatgo.com\/wp-content\/uploads\/2025\/09\/DSC_8906-scaled.jpg\" alt=\"\" class=\"wp-image-1168\" title=\"DSC_8906\"><\/figure>\n\n<?xml encoding=\"utf-8\" ?><figure class=\"wp-block-image size-full\" data-dynamic-alt=\"true\" data-dynamic-caption=\"true\" data-dynamic-title=\"true\" data-media-id=\"1169\"><img loading=\"lazy\" decoding=\"async\" width=\"1920\" height=\"1280\" data-id=\"1169\" src=\"https:\/\/habitatgo.com\/wp-content\/uploads\/2025\/09\/DSC_8912-scaled.jpg\" alt=\"\" class=\"wp-image-1169\" title=\"DSC_8912\"><\/figure>\n\n<?xml encoding=\"utf-8\" ?><figure class=\"wp-block-image size-full\" data-dynamic-alt=\"true\" data-dynamic-caption=\"true\" data-dynamic-title=\"true\" data-media-id=\"1170\"><img loading=\"lazy\" decoding=\"async\" width=\"1280\" height=\"1920\" data-id=\"1170\" src=\"https:\/\/habitatgo.com\/wp-content\/uploads\/2025\/09\/DSC_8920-scaled.jpg\" alt=\"\" class=\"wp-image-1170\" title=\"DSC_8920\"><\/figure>\n\n<?xml encoding=\"utf-8\" ?><figure class=\"wp-block-image size-full\" data-dynamic-alt=\"true\" data-dynamic-caption=\"true\" data-dynamic-title=\"true\" data-media-id=\"1171\"><img loading=\"lazy\" decoding=\"async\" width=\"1920\" height=\"1280\" data-id=\"1171\" src=\"https:\/\/habitatgo.com\/wp-content\/uploads\/2025\/09\/DSC_8938-scaled.jpg\" alt=\"\" class=\"wp-image-1171\" title=\"DSC_8938\"><\/figure>\n\n<?xml encoding=\"utf-8\" ?><figure class=\"wp-block-image size-full\" data-dynamic-alt=\"true\" data-dynamic-caption=\"true\" data-dynamic-title=\"true\" data-media-id=\"1172\"><img loading=\"lazy\" decoding=\"async\" width=\"1920\" height=\"1280\" data-id=\"1172\" src=\"https:\/\/habitatgo.com\/wp-content\/uploads\/2025\/09\/DSC_8966-scaled.jpg\" alt=\"\" class=\"wp-image-1172\" title=\"DSC_8966\"><\/figure>\n\n<?xml encoding=\"utf-8\" ?><figure class=\"wp-block-image size-full\" data-dynamic-alt=\"true\" data-dynamic-caption=\"true\" data-dynamic-title=\"true\" data-media-id=\"1173\"><img loading=\"lazy\" decoding=\"async\" width=\"1920\" height=\"1280\" data-id=\"1173\" src=\"https:\/\/habitatgo.com\/wp-content\/uploads\/2025\/09\/speaker-scaled.jpg\" alt=\"\" class=\"wp-image-1173\" title=\"speaker\"><\/figure>\n\n<?xml encoding=\"utf-8\" ?><figure class=\"wp-block-image size-full\" data-dynamic-alt=\"true\" data-dynamic-caption=\"true\" data-dynamic-title=\"true\" data-media-id=\"1174\"><img loading=\"lazy\" decoding=\"async\" width=\"1920\" height=\"1280\" data-id=\"1174\" src=\"https:\/\/habitatgo.com\/wp-content\/uploads\/2025\/09\/DSC_9136-scaled.jpg\" alt=\"\" class=\"wp-image-1174\" title=\"DSC_9136\"><\/figure>\n\n<?xml encoding=\"utf-8\" ?><figure class=\"wp-block-image size-full\" data-dynamic-alt=\"true\" data-dynamic-caption=\"true\" data-dynamic-title=\"true\" data-media-id=\"1175\"><img loading=\"lazy\" decoding=\"async\" width=\"1920\" height=\"1280\" data-id=\"1175\" src=\"https:\/\/habitatgo.com\/wp-content\/uploads\/2025\/09\/DSC_9147-scaled.jpg\" alt=\"\" class=\"wp-image-1175\" title=\"DSC_9147\"><\/figure><\/figure>\n<\/div>\n<?xml encoding=\"utf-8\" ?><h2 class=\"wp-block-heading has-text-align-left\" id=\"toc-parrain-presentateur\">parrain pr&eacute;sentateur<\/h2>\n\n<figure class=\"wp-block-image\" data-dynamic-alt=\"true\" data-dynamic-caption=\"true\" data-dynamic-title=\"true\"><img decoding=\"async\" src=\"https:\/\/habitatgo.com\/wp-content\/uploads\/2025\/09\/Laurin__FULL-COLOUR-logo-scaled.jpg\" alt=\"Logo de Laurin General contractors, un parrain d'Habitat Grand Ottawa\"\/><\/figure>\n","protected":false},"excerpt":{"rendered":"<p>Rejoignez-nous pour le 20e Gala annuel steel toes &amp; stilettos ! Habitat Grand Ottawa vous invite \u00e0 notre \u00e9v\u00e9nement le plus attendu de la saison ! Rejoignez-nous pour notre 20e Gala annuel le 8 novembre 2025, au Centre de congr\u00e8s Infinity. En c\u00e9l\u00e9bration de cet anniversaire d&rsquo;\u00e9meraude, les invit\u00e9s \u2014 incluant les leaders de l&rsquo;industrie [&hellip;]<\/p>\n","protected":false},"author":1,"featured_media":4428,"parent":0,"menu_order":0,"comment_status":"closed","ping_status":"closed","template":"","meta":{"_acf_changed":false,"footnotes":""},"class_list":["post-4429","page","type-page","status-publish","has-post-thumbnail","hentry"],"better_featured_image":{"id":4428,"alt_text":"","caption":"","description":"","media_type":"image","media_details":{"width":1132,"height":747,"file":"2025\/09\/gala-boots-1.png","filesize":789478,"sizes":{"thumbnail":{"file":"gala-boots-1-150x150.png","width":150,"height":150,"mime-type":"image\/png","filesize":32010,"source_url":"https:\/\/habitatgo.com\/wp-content\/uploads\/2025\/09\/gala-boots-1-150x150.png"},"hero-banner":{"file":"gala-boots-1-1132x600.png","width":1132,"height":600,"mime-type":"image\/png","filesize":762968,"source_url":"https:\/\/habitatgo.com\/wp-content\/uploads\/2025\/09\/gala-boots-1-1132x600.png"},"hero-side":{"file":"gala-boots-1-960x600.png","width":960,"height":600,"mime-type":"image\/png","filesize":552376,"source_url":"https:\/\/habitatgo.com\/wp-content\/uploads\/2025\/09\/gala-boots-1-960x600.png"}},"image_meta":{"aperture":"0","credit":"","camera":"","caption":"","created_timestamp":"0","copyright":"","focal_length":"0","iso":"0","shutter_speed":"0","title":"","orientation":"0","keywords":[]}},"post":4429,"source_url":"https:\/\/habitatgo.com\/wp-content\/uploads\/2025\/09\/gala-boots-1.png"},"acf":[],"_links":{"self":[{"href":"https:\/\/habitatgo.com\/fr\/wp-json\/wp\/v2\/pages\/4429","targetHints":{"allow":["GET"]}}],"collection":[{"href":"https:\/\/habitatgo.com\/fr\/wp-json\/wp\/v2\/pages"}],"about":[{"href":"https:\/\/habitatgo.com\/fr\/wp-json\/wp\/v2\/types\/page"}],"author":[{"embeddable":true,"href":"https:\/\/habitatgo.com\/fr\/wp-json\/wp\/v2\/users\/1"}],"replies":[{"embeddable":true,"href":"https:\/\/habitatgo.com\/fr\/wp-json\/wp\/v2\/comments?post=4429"}],"version-history":[{"count":1,"href":"https:\/\/habitatgo.com\/fr\/wp-json\/wp\/v2\/pages\/4429\/revisions"}],"predecessor-version":[{"id":4467,"href":"https:\/\/habitatgo.com\/fr\/wp-json\/wp\/v2\/pages\/4429\/revisions\/4467"}],"wp:featuredmedia":[{"embeddable":true,"href":"https:\/\/habitatgo.com\/fr\/wp-json\/wp\/v2\/media\/4428"}],"wp:attachment":[{"href":"https:\/\/habitatgo.com\/fr\/wp-json\/wp\/v2\/media?parent=4429"}],"curies":[{"name":"wp","href":"https:\/\/api.w.org\/{rel}","templated":true}]}}