{"id":4314,"date":"2017-06-01T04:00:00","date_gmt":"2017-06-01T08:00:00","guid":{"rendered":"https:\/\/hfh-02.eproofs.ca\/ce-que-nous-acceptons\/"},"modified":"2025-09-25T12:05:16","modified_gmt":"2025-09-25T16:05:16","slug":"ce-que-nous-acceptons","status":"publish","type":"page","link":"https:\/\/habitatgo.com\/fr\/restore-ottawa\/ce-que-nous-acceptons\/","title":{"rendered":"Ce que nous acceptons"},"content":{"rendered":"<div class=\"wp-block-group is-style-side has-background has-theme-primary-background-color padding-top-standard padding-bottom-standard content-side-left alignfull wp-block-eup-blocks-banner\">\r\n    <div class=\"banner-image-wrapper has-background-image\">\r\n    <img loading=\"lazy\" decoding=\"async\" width=\"800\" height=\"533\" src=\"https:\/\/habitatgo.com\/wp-content\/uploads\/2025\/09\/restore-volunteer.jpg\" class=\"eup-block-banner-image\" alt=\"\" \/><\/div>\r\n<div class=\"banner-content-wrap\">\r\n    <div class=\"banner-content\">\r\n        \n<?xml encoding=\"utf-8\" ?><h1 class=\"wp-block-heading has-text-align-left\" id=\"toc-restore-ce-que-nous-acceptons\">ReStore &#8211; ce que nous acceptons<\/h1>\n\n\n\n<div class=\"wp-block-buttons is-layout-flex wp-block-buttons-is-layout-flex\">\n<div class=\"wp-block-button has-inner-accent-background-color has-text-align-center\"><a class=\"wp-block-button__link has-text-align-center wp-element-button\" href=\"https:\/\/habitatgo.com\/restore\/#locations\" data-wpel-link=\"external\" target=\"_blank\" rel=\"external noopener noreferrer\">Emplacements des magasins<\/a><\/div>\n\n\n\n<div class=\"wp-block-button is-style-outline has-inner-accent-background-color has-text-align-center is-style-outline--1\"><a class=\"wp-block-button__link has-text-align-center wp-element-button\" href=\"https:\/\/habitatgo.com\/restore\/restore-pick-up-form\/\" data-wpel-link=\"external\" target=\"_blank\" rel=\"external noopener noreferrer\">Planifier un ramassage<\/a><\/div>\n<\/div>\n\n    <\/div>\r\n<\/div><\/div>\n<div class=\"wp-block-group alignwide has-background has-theme-light-background-color has-background-size-cover has-background-resolution-full is-layout-constrained wp-block-group-is-layout-constrained\">\n<div class=\"wp-block-columns alignwide has-column-gap-default is-layout-flex wp-block-columns-is-layout-flex\">\n<div class=\"wp-block-column is-vertically-aligned-center has-column-padding-none is-layout-flow wp-block-column-is-layout-flow\"><?xml encoding=\"utf-8\" ?><figure class=\"wp-block-image alignfull size-full is-style-rounded\" data-dynamic-alt=\"true\" data-dynamic-title=\"true\" data-media-id=\"1981\"><img loading=\"lazy\" decoding=\"async\" width=\"900\" height=\"600\" src=\"https:\/\/habitatgo.com\/wp-content\/uploads\/2025\/09\/CAON-22-HMD-5.jpg\" alt=\"\" class=\"wp-image-1981\" title=\"Ontario ReStore\"><\/figure><\/div>\n\n\n\n<div class=\"wp-block-column has-column-padding-thin is-layout-flow wp-block-column-is-layout-flow\"><?xml encoding=\"utf-8\" ?><h2 class=\"wp-block-heading has-text-align-left\" id=\"toc-faire-un-don-a-restore\">Faire un don &agrave; ReStore<\/h2>\n\n\n\n<p>Les magasins ReStore acceptent des mat\u00e9riaux de r\u00e9novation et de construction neufs et l\u00e9g\u00e8rement usag\u00e9s, ainsi que des articles de d\u00e9coration int\u00e9rieure provenant de d\u00e9taillants, fabricants, entrepreneurs, r\u00e9novateurs et du grand public. Les dons sont les bienvenus dans tous nos emplacements pendant nos heures d&rsquo;ouverture habituelles. <a href=\"https:\/\/habitatgo.vonigo.com\/external\/\" target=\"_blank\" rel=\"noopener external noreferrer\" data-wpel-link=\"external\"><strong>Veuillez cliquer ici pour planifier un d\u00e9p\u00f4t ou un ramassage de don<\/strong><\/a>. <\/p>\n\n\n\n<p>Vous \u00eates une entreprise souhaitant faire un don ? Envoyez un courriel \u00e0 <a href=\"mailto:donations@habitatgo.com\" target=\"_blank\" rel=\"noopener\"><strong>donations@habitatgo.com<\/strong><\/a>.  <\/p>\n\n\n\n<p><strong>REMARQUE : Bien que les magasins ReStore appr\u00e9cient toutes les offres de dons, il arrive parfois, en raison de l&rsquo;offre et de la demande, que nous cessions d&rsquo;accepter certains produits. Veuillez appeler avant de faire un don. <\/strong><\/p>\n<\/div>\n<\/div>\n\n\n\n<div class=\"wp-block-columns alignwide has-column-gap-default is-layout-flex wp-block-columns-is-layout-flex\">\n<div class=\"wp-block-column has-column-padding-default is-layout-flow wp-block-column-is-layout-flow\"><?xml encoding=\"utf-8\" ?><h3 class=\"wp-block-heading has-text-align-left\" id=\"toc-generalement-acceptes\">G&eacute;n&eacute;ralement accept&eacute;s<\/h3>\n\n\n\n<ul class=\"wp-block-list\">\n<li>Portes int\u00e9rieures et ext\u00e9rieures<\/li>\n\n\n\n<li>Fen\u00eatres r\u00e9centes avec vitrage thermique<\/li>\n\n\n\n<li>Accessoires et armoires de cuisine et de salle de bain<\/li>\n\n\n\n<li>Nouveaux mat\u00e9riaux de construction<\/li>\n\n\n\n<li>Articles m\u00e9nagers<\/li>\n\n\n\n<li>Luminaires fonctionnels (pas de fluorescents)<\/li>\n\n\n\n<li>Fournitures de quincaillerie, de plomberie et d&rsquo;\u00e9lectricit\u00e9 r\u00e9sidentielles<\/li>\n\n\n\n<li>Miroirs encadr\u00e9s<\/li>\n\n\n\n<li>Meubles en bois, en cuir et rembourr\u00e9s<\/li>\n\n\n\n<li>Produits saisonniers<\/li>\n\n\n\n<li>Outils<\/li>\n\n\n\n<li><strong>Dons d&rsquo;entreprises<\/strong>, y compris les articles l\u00e9g\u00e8rement endommag\u00e9s, les stocks discontinu\u00e9s et les retours clients<\/li>\n\n\n\n<li>Rev\u00eatements de sol : neufs uniquement, minimum 80 pieds carr\u00e9s <\/li>\n\n\n\n<li>Carrelage : neuf uniquement, minimum 50 pieds carr\u00e9s <\/li>\n\n\n\n<li>Gros et petits appareils \u00e9lectrom\u00e9nagers fonctionnels<\/li>\n\n\n\n<li>Lave-vaisselle (int\u00e9rieur en acier inoxydable)<\/li>\n\n\n\n<li>Appareils \u00e9lectroniques r\u00e9cents et fonctionnels (informations personnelles supprim\u00e9es)<\/li>\n<\/ul>\n<\/div>\n\n\n\n<div class=\"wp-block-column has-column-padding-default is-layout-flow wp-block-column-is-layout-flow\"><?xml encoding=\"utf-8\" ?><h3 class=\"wp-block-heading has-text-align-left\" id=\"toc-non-acceptes\">Non accept&eacute;s<\/h3>\n\n\n\n<ul class=\"wp-block-list\">\n<li>Toilettes usag\u00e9es<\/li>\n\n\n\n<li>V\u00eatements\/jouets provenant du public<\/li>\n\n\n\n<li>Articles sales, endommag\u00e9s, moisis, pourris ou rouill\u00e9s<\/li>\n\n\n\n<li>Mat\u00e9riaux de construction avec clous ou vis non retir\u00e9s<\/li>\n\n\n\n<li>Portes planes (sans relief)<\/li>\n\n\n\n<li>Moquette et rev\u00eatements de sol usag\u00e9s<\/li>\n\n\n\n<li>Peinture (provenant du public)<\/li>\n\n\n\n<li>Tous les couvre-fen\u00eatres int\u00e9rieurs<\/li>\n\n\n\n<li>Miroirs et vitres non encadr\u00e9s<\/li>\n\n\n\n<li>Portes de douche<\/li>\n\n\n\n<li>Ventilateurs de plafond usag\u00e9s<\/li>\n\n\n\n<li>D\u00e9chets m\u00e9nagers dangereux<\/li>\n\n\n\n<li>Matelas\/sommiers<\/li>\n\n\n\n<li>Baignoires usag\u00e9es<\/li>\n\n\n\n<li>Meubles de divertissement<\/li>\n\n\n\n<li>D\u00e9chets \u00e9lectroniques<\/li>\n<\/ul>\n<\/div>\n<\/div>\n<\/div>\n\n<div class=\"wp-block-group alignwide has-background has-theme-offset-background-color has-background-size-cover has-background-resolution-full is-layout-constrained wp-block-group-is-layout-constrained\"><?xml encoding=\"utf-8\" ?><h3 class=\"wp-block-heading has-text-align-left\" id=\"toc-autres-articles\">Autres articles<\/h3>\n\n\n\n<p class=\"has-text-size-large\">Voici une liste d&rsquo;organismes de bienfaisance et d&rsquo;entreprises locaux que vous pouvez contacter pour d&rsquo;autres articles \u00e0 donner :<\/p>\n\n\n<?xml encoding=\"utf-8\" ?><h3 class=\"wp-block-heading has-text-align-left\" id=\"toc-livres\">Livres<\/h3>\n\n\n\n<ul class=\"wp-block-list\">\n<li>Amis de la biblioth\u00e8que publique d&rsquo;Ottawa<\/li>\n<\/ul>\n\n\n<?xml encoding=\"utf-8\" ?><h3 class=\"wp-block-heading has-text-align-left\" id=\"toc-vetements-chaussures-accessoires-rideaux-linge-de-maison\">V&ecirc;tements, chaussures, accessoires, rideaux, linge de maison<\/h3>\n\n\n\n<ul class=\"wp-block-list\">\n<li>Association canadienne du diab\u00e8te, 1-800-505-5525<\/li>\n\n\n\n<li>Saint-Vincent de Paul<\/li>\n\n\n\n<li>La Mission d&rsquo;Ottawa<\/li>\n\n\n\n<li>Magasin d&rsquo;occasion de l&rsquo;Arm\u00e9e du Salut<\/li>\n\n\n\n<li>Banque de meubles d&rsquo;Ottawa, 613-240-6680<\/li>\n<\/ul>\n\n\n<?xml encoding=\"utf-8\" ?><h3 class=\"wp-block-heading has-text-align-left\" id=\"toc-instruments-de-musique\">Instruments de musique<\/h3>\n\n\n\n<ul class=\"wp-block-list\">\n<li><a href=\"https:\/\/orkidstra.ca\/donate\/\" target=\"_blank\" rel=\"noopener external noreferrer\" data-wpel-link=\"external\">OrKidstra<\/a><\/li>\n\n\n\n<li>Magasin d&rsquo;occasion de l&rsquo;Arm\u00e9e du Salut<\/li>\n\n\n\n<li><a href=\"http:\/\/www.instrumentsforafrica.com\/\" target=\"_blank\" rel=\"noopener external noreferrer\" data-wpel-link=\"external\">Instruments pour l&rsquo;Afrique<\/a><\/li>\n<\/ul>\n\n\n<?xml encoding=\"utf-8\" ?><h3 class=\"wp-block-heading has-text-align-left\" id=\"toc-dechets-menagers-dangereux-incluant-peinture-ampoules-fluorescentes-contenants-aerosols\">D&eacute;chets m&eacute;nagers dangereux (incluant peinture, ampoules fluorescentes, contenants a&eacute;rosols)<\/h3>\n\n\n\n<ul class=\"wp-block-list\">\n<li><a href=\"https:\/\/ottawa.ca\/en\/garbage-and-recycling\/hazardous-waste-and-special-items#section-bf1a7a79-9ca3-4c71-beed-593de44201b0\" target=\"_blank\" rel=\"noopener external noreferrer\" data-wpel-link=\"external\">Ville d&rsquo;Ottawa : \u00c9v\u00e9nements de collecte des d\u00e9chets m\u00e9nagers dangereux<\/a>. <\/li>\n<\/ul>\n<\/div>\n\n<p><\/p>\n","protected":false},"excerpt":{"rendered":"<p>Faire un don &agrave; ReStore Les magasins ReStore acceptent des mat\u00e9riaux de r\u00e9novation et de construction neufs et l\u00e9g\u00e8rement usag\u00e9s, ainsi que des articles de d\u00e9coration int\u00e9rieure provenant de d\u00e9taillants, fabricants, entrepreneurs, r\u00e9novateurs et du grand public. Les dons sont les bienvenus dans tous nos emplacements pendant nos heures d&rsquo;ouverture habituelles. Veuillez cliquer ici pour [&hellip;]<\/p>\n","protected":false},"author":1,"featured_media":0,"parent":4319,"menu_order":0,"comment_status":"closed","ping_status":"closed","template":"","meta":{"_acf_changed":false,"footnotes":""},"class_list":["post-4314","page","type-page","status-publish","hentry"],"better_featured_image":null,"acf":[],"_links":{"self":[{"href":"https:\/\/habitatgo.com\/fr\/wp-json\/wp\/v2\/pages\/4314","targetHints":{"allow":["GET"]}}],"collection":[{"href":"https:\/\/habitatgo.com\/fr\/wp-json\/wp\/v2\/pages"}],"about":[{"href":"https:\/\/habitatgo.com\/fr\/wp-json\/wp\/v2\/types\/page"}],"author":[{"embeddable":true,"href":"https:\/\/habitatgo.com\/fr\/wp-json\/wp\/v2\/users\/1"}],"replies":[{"embeddable":true,"href":"https:\/\/habitatgo.com\/fr\/wp-json\/wp\/v2\/comments?post=4314"}],"version-history":[{"count":1,"href":"https:\/\/habitatgo.com\/fr\/wp-json\/wp\/v2\/pages\/4314\/revisions"}],"predecessor-version":[{"id":4318,"href":"https:\/\/habitatgo.com\/fr\/wp-json\/wp\/v2\/pages\/4314\/revisions\/4318"}],"up":[{"embeddable":true,"href":"https:\/\/habitatgo.com\/fr\/wp-json\/wp\/v2\/pages\/4319"}],"wp:attachment":[{"href":"https:\/\/habitatgo.com\/fr\/wp-json\/wp\/v2\/media?parent=4314"}],"curies":[{"name":"wp","href":"https:\/\/api.w.org\/{rel}","templated":true}]}}