{"id":4308,"date":"2019-02-07T18:26:39","date_gmt":"2019-02-07T23:26:39","guid":{"rendered":"https:\/\/hfh-02.eproofs.ca\/a-propos-dhabitat-pour-lhumanite-du-grand-ottawa\/"},"modified":"2025-10-04T11:04:23","modified_gmt":"2025-10-04T15:04:23","slug":"a-propos-dhabitat-pour-lhumanite-du-grand-ottawa","status":"publish","type":"page","link":"https:\/\/habitatgo.com\/fr\/a-propos-dhabitat-pour-lhumanite-du-grand-ottawa\/","title":{"rendered":"\u00c0 propos d&rsquo;Habitat pour l&rsquo;humanit\u00e9 du Grand Ottawa"},"content":{"rendered":"<div class=\"wp-block-group is-style-background has-background has-theme-light-background-color padding-top-thick padding-bottom-thick alignfull wp-block-eup-blocks-banner\">\r\n    <div class=\"banner-image-wrapper has-background-image has-background-overlay has-overlay-opacity-50 has-overlay-fade-from-left\" style=\"background-image: url(https:\/\/habitatgo.com\/wp-content\/uploads\/2025\/10\/habitatBanner_aboutUs3.jpg); background-size: cover; background-position: 65% 26%\">\n    <img loading=\"lazy\" decoding=\"async\" width=\"1920\" height=\"800\" src=\"https:\/\/habitatgo.com\/wp-content\/uploads\/2025\/10\/habitatBanner_aboutUs3.jpg\" class=\"eup-block-banner-image\" alt=\"\" \/><\/div>\n<div class=\"banner-content-wrap alignwide\">\n    <div class=\"banner-content\" style=\"max-width: 500px\">\n        \n<?xml encoding=\"utf-8\" ?><h1 class=\"wp-block-heading has-text-align-left\" id=\"toc-a-propos-dhabitat-pour-lhumanite-du-grand-region-dottawa\">&Agrave; propos d&rsquo;Habitat pour l&rsquo;humanit&eacute; du Grand r&eacute;gion d&rsquo;Ottawa<\/h1>\n\n\n\n<p class=\"has-text-size-large\">En collaboration avec nos donateurs, nos sympathisants et nos partenaires, nous proposons aux familles d&rsquo;Ottawa une voie abordable vers l&rsquo;accession \u00e0 la propri\u00e9t\u00e9 \u2014 une solution permanente \u00e0 l&rsquo;instabilit\u00e9 du logement.<\/p>\n\n\n\n<div class=\"wp-block-buttons is-layout-flex wp-block-buttons-is-layout-flex\">\n<div class=\"wp-block-button has-inner-accent-background-color has-text-align-center\"><a class=\"wp-block-button__link has-text-align-center wp-element-button\" href=\"https:\/\/habitatgo.com\/fr\/a-propos-dhabitat-pour-lhumanite-du-grand-ottawa\/#who\" data-wpel-link=\"internal\">Qui sommes-nous<\/a><\/div>\n\n\n\n<div class=\"wp-block-button has-inner-accent-background-color has-text-align-center\"><a class=\"wp-block-button__link has-text-align-center wp-element-button\" href=\"https:\/\/habitatgo.com\/fr\/a-propos-dhabitat-pour-lhumanite-du-grand-ottawa\/notre-equipe\/\" data-wpel-link=\"internal\">Notre \u00e9quipe<\/a><\/div>\n<\/div>\n\n    <\/div>\n<\/div><\/div>\n\n\n<div class=\"wp-block-group alignfull animate-slide-top padding-top-thin padding-bottom-thin has-background has-theme-light-background-color has-background-size-cover has-background-resolution-full is-layout-constrained wp-block-group-is-layout-constrained\">\n<div class=\"wp-block-columns alignwide has-column-gap-default is-layout-flex wp-block-columns-is-layout-flex\">\n<div class=\"wp-block-column has-column-padding-default is-layout-flow wp-block-column-is-layout-flow\"><?xml encoding=\"utf-8\" ?><h2 class=\"wp-block-heading has-text-align-center has-text-align-center\" id=\"toc-notre-vision\">Notre vision<\/h2>\n\n\n\n<p class=\"has-text-align-center\">Un monde o\u00f9 chacun a un endroit d\u00e9cent et abordable pour vivre.<\/p>\n<\/div>\n\n\n\n<div class=\"wp-block-column has-column-padding-default is-layout-flow wp-block-column-is-layout-flow\"><?xml encoding=\"utf-8\" ?><h2 class=\"wp-block-heading has-text-align-center has-text-align-center\" id=\"toc-ce-que-nous-faisons\">Ce que nous faisons<\/h2>\n\n\n\n<p class=\"has-text-align-center\">Habitat pour l&rsquo;humanit\u00e9 la grande r\u00e9gion d&rsquo;Ottawa rassemble les gens pour construire des maisons, des communaut\u00e9s et de l&rsquo;espoir.<\/p>\n<\/div>\n<\/div>\n<\/div>\n\n\n\n<div class=\"wp-block-group alignfull animate-slide-top padding-top-thin padding-bottom-thin has-background has-theme-secondary-background-color has-background-size-cover has-background-resolution-full is-layout-constrained wp-block-group-is-layout-constrained\">\n<div class=\"wp-block-columns alignwide has-column-gap-default is-layout-flex wp-block-columns-is-layout-flex\" id=\"who\">\n<div class=\"wp-block-column has-column-padding-thin is-layout-flow wp-block-column-is-layout-flow\" style=\"flex-basis:33.33%\">\n<figure class=\"wp-block-image size-full is-style-rounded\" data-media-id=\"4657\"><img loading=\"lazy\" decoding=\"async\" width=\"800\" height=\"1500\" src=\"https:\/\/habitatgo.com\/wp-content\/uploads\/2025\/10\/habitatImage_aboutUs.jpg\" alt=\"Propri\u00e9taire d'une maison Habitat et sa famille dans la cuisine.\" class=\"wp-image-4657\" title=\"\"\/><\/figure>\n<\/div>\n\n\n\n<div class=\"wp-block-column is-vertically-aligned-center has-column-padding-thin is-layout-flow wp-block-column-is-layout-flow\" style=\"flex-basis:66.66%\" id=\"who\"><?xml encoding=\"utf-8\" ?><h3 class=\"wp-block-heading has-text-align-left\" id=\"toc-qui-sommes-nous\">Qui sommes-nous<\/h3>\n\n\n\n<p>En collaboration avec nos donateurs, nos sympathisants et nos partenaires, Habitat Greater Ottawa offre aux familles d&rsquo;Ottawa une voie abordable vers l&rsquo;accession \u00e0 la propri\u00e9t\u00e9 \u2014 une solution permanente \u00e0 l&rsquo;instabilit\u00e9 du logement.<\/p>\n\n\n\n<p>Depuis plus de 30 ans, nous sommes le <strong>seul<\/strong> organisme de bienfaisance local qui travaille directement avec la communaut\u00e9 pour offrir une voie durable vers l&rsquo;accession \u00e0 la propri\u00e9t\u00e9. Ensemble, nous construisons des maisons s\u00fbres, d\u00e9centes et abordables de fa\u00e7on permanente, donnant aux familles une v\u00e9ritable opportunit\u00e9 de b\u00e2tir une richesse g\u00e9n\u00e9rationnelle et de briser le cycle de l&rsquo;instabilit\u00e9 du logement. <\/p>\n\n\n\n<p>Gr\u00e2ce \u00e0 la construction innovante de maisons, aux r\u00e9parations et au financement, \u00e0 la formation professionnelle et \u00e0 la d\u00e9fense des droits, Habitat for Humanity Greater Ottawa rassemble les gens pour construire des maisons, des communaut\u00e9s et de l&rsquo;espoir.<\/p>\n\n\n\n<p>Nous exploitons \u00e9galement l&rsquo;une des plus grandes et des plus anciennes entreprises sociales d&rsquo;Ottawa, le <strong>ReStore<\/strong>, un magasin \u00e0 rayons local offrant des meubles, des articles de d\u00e9coration, des v\u00eatements et des mat\u00e9riaux de construction abordables et de haute qualit\u00e9. Nous acceptons \u00e9galement les dons d&rsquo;articles m\u00e9nagers neufs et l\u00e9g\u00e8rement usag\u00e9s du public et de partenaires corporatifs. Le ReStore est ouvert au public \u00e0 Stittsville (3 Iber Road), Train Yards (768 Belfast Road) et Hintonburg (250 City Centre Avenue, unit\u00e9 no 118).  <\/p>\n\n\n\n<p>Tous les profits g\u00e9n\u00e9r\u00e9s retournent directement \u00e0 Habitat Greater Ottawa, aidant ainsi plus de familles \u00e0 acc\u00e9der \u00e0 un logement s\u00fbr et d\u00e9cent.<\/p>\n<\/div>\n<\/div>\n<\/div>\n\n\n\n<div class=\"wp-block-group alignfull animate-slide-top has-background has-theme-offset-background-color has-background-size-cover has-background-resolution-full is-layout-constrained wp-block-group-is-layout-constrained\"><?xml encoding=\"utf-8\" ?><h2 class=\"wp-block-heading has-text-align-center has-text-align-center\" id=\"toc-nos-valeurs\">Nos valeurs<\/h2>\n\n\n\n<div class=\"wp-block-eup-blocks-cards alignwide cards--wrapper is-carousel-tablet gutter-margin graphic-icon orientation-vertical alignment-center design-standard size-desktop-1_3 size-tablet-1_2 size-mobile-1_1 title-size-h4 content-size-large meta-size-small card-color-light\" data-loop=\"false\" data-nav=\"true\" data-dots=\"false\"><div class=\"cards--inner\">\n<div class=\"wp-block-eup-blocks-card card--wrapper has-background has-theme-light-background-color\"><div class=\"card-image--wrapper\"><img decoding=\"async\" class=\"card-image\" src=\"https:\/\/habitatgo.com\/wp-content\/uploads\/2025\/09\/diversity.png\" alt=\"Drawing of two people high fiving as the image for our Embrace Diversity Value.\" data-id=\"960\"\/><\/div><div class=\"card-content\"><div class=\"card-title\">Adopter la diversit\u00e9<\/div><div class=\"card-desc\">Promouvoir une culture d&rsquo;inclusion<\/div><\/div><\/div>\n\n\n\n<div class=\"wp-block-eup-blocks-card card--wrapper has-background has-theme-light-background-color\"><div class=\"card-image--wrapper\"><img decoding=\"async\" class=\"card-image\" src=\"https:\/\/habitatgo.com\/wp-content\/uploads\/2025\/09\/teamwork.png\" alt=\"Drawing of three people with a word bubble above their heads as the image for our Work Together Value.\" data-id=\"961\"\/><\/div><div class=\"card-content\"><div class=\"card-title\">Travailler ensemble<\/div><div class=\"card-desc\">Collaborer et encourager le travail d&rsquo;\u00e9quipe dans tous les aspects de notre organisation<\/div><\/div><\/div>\n\n\n\n<div class=\"wp-block-eup-blocks-card card--wrapper has-background has-theme-light-background-color\"><div class=\"card-image--wrapper\"><img decoding=\"async\" class=\"card-image\" src=\"https:\/\/habitatgo.com\/wp-content\/uploads\/2025\/09\/compassion.png\" alt=\"Drawing of a pink heart as the image for our Be Compassionate Value.\" data-id=\"962\"\/><\/div><div class=\"card-content\"><div class=\"card-title\">\u00catre compatissant<\/div><div class=\"card-desc\">Pratiquer l&#8217;empathie et cr\u00e9er des opportunit\u00e9s d&rsquo;autonomisation pour les autres<\/div><\/div><\/div>\n\n\n\n<div class=\"wp-block-eup-blocks-card card--wrapper has-background has-theme-light-background-color\"><div class=\"card-image--wrapper\"><img decoding=\"async\" class=\"card-image\" src=\"https:\/\/habitatgo.com\/wp-content\/uploads\/2025\/09\/gobeyond.png\" alt=\"Drawing of a head with a light bulb in the middle of the head as the image for our Go Beyond Value.\" data-id=\"963\"\/><\/div><div class=\"card-content\"><div class=\"card-title\">Aller au-del\u00e0<\/div><div class=\"card-desc\">Viser l&rsquo;excellence et contribuer \u00e0 la croissance, \u00e0 l&rsquo;am\u00e9lioration et aux nouvelles id\u00e9es<\/div><\/div><\/div>\n\n\n\n<div class=\"wp-block-eup-blocks-card card--wrapper has-background has-theme-light-background-color\"><div class=\"card-image--wrapper\"><img decoding=\"async\" class=\"card-image\" src=\"https:\/\/habitatgo.com\/wp-content\/uploads\/2025\/09\/gratitude.png\" alt=\"Cartoon of a person placing their hands on their heart with stars surrounding them as the image for our Practice Gratitude Value.\" data-id=\"964\"\/><\/div><div class=\"card-content\"><div class=\"card-title\">Pratiquer la gratitude<\/div><div class=\"card-desc\">Appr\u00e9cier l&rsquo;impact que les donateurs, les b\u00e9n\u00e9voles, le personnel et la communaut\u00e9 ont sur notre mission<\/div><\/div><\/div>\n\n\n\n<div class=\"wp-block-eup-blocks-card card--wrapper has-background has-theme-light-background-color\"><div class=\"card-image--wrapper\"><img decoding=\"async\" class=\"card-image\" src=\"https:\/\/habitatgo.com\/wp-content\/uploads\/2025\/09\/fun.png\" alt=\"Cartoon of a smiley face as the image for our Have Fun Value.\" data-id=\"965\"\/><\/div><div class=\"card-content\"><div class=\"card-title\">S&rsquo;amuser !<\/div><div class=\"card-desc\">Contribuer \u00e0 une atmosph\u00e8re positive et joyeuse et c\u00e9l\u00e9brer les succ\u00e8s de chacun<\/div><\/div><\/div>\n<\/div><\/div>\n<\/div>\n\n\n\n<div class=\"wp-block-group alignfull animate-slide-top has-background has-theme-light-background-color has-background-size-cover has-background-resolution-full is-layout-constrained wp-block-group-is-layout-constrained\"><?xml encoding=\"utf-8\" ?><h3 class=\"wp-block-heading has-text-align-left\" id=\"toc-reconnaissance-du-territoire\">Reconnaissance du territoire<\/h3>\n\n\n\n<p>Nous reconnaissons qu&rsquo;Habitat pour l&rsquo;humanit\u00e9 du Grand Ottawa se trouve sur le territoire traditionnel non c\u00e9d\u00e9 de la nation algonquine Anishinabe. Nous sommes reconnaissants d&rsquo;avoir l&rsquo;opportunit\u00e9 de travailler sur cette terre, et ce faisant, nous t\u00e9moignons de notre respect \u00e0 ses premiers habitants. Habitat du Grand Ottawa honore toutes les Premi\u00e8res Nations, les Inuits, les M\u00e9tis et tous les peuples autochtones et leurs pr\u00e9cieuses contributions pass\u00e9es, pr\u00e9sentes et futures au renforcement et \u00e0 la formation de nos communaut\u00e9s.  <\/p>\n<\/div>\n\n\n\n<div class=\"wp-block-group alignfull animate-slide-top has-background has-theme-offset-background-color has-background-size-cover has-background-resolution-full is-layout-constrained wp-block-group-is-layout-constrained\"><?xml encoding=\"utf-8\" ?><h3 class=\"wp-block-heading has-text-align-left\" id=\"toc-enonce-de-mission-du-comite-sur-la-diversite-lequite-et-linclusion\">&Eacute;nonc&eacute; de mission du comit&eacute; sur la diversit&eacute;, l&rsquo;&eacute;quit&eacute; et l&rsquo;inclusion<\/h3>\n\n\n\n<p>Chez Habitat du Grand Ottawa, nous nous engageons \u00e0 \u00e9liminer les obstacles et \u00e0 cr\u00e9er des communaut\u00e9s diversifi\u00e9es. Nous continuerons de nous efforcer de b\u00e2tir une culture inclusive qui encourage, soutient et c\u00e9l\u00e8bre les diverses voix de nos familles, de nos employ\u00e9s et de nos b\u00e9n\u00e9voles. <\/p>\n<\/div>\n\n\n\n<div class=\"wp-block-group alignfull animate-slide-top has-background has-theme-light-background-color has-background-size-cover has-background-resolution-full is-layout-constrained wp-block-group-is-layout-constrained\"><?xml encoding=\"utf-8\" ?><h3 class=\"wp-block-heading has-text-align-left\" id=\"toc-notre-plan-strategique\">Notre plan strat&eacute;gique<\/h3>\n\n\n\n<p>Notre conseil d&rsquo;administration a \u00e9tabli une feuille de route quinquennale pour nous aider \u00e0 accro\u00eetre notre rayonnement communautaire et \u00e0 servir davantage de familles chaque ann\u00e9e. L&rsquo;\u00e9quipe d&rsquo;Habitat du Grand Ottawa a des plans ambitieux pour augmenter le nombre de familles desservies. \u00c0 cette fin, le conseil d&rsquo;administration maintient un plan strat\u00e9gique quinquennal qui est mis \u00e0 jour chaque ann\u00e9e.  <\/p>\n\n\n\n<p>Le plan strat\u00e9gique quinquennal d&rsquo;Habitat du Grand Ottawa est mis \u00e0 jour chaque ann\u00e9e et s&rsquo;harmonise avec le plan strat\u00e9gique national d&rsquo;Habitat pour l&rsquo;humanit\u00e9 Canada autour des cinq piliers suivants : <strong>Innovation en mati\u00e8re de logement<\/strong> ; <strong>Performance optimale<\/strong> ; <strong>Mobilisation du leadership<\/strong> ; <strong>Engagement \u00e9pique<\/strong> et <strong>Financement durable<\/strong>.<\/p>\n<\/div>\n\n\n\n<div class=\"wp-block-group alignfull animate-slide-top has-background has-theme-offset-background-color has-background-size-cover has-background-resolution-full is-layout-constrained wp-block-group-is-layout-constrained\"><?xml encoding=\"utf-8\" ?><h3 class=\"wp-block-heading has-text-align-left\" id=\"toc-lhistoire-dhabitat-pour-lhumanite\">L&rsquo;histoire d&rsquo;Habitat pour l&rsquo;humanit&eacute;<\/h3>\n\n\n\n<p>Habitat pour l&rsquo;humanit\u00e9 a \u00e9t\u00e9 fond\u00e9 en 1976 \u00e0 Americus, en G\u00e9orgie, par Millard et Linda Fuller. L&rsquo;implication continue de l&rsquo;ancien pr\u00e9sident am\u00e9ricain Jimmy Carter et de son \u00e9pouse Rosalynn, par le biais du projet de travail Jimmy Carter qui a d\u00e9but\u00e9 en 1984, a permis de sensibiliser le monde entier \u00e0 notre organisation et \u00e0 son travail. Aujourd&rsquo;hui, Habitat pour l&rsquo;humanit\u00e9 est un v\u00e9ritable chef de file mondial dans la lutte contre la pauvret\u00e9 et le logement, et op\u00e8re dans 70 pays \u00e0 l&rsquo;\u00e9chelle internationale.  <\/p>\n\n\n\n<p><a href=\"http:\/\/www.habitat.org\/\" target=\"_blank\" rel=\"noopener external noreferrer\" data-wpel-link=\"external\">\n  <strong>Cliquez ici pour visiter le site Web d&rsquo;Habitat pour l&rsquo;humanit\u00e9 International<\/strong>\n<\/a> pour en savoir plus sur l&rsquo;histoire internationale d&rsquo;Habitat.<\/p>\n\n\n\n<div class=\"wp-block-eup-blocks-accordion-tab-container accordion-tab-container accordion-container\" id=\"accordion-tabs-070ea36f\" data-type=\"accordion\" data-style=\"\" data-allow-multiple=\"false\"><div id=\"accordion-tabs-070ea36f-tabs\" class=\"tab-headers\"><\/div><div id=\"accordion-tabs-070ea36f-tab-content\" class=\"tab-contents\"><div class=\"accordion-tab-item wp-block-eup-blocks-accordion-tab-item accordion-tab-item wp-block-eup-blocks-accordion-tab-item\" data-labelledby=\"tab-item-spy03pu1u\">\r\n    <div id=\"tab-item-spy03pu1u\" class=\"tab-header\">\r\n                <div class=\"tab-label\">\r\n            En savoir plus sur l&rsquo;histoire d&rsquo;Habitat pour l&rsquo;humanit\u00e9        <\/div>\r\n    <\/div>\r\n    <div class=\"tab-content\" data-labelledby=\"tab-item-spy03pu1u\">\r\n        \n\n<p>Fond\u00e9e en 1985, Habitat pour l&rsquo;humanit\u00e9 Canada est un organisme de bienfaisance national qui \u0153uvre pour un monde o\u00f9 chacun a un endroit d\u00e9cent et abordable o\u00f9 se sentir chez soi. Avec l&rsquo;aide de b\u00e9n\u00e9voles, de propri\u00e9taires Habitat et de 54 organismes Habitat locaux travaillant dans chaque province et territoire, nous fournissons une base solide pour une vie meilleure et plus saine au Canada et dans le monde entier.<a href=\"http:\/\/www.habitat.ca\/fr\" target=\"_blank\" rel=\"noopener external noreferrer\" data-wpel-link=\"external\"> <g id=\"gid_1\">Pour plus d&rsquo;informations, cliquez ici pour visiter le site Web d&rsquo;Habitat pour l&rsquo;humanit\u00e9 Canada<\/g><\/a>. <\/p>\n\n\n\n<p>Habitat for Humanity Greater Ottawa offre aux familles un acc\u00e8s s\u00fbr et abordable \u00e0 la propri\u00e9t\u00e9 depuis 1993 et a servi 104 familles locales au cours des 32 derni\u00e8res ann\u00e9es, incluant plus de 160 enfants. En tant qu&rsquo;organisme de bienfaisance ind\u00e9pendant \u00e0 but non lucratif dirig\u00e9 par un conseil d&rsquo;administration local, nous collaborons avec plus de 1 000 b\u00e9n\u00e9voles par ann\u00e9e et, avec les donateurs, la communaut\u00e9 et les futurs propri\u00e9taires, construisons des maisons s\u00fbres et abordables pour les familles locales. <\/p>\n\n\n\n<p>Habitat Greater Ottawa g\u00e8re l&rsquo;une des plus importantes et des plus anciennes entreprises sociales d&rsquo;Ottawa, ReStore, un d\u00e9taillant de style grand magasin qui accepte et revend des meubles, \u00e9lectrom\u00e9nagers, articles de d\u00e9coration, v\u00eatements et mat\u00e9riaux de construction pour l&rsquo;am\u00e9lioration domiciliaire neufs et l\u00e9g\u00e8rement usag\u00e9s, et plus encore, donn\u00e9s par des partenaires corporatifs et des membres de la communaut\u00e9. Le ReStore est ouvert au public et tous les profits du ReStore retournent directement au financement des op\u00e9rations d&rsquo;Habitat Greater Ottawa, aidant ainsi plus de familles \u00e0 acc\u00e9der \u00e0 un logement s\u00fbr, d\u00e9cent et abordable. <a href=\"https:\/\/habitatgo.com\/fr\/restore-ottawa\/\" data-type=\"link\" data-id=\"https:\/\/habitatgo.com\/restore\/\" data-wpel-link=\"internal\">Cliquez ici pour en savoir plus sur ReStore<\/a>.  <\/p>\n\n    <\/div>\r\n<\/div><\/div><\/div>\n\n\n<?xml encoding=\"utf-8\" ?><h5 class=\"wp-block-heading has-text-align-left\" id=\"toc-les-rapports-de-conformite-en-matiere-daccessibilite-sont-disponibles-sur-demande\">Les rapports de conformit&eacute; en mati&egrave;re d&rsquo;accessibilit&eacute; sont disponibles sur demande.<\/h5>\n\n\n<?xml encoding=\"utf-8\" ?><h5 class=\"wp-block-heading has-text-align-left\" id=\"toc-cliquez-ici-pour-consulter-le-rapport-de-conformite-en-matiere-daccessibilite-de-2020\"><strong><a href=\"https:\/\/habitatgo.com\/wp-content\/uploads\/2025\/09\/AccessibilityComplianceReport_2020.pdf\" target=\"_blank\" rel=\"noopener external noreferrer\" data-wpel-link=\"external\">Cliquez ici pour consulter le rapport de conformit&eacute; en mati&egrave;re d&rsquo;accessibilit&eacute; de 2020. <\/a><\/strong><\/h5>\n\n\n\n<p>Pour les demandes m\u00e9diatiques concernant nos programmes et activit\u00e9s, veuillez contacter <a href=\"mailto:soey@habitatgo.com\" target=\"_blank\" rel=\"noreferrer noopener\">\n  <strong>soey@habitatgo.com<\/strong>\n<\/a>. <\/p>\n<\/div>\n","protected":false},"excerpt":{"rendered":"<p>Notre vision Un monde o\u00f9 chacun a un endroit d\u00e9cent et abordable pour vivre. Ce que nous faisons Habitat pour l&rsquo;humanit\u00e9 la grande r\u00e9gion d&rsquo;Ottawa rassemble les gens pour construire des maisons, des communaut\u00e9s et de l&rsquo;espoir. Qui sommes-nous En collaboration avec nos donateurs, nos sympathisants et nos partenaires, Habitat Greater Ottawa offre aux familles [&hellip;]<\/p>\n","protected":false},"author":1,"featured_media":0,"parent":0,"menu_order":0,"comment_status":"closed","ping_status":"closed","template":"","meta":{"_acf_changed":false,"footnotes":""},"class_list":["post-4308","page","type-page","status-publish","hentry"],"better_featured_image":null,"acf":[],"_links":{"self":[{"href":"https:\/\/habitatgo.com\/fr\/wp-json\/wp\/v2\/pages\/4308","targetHints":{"allow":["GET"]}}],"collection":[{"href":"https:\/\/habitatgo.com\/fr\/wp-json\/wp\/v2\/pages"}],"about":[{"href":"https:\/\/habitatgo.com\/fr\/wp-json\/wp\/v2\/types\/page"}],"author":[{"embeddable":true,"href":"https:\/\/habitatgo.com\/fr\/wp-json\/wp\/v2\/users\/1"}],"replies":[{"embeddable":true,"href":"https:\/\/habitatgo.com\/fr\/wp-json\/wp\/v2\/comments?post=4308"}],"version-history":[{"count":10,"href":"https:\/\/habitatgo.com\/fr\/wp-json\/wp\/v2\/pages\/4308\/revisions"}],"predecessor-version":[{"id":4933,"href":"https:\/\/habitatgo.com\/fr\/wp-json\/wp\/v2\/pages\/4308\/revisions\/4933"}],"wp:attachment":[{"href":"https:\/\/habitatgo.com\/fr\/wp-json\/wp\/v2\/media?parent=4308"}],"curies":[{"name":"wp","href":"https:\/\/api.w.org\/{rel}","templated":true}]}}