{"id":4290,"date":"2017-12-05T05:00:00","date_gmt":"2017-12-05T10:00:00","guid":{"rendered":"https:\/\/hfh-02.eproofs.ca\/acces-a-la-propriete\/constructions-en-cours\/"},"modified":"2025-12-09T16:08:45","modified_gmt":"2025-12-09T21:08:45","slug":"constructions-en-cours","status":"publish","type":"page","link":"https:\/\/habitatgo.com\/fr\/acces-a-la-propriete\/constructions-en-cours\/","title":{"rendered":"Constructions en cours"},"content":{"rendered":"<div class=\"wp-block-group is-style-background has-background has-theme-light-background-color padding-top-thick padding-bottom-thick alignfull wp-block-eup-blocks-banner\">\r\n    <div class=\"banner-image-wrapper has-background-image has-overlay-fade-from-left\" style=\"background-image: url(https:\/\/habitatgo.com\/wp-content\/uploads\/2025\/10\/habitatBanner_currentCommunities.jpg); background-size: cover; background-position: 64% 34%\">\n    <img loading=\"lazy\" decoding=\"async\" width=\"1920\" height=\"800\" src=\"https:\/\/habitatgo.com\/wp-content\/uploads\/2025\/10\/habitatBanner_currentCommunities.jpg\" class=\"eup-block-banner-image\" alt=\"\" \/><\/div>\n<div class=\"banner-content-wrap alignwide\">\n    <div class=\"banner-content\" style=\"max-width: 500px\">\n        \n<?xml encoding=\"utf-8\" ?><h1 class=\"wp-block-heading has-text-align-left\" id=\"toc-collectivites-actuelles\">Collectivit&eacute;s actuelles<\/h1>\n\n\n\n<p class=\"has-text-size-extra-large\">Explorez nos constructions en cours et disponibles.<\/p>\n\n\n\n<div class=\"wp-block-buttons is-layout-flex wp-block-buttons-is-layout-flex\">\n<div class=\"wp-block-button is-style-fill has-inner-interact-background-color has-text-align-center has-custom-image has-image-after has-inline-svg\"><a class=\"wp-block-button__link has-text-align-center wp-element-button\" href=\"https:\/\/habitatgo.com\/fr\/acces-a-la-propriete\/#interested\" data-wpel-link=\"internal\">Manifestation d&rsquo;int\u00e9r\u00eat<\/a><span class=\"eupblocks-custom-image eupblocks-inline-svg-wrapper\"><svg xmlns=\"http:\/\/www.w3.org\/2000\/svg\" viewBox=\"0 0 15 14.19\" class=\"eupblocks-inline-svg\"><path d=\"M15 7.1a.776.776 0 0 0-.22-.53L8.43.22c-.29-.29-.77-.29-1.06 0s-.29.77 0 1.06l5.07 5.06H.75c-.41 0-.75.34-.75.75s.34.75.75.75h11.69l-5.07 5.07c-.29.29-.29.77 0 1.06.15.15.34.22.53.22s.38-.07.53-.22l6.35-6.35a.776.776 0 0 0 .22-.53z\" style=\"fill:#fff\"\/><\/svg><\/span><\/div>\n\n\n\n<div class=\"wp-block-button has-inner-interact-background-color has-text-align-center has-image-after\"><a class=\"wp-block-button__link has-text-align-center wp-element-button\" href=\"https:\/\/habitatgo.com\/fr\/acces-a-la-propriete\/constructions-en-cours\/#eligibility\" data-wpel-link=\"internal\">Voir l&rsquo;\u00e9ligibilit\u00e9<\/a><\/div>\n<\/div>\n\n    <\/div>\n<\/div><\/div>\n\n\n<div style=\"height:5px\" aria-hidden=\"true\" class=\"wp-block-spacer\"><\/div>\n\n\n<div class=\"cards--wrapper is-grid gutter-margin graphic-image orientation-vertical alignment-left design-standard size-desktop-1_3 size-tablet-1_2 size-mobile-1_1 image-margin-none aspect-ratio-16_9 title-size-h5 content-size-standard meta-size-small title-size-h5 content-size-standard meta-size-small alignwide wp-block-eup-blocks-dynamic-content-grid\">\n    <div class=\"cards--inner\">\n                                                    \n                <div class=\"card--wrapper\">\n                                                                        <div class=\"card-image--wrapper\">\n                                <img loading=\"lazy\" width=\"1024\" height=\"465\" src=\"https:\/\/habitatgo.com\/wp-content\/uploads\/2025\/12\/BeechcliffeDev.jpg\" class=\"card-image wp-post-image\" alt=\"\" decoding=\"async\" \/>                            <\/div>\n                                                                \n                    <div class=\"card-content\">\n                        <div class=\"card-title\">R\u00e9sidences Beechcliffe<\/div>\n<div class=\"project-meta\"><img decoding=\"async\" src=\"\/wp-content\/uploads\/2025\/08\/location.svg\">Ottawa, ON<\/div>\n<div class=\"project-meta\"><img decoding=\"async\" src=\"\/wp-content\/uploads\/2025\/08\/status.svg\">Status: Manifestations d&#039;int\u00e9r\u00eat<\/div>\n<div class=\"project-meta-homes\"><div class=\"label\">Available Homes<\/div> 33<\/div>\n                        \n                                                                                                <\/div>\n                <\/div>\n                                            \n                <div class=\"card--wrapper\">\n                                                                        <div class=\"card-image--wrapper\">\n                                <img loading=\"lazy\" width=\"750\" height=\"496\" src=\"https:\/\/habitatgo.com\/wp-content\/uploads\/2025\/10\/251029_Nantes-Render_B_web.jpg\" class=\"card-image wp-post-image\" alt=\"\" decoding=\"async\" \/>                            <\/div>\n                                                                \n                    <div class=\"card-content\">\n                        <div class=\"card-title\">Am\u00e9nagement de Nantes<\/div>\n<div class=\"project-meta\"><img decoding=\"async\" src=\"\/wp-content\/uploads\/2025\/08\/location.svg\">Orl\u00e9ans, ON<\/div>\n<div class=\"project-meta\"><img decoding=\"async\" src=\"\/wp-content\/uploads\/2025\/08\/status.svg\">Status: Manifestations d&#039;int\u00e9r\u00eat<\/div>\n<div class=\"project-meta-homes\"><div class=\"label\">Available Homes<\/div> 2<\/div>\n                        \n                                                                                                <\/div>\n                <\/div>\n            \n                        <\/div>\n    \n    <\/div>\n\n\n<div class=\"wp-block-group alignwide has-background has-theme-offset-background-color has-background-size-cover has-background-resolution-full is-layout-constrained wp-block-group-is-layout-constrained\" id=\"eligibility\"><?xml encoding=\"utf-8\" ?><h2 class=\"wp-block-heading has-text-align-left\" id=\"toc-criteres-dadmissibilite\">Crit&egrave;res d&rsquo;admissibilit&eacute;<\/h2>\n\n\n\n<p>Les familles doivent satisfaire aux crit\u00e8res d\u2019admissibilit\u00e9 suivants pour \u00eatre admissibles \u00e0 une maison Habitat:<\/p>\n\n\n\n<ul class=\"wp-block-list\">\n<li>Un revenu total du m\u00e9nage suffisant pour couvrir le co\u00fbt de l&rsquo;accession \u00e0 la propri\u00e9t\u00e9 Habitat* ;<\/li>\n\n\n\n<li>Citoyen canadien ou r\u00e9sident permanent;<\/li>\n\n\n\n<li>Doit \u00eatre un acheteur d&rsquo;une premi\u00e8re maison et un locataire actuel** ;<\/li>\n\n\n\n<li>Au moins un adulte dans le m\u00e9nage avec un minimum de 2 ans d&rsquo;historique d&#8217;emploi \u00e0 temps plein au Canada ;<\/li>\n\n\n\n<li>Aucune faillite r\u00e9cente. Nous exigeons 3 ans \u00e0 partir d&rsquo;une lib\u00e9ration de faillite ou de proposition de consommateur ; <\/li>\n\n\n\n<li>Vivre quelque part qui ne r\u00e9pond pas aux besoins de la famille ; et<\/li>\n\n\n\n<li>Capable et dispos\u00e9 \u00e0 contribuer 500 heures de b\u00e9n\u00e9volat sur le site de construction ou avec d&rsquo;autres projets Habitat et activit\u00e9s communautaires.<\/li>\n<\/ul>\n\n\n\n<p><sub><em>*Les exigences de revenu total du m\u00e9nage peuvent diff\u00e9rer selon le type de construction et l&#8217;emplacement.<\/em><\/sub><\/p>\n\n\n\n<p class=\"has-text-size-small\">**<em>Vous \u00eates consid\u00e9r\u00e9 comme un acheteur d&rsquo;une premi\u00e8re maison si au cours des quatre derni\u00e8res ann\u00e9es (et jusqu&rsquo;\u00e0 pr\u00e9sent cette ann\u00e9e), vous n&rsquo;avez pas v\u00e9cu dans une maison que vous poss\u00e9diez, ou que votre \u00e9poux ou conjoint de fait poss\u00e9dait, comme r\u00e9sidence principale.<\/em><\/p>\n<\/div>\n\n\n\n<div style=\"height:25px\" aria-hidden=\"true\" class=\"wp-block-spacer\"><\/div>\n\n\n\n<div class=\"wp-block-group alignwide padding-top-thin padding-bottom-thin has-background has-theme-secondary-background-color has-background-size-cover has-background-resolution-full is-layout-constrained wp-block-group-is-layout-constrained\">\n<div class=\"wp-block-columns has-column-gap-default is-layout-flex wp-block-columns-is-layout-flex\">\n<div class=\"wp-block-column has-column-padding-default is-layout-flow wp-block-column-is-layout-flow\"><?xml encoding=\"utf-8\" ?><h3 class=\"wp-block-heading has-text-align-left animate-slide-top\" id=\"toc-vous-souhaitez-devenir-proprietaire-dune-habitation-habitat\">Vous souhaitez devenir propri&eacute;taire d&rsquo;une habitation Habitat? <\/h3>\n\n\n\n<p class=\"animate-slide-top has-text-size-large\"><\/p>\n\n\n\n<p class=\"animate-slide-top has-text-size-large\">Si vous souhaitez pr\u00e9senter une demande pour une future construction d\u2019Habitat Grand Ottawa, veuillez <a href=\"https:\/\/habitatgo.com\/fr\/acces-a-la-propriete\/#faq\" target=\"_blank\" data-type=\"page\" data-id=\"862\" rel=\"noreferrer noopener\" data-wpel-link=\"internal\"><strong>cliquer ici pour visiter notre page Acc\u00e8s \u00e0 la propri\u00e9t\u00e9<\/strong><\/a> pour obtenir des renseignements sur les crit\u00e8res d\u2019admissibilit\u00e9 et la foire aux questions.<\/p>\n\n\n\n<p class=\"animate-slide-top has-text-size-large\"><strong><a href=\"https:\/\/habitatgo.com\/fr\/acces-a-la-propriete\/#interested\" data-type=\"page\" data-id=\"862\" data-wpel-link=\"internal\">Veuillez cliquer ici pour remplir le questionnaire de manifestation d&rsquo;int\u00e9r\u00eat<\/a><\/strong>. Veuillez consulter cette page ult\u00e9rieurement pour conna\u00eetre les prochaines constructions. <\/p>\n\n\n\n<p class=\"animate-slide-top has-text-size-large\">Pour plus d&rsquo;informations ou pour contacter l&rsquo;un des membres de notre personnel des Services aux propri\u00e9taires, veuillez envoyer un courriel \u00e0 <a href=\"mailto:homeownerservices@habitatgo.com\">homeownerservices@habitatgo.com<\/a>.<\/p>\n<\/div>\n<\/div>\n<\/div>\n\n\n\n<div class=\"wp-block-group alignwide animate-slide-top padding-top-thin padding-bottom-thin has-background has-theme-light-background-color has-background-size-cover has-background-resolution-full is-layout-constrained wp-block-group-is-layout-constrained\">\n<div class=\"wp-block-columns alignwide has-column-gap-thin is-layout-flex wp-block-columns-is-layout-flex\">\n<div class=\"wp-block-column is-vertically-aligned-center has-column-padding-none is-layout-flow wp-block-column-is-layout-flow\" style=\"flex-basis:33.33%\"><?xml encoding=\"utf-8\" ?><h3 class=\"wp-block-heading has-text-align-left\" id=\"toc-nous-construisons-dans-la-region-du-grand-ottawa-depuis-30-ans\"><strong>Nous construisons dans la r&eacute;gion du Grand Ottawa depuis 30 ans!<\/strong><\/h3>\n\n\n\n<p class=\"has-text-align-left has-text-size-extra-large\"><strong><a href=\"https:\/\/habitatgo.com\/fr\/acces-a-la-propriete\/#interested\" data-type=\"page\" data-id=\"862\" data-wpel-link=\"internal\">Cliquez ici pour remplir notre formulaire de d\u00e9claration d\u2019int\u00e9r\u00eat afin d\u2019\u00eatre inform\u00e9 des prochains projets<\/a>.<\/strong><\/p>\n<\/div>\n\n\n\n<div class=\"wp-block-column has-column-padding-none is-layout-flow wp-block-column-is-layout-flow\" style=\"flex-basis:66.66%\"><?xml encoding=\"utf-8\" ?><figure class=\"wp-block-image size-full\" data-dynamic-alt=\"true\" data-dynamic-caption=\"true\" data-dynamic-title=\"true\" data-media-id=\"2104\"><img loading=\"lazy\" decoding=\"async\" width=\"1800\" height=\"933\" src=\"https:\/\/habitatgo.com\/wp-content\/uploads\/2025\/09\/JD-houses-cropped-e1542208804536.jpg\" alt=\"\" class=\"wp-image-2104\" title=\"JD-houses-cropped-e1542208804536\"><\/figure><\/div>\n<\/div>\n<\/div>\n\n\n\n<div class=\"wp-block-columns has-column-gap-default is-layout-flex wp-block-columns-is-layout-flex\">\n<div class=\"wp-block-column has-column-padding-default is-layout-flow wp-block-column-is-layout-flow\"><\/div>\n<\/div>\n","protected":false},"excerpt":{"rendered":"<p>Crit&egrave;res d&rsquo;admissibilit&eacute; Les familles doivent satisfaire aux crit\u00e8res d\u2019admissibilit\u00e9 suivants pour \u00eatre admissibles \u00e0 une maison Habitat: *Les exigences de revenu total du m\u00e9nage peuvent diff\u00e9rer selon le type de construction et l&#8217;emplacement. **Vous \u00eates consid\u00e9r\u00e9 comme un acheteur d&rsquo;une premi\u00e8re maison si au cours des quatre derni\u00e8res ann\u00e9es (et jusqu&rsquo;\u00e0 pr\u00e9sent cette ann\u00e9e), vous [&hellip;]<\/p>\n","protected":false},"author":1,"featured_media":0,"parent":4153,"menu_order":0,"comment_status":"closed","ping_status":"closed","template":"","meta":{"_acf_changed":false,"footnotes":""},"class_list":["post-4290","page","type-page","status-publish","hentry"],"better_featured_image":null,"acf":[],"_links":{"self":[{"href":"https:\/\/habitatgo.com\/fr\/wp-json\/wp\/v2\/pages\/4290","targetHints":{"allow":["GET"]}}],"collection":[{"href":"https:\/\/habitatgo.com\/fr\/wp-json\/wp\/v2\/pages"}],"about":[{"href":"https:\/\/habitatgo.com\/fr\/wp-json\/wp\/v2\/types\/page"}],"author":[{"embeddable":true,"href":"https:\/\/habitatgo.com\/fr\/wp-json\/wp\/v2\/users\/1"}],"replies":[{"embeddable":true,"href":"https:\/\/habitatgo.com\/fr\/wp-json\/wp\/v2\/comments?post=4290"}],"version-history":[{"count":8,"href":"https:\/\/habitatgo.com\/fr\/wp-json\/wp\/v2\/pages\/4290\/revisions"}],"predecessor-version":[{"id":5529,"href":"https:\/\/habitatgo.com\/fr\/wp-json\/wp\/v2\/pages\/4290\/revisions\/5529"}],"up":[{"embeddable":true,"href":"https:\/\/habitatgo.com\/fr\/wp-json\/wp\/v2\/pages\/4153"}],"wp:attachment":[{"href":"https:\/\/habitatgo.com\/fr\/wp-json\/wp\/v2\/media?parent=4290"}],"curies":[{"name":"wp","href":"https:\/\/api.w.org\/{rel}","templated":true}]}}