{"id":4242,"date":"2017-12-05T05:00:00","date_gmt":"2017-12-05T10:00:00","guid":{"rendered":"https:\/\/hfh-02.eproofs.ca\/contact\/"},"modified":"2025-09-25T12:04:08","modified_gmt":"2025-09-25T16:04:08","slug":"contact","status":"publish","type":"page","link":"https:\/\/habitatgo.com\/fr\/contact\/","title":{"rendered":"Contact"},"content":{"rendered":"<div class=\"wp-block-group is-style-plain has-background has-theme-primary-background-color padding-top-thin padding-bottom-thin alignfull wp-block-eup-blocks-banner\">\r\n    <div class=\"banner-content-wrap alignwide\">\r\n    <div class=\"banner-content\" style=\"max-width: 800px\">\r\n        \n<?xml encoding=\"utf-8\" ?><h1 class=\"wp-block-heading has-text-align-left\" id=\"toc-contact\">Contact<\/h1>\n\n    <\/div>\r\n<\/div><\/div>\n<div class=\"wp-block-group alignwide padding-top-thin padding-bottom-thin has-background has-theme-light-background-color has-background-size-cover has-background-resolution-full is-layout-constrained wp-block-group-is-layout-constrained\">\n<div class=\"wp-block-columns alignwide has-column-gap-default is-layout-flex wp-block-columns-is-layout-flex\">\n<div class=\"wp-block-column has-column-padding-default is-layout-flow wp-block-column-is-layout-flow\" style=\"flex-basis:60%\"><?xml encoding=\"utf-8\" ?><h3 class=\"wp-block-heading has-text-align-left\" id=\"toc-pour-plus-dinformations-sur-nos-questions-les-plus-courantes-veuillez-visiter-lune-des-pages-ci-dessous\">Pour plus d&rsquo;informations sur nos questions les plus courantes, veuillez visiter l&rsquo;une des pages ci-dessous :<\/h3>\n\n\n\n<ul class=\"wp-block-list\">\n<li><a href=\"https:\/\/habitatgo.com\/fr\/acces-a-la-propriete\/\" data-wpel-link=\"internal\">Postulez en ligne pour devenir propri\u00e9taire<\/a><\/li>\n\n\n\n<li><a href=\"https:\/\/habitatgo.com\/fr\/faites-un-don-maintenant\/\" data-wpel-link=\"internal\">Faites un don \u00e0 Habitat pour l&rsquo;humanit\u00e9 Grand Ottawa<\/a><\/li>\n\n\n\n<li><a href=\"https:\/\/habitatgo.com\/restore\/restore-pick-up-form\/\" data-wpel-link=\"external\" target=\"_blank\" rel=\"external noopener noreferrer\">Organisez un ramassage pour ReStore<\/a><\/li>\n\n\n\n<li><a href=\"https:\/\/app.betterimpact.com\/PublicOrganization\/7cc82464-6d5a-4161-b860-9a06729111c1\/1\" target=\"_blank\" rel=\"noopener external noreferrer\" data-wpel-link=\"external\">Devenez b\u00e9n\u00e9vole chez ReStore<\/a><\/li>\n\n\n\n<li><a href=\"https:\/\/app.betterimpact.com\/PublicOrganization\/7cc82464-6d5a-4161-b860-9a06729111c1\/1\" target=\"_blank\" rel=\"noopener external noreferrer\" data-wpel-link=\"external\">Devenez b\u00e9n\u00e9vole sur un chantier<\/a><\/li>\n\n\n\n<li><a href=\"https:\/\/habitatgo.us12.list-manage.com\/subscribe?u=53c5e807404199186c91e9692&amp;id=bb72665e4e\" target=\"_blank\" rel=\"noopener external noreferrer\" data-wpel-link=\"external\">Inscrivez-vous \u00e0 HabiChat ou \u00e0 ReStore hebdomadaire<br\/><\/a><\/li>\n<\/ul>\n\n\n\n<p>Pour toute autre demande, veuillez utiliser le formulaire ci-dessous.<\/p>\n\n\n\n<p><strong>Pour les demandes des m\u00e9dias, veuillez contacter <a href=\"mailto:soey@habitatgo.com\" target=\"_blank\" rel=\"noopener\">soey@habitatgo.com<\/a>.<\/strong><input name=\"gform_field_values\" type=\"hidden\" value=\"\"\/><\/p>\n<\/div>\n\n\n\n<div class=\"wp-block-column has-column-padding-default is-layout-flow wp-block-column-is-layout-flow\" style=\"flex-basis:30%\"><?xml encoding=\"utf-8\" ?><h5 class=\"wp-block-heading has-text-align-left\" id=\"toc-nous-organisons-des-retours-dinformation-accessibles-et-fournissons-des-formats-alternatifs-sur-demande\"><strong>Nous organisons des retours d&rsquo;information accessibles et fournissons des formats alternatifs sur demande.<\/strong><\/h5>\n\n\n<div class=\"wp-block-eup-blocks-custom-html-output\" id=\"custom-html-87c98125-f7d7-49d1-9628-a18e09c7aaae\"><iframe src=\"https:\/\/www.google.com\/maps\/embed?pb=!1m18!1m12!1m3!1d2807.2912583723737!2d-75.91217382328276!3d45.28233584555401!2m3!1f0!2f0!3f0!3m2!1i1024!2i768!4f13.1!3m3!1m2!1s0x4ccdff65c4b4b2af%3A0xd85e91540bca0a9!2s3%20Iber%20Rd%20%232%2C%20Ottawa%2C%20ON%20K2S%201E6!5e0!3m2!1sen!2sca!4v1757529552812!5m2!1sen!2sca\" width=\"600\" height=\"450\" style=\"border:0;\" allowfullscreen=\"\" loading=\"lazy\" referrerpolicy=\"no-referrer-when-downgrade\"><\/iframe><\/div>\n\n\n<p>3 Iber Road, Unit\u00e9 2<br\/>Stittsville, Ontario, K2S 1E6<\/p>\n\n\n\n<p><strong>T\u00e9l\u00e9phone :<\/strong> <a href=\"tel:613-749-9950\" data-wpel-link=\"internal\">613-749-9950<\/a><\/p>\n<\/div>\n<\/div>\n<\/div>\n\n<div class=\"wp-block-group alignfull animate-slide-top animate-speed-slow padding-top-thin padding-bottom-thin has-background has-theme-offset-background-color has-background-size-cover has-background-resolution-full is-layout-constrained wp-block-group-is-layout-constrained\">\n<div class=\"wp-block-columns has-column-gap-default is-layout-flex wp-block-columns-is-layout-flex\">\n<div class=\"wp-block-column has-column-padding-default is-layout-flow wp-block-column-is-layout-flow\"><script type=\"text\/javascript\">\n\/* <![CDATA[ *\/\nvar gform;gform||(document.addEventListener(\"gform_main_scripts_loaded\",function(){gform.scriptsLoaded=!0}),document.addEventListener(\"gform\/theme\/scripts_loaded\",function(){gform.themeScriptsLoaded=!0}),window.addEventListener(\"DOMContentLoaded\",function(){gform.domLoaded=!0}),gform={domLoaded:!1,scriptsLoaded:!1,themeScriptsLoaded:!1,isFormEditor:()=>\"function\"==typeof InitializeEditor,callIfLoaded:function(o){return!(!gform.domLoaded||!gform.scriptsLoaded||!gform.themeScriptsLoaded&&!gform.isFormEditor()||(gform.isFormEditor()&&console.warn(\"The use of gform.initializeOnLoaded() is deprecated in the form editor context and will be removed in Gravity Forms 3.1.\"),o(),0))},initializeOnLoaded:function(o){gform.callIfLoaded(o)||(document.addEventListener(\"gform_main_scripts_loaded\",()=>{gform.scriptsLoaded=!0,gform.callIfLoaded(o)}),document.addEventListener(\"gform\/theme\/scripts_loaded\",()=>{gform.themeScriptsLoaded=!0,gform.callIfLoaded(o)}),window.addEventListener(\"DOMContentLoaded\",()=>{gform.domLoaded=!0,gform.callIfLoaded(o)}))},hooks:{action:{},filter:{}},addAction:function(o,r,e,t){gform.addHook(\"action\",o,r,e,t)},addFilter:function(o,r,e,t){gform.addHook(\"filter\",o,r,e,t)},doAction:function(o){gform.doHook(\"action\",o,arguments)},applyFilters:function(o){return gform.doHook(\"filter\",o,arguments)},removeAction:function(o,r){gform.removeHook(\"action\",o,r)},removeFilter:function(o,r,e){gform.removeHook(\"filter\",o,r,e)},addHook:function(o,r,e,t,n){null==gform.hooks[o][r]&&(gform.hooks[o][r]=[]);var d=gform.hooks[o][r];null==n&&(n=r+\"_\"+d.length),gform.hooks[o][r].push({tag:n,callable:e,priority:t=null==t?10:t})},doHook:function(r,o,e){var t;if(e=Array.prototype.slice.call(e,1),null!=gform.hooks[r][o]&&((o=gform.hooks[r][o]).sort(function(o,r){return o.priority-r.priority}),o.forEach(function(o){\"function\"!=typeof(t=o.callable)&&(t=window[t]),\"action\"==r?t.apply(null,e):e[0]=t.apply(null,e)})),\"filter\"==r)return e[0]},removeHook:function(o,r,t,n){var e;null!=gform.hooks[o][r]&&(e=(e=gform.hooks[o][r]).filter(function(o,r,e){return!!(null!=n&&n!=o.tag||null!=t&&t!=o.priority)}),gform.hooks[o][r]=e)}});\n\/* ]]> *\/\n<\/script>\n\n                <div class='gf_browser_gecko gform_wrapper gravity-theme gform-theme--no-framework' data-form-theme='gravity-theme' data-form-index='0' id='gform_wrapper_3' >\n                        <div class='gform_heading'>\n                            <h2 class=\"gform_title\">Contact Us<\/h2>\n                            <p class='gform_description'><\/p>\n                        <\/div><form method='post' enctype='multipart\/form-data'  id='gform_3'  action='\/fr\/wp-json\/wp\/v2\/pages\/4242' data-formid='3' novalidate> \r\n <input type='hidden' class='gforms-pum' value='{\"closepopup\":false,\"closedelay\":0,\"openpopup\":false,\"openpopup_id\":0}' \/>\n                        <div class='gform-body gform_body'><div id='gform_fields_3' class='gform_fields top_label form_sublabel_above description_above validation_above'><div id=\"field_3_8\" class=\"gfield gfield--type-honeypot gform_validation_container field_sublabel_above gfield--has-description field_description_above field_validation_above gfield_visibility_visible\"  ><label class='gfield_label gform-field-label' for='input_3_8'>Company<\/label><div class='gfield_description' id='gfield_description_3_8'>Ce champ n\u2019est utilis\u00e9 qu\u2019\u00e0 des fins de validation et devrait rester inchang\u00e9.<\/div><div class='ginput_container'><input name='input_8' id='input_3_8' type='text' value='' autocomplete='new-password'\/><\/div><\/div><div id=\"field_3_6\" class=\"gfield gfield--type-select gfield--input-type-select gfield_contains_required field_sublabel_above gfield--no-description field_description_above field_validation_above gfield_visibility_visible\"  ><label class='gfield_label gform-field-label' for='input_3_6'>Please select the type of inquiry from the drop down menu below:<span class=\"gfield_required\"><span class=\"gfield_required gfield_required_text\">(N\u00e9cessaire)<\/span><\/span><\/label><div class='ginput_container ginput_container_select'><select name='input_6' id='input_3_6' class='medium gfield_select'    aria-required=\"true\" aria-invalid=\"false\" ><option value='Feedback on Accessibility' >Feedback on Accessibility<\/option><option value='Request information on Habitat Greater Ottawa&#039;s Homeownership Program' >Request information on Habitat Greater Ottawa&#039;s Homeownership Program<\/option><option value='Donate item(s) to the ReStore' >Donate item(s) to the ReStore<\/option><option value='Volunteer with Habitat Greater Ottawa' >Volunteer with Habitat Greater Ottawa<\/option><option value='Donate to Habitat Greater Ottawa' >Donate to Habitat Greater Ottawa<\/option><option value='Media inquiries' >Media inquiries<\/option><option value='All other inquiries' >All other inquiries<\/option><\/select><\/div><\/div><div id=\"field_3_1\" class=\"gfield gfield--type-text gfield--input-type-text gfield_contains_required field_sublabel_above gfield--no-description field_description_above field_validation_above gfield_visibility_visible\"  ><label class='gfield_label gform-field-label' for='input_3_1'>Name<span class=\"gfield_required\"><span class=\"gfield_required gfield_required_text\">(N\u00e9cessaire)<\/span><\/span><\/label><div class='ginput_container ginput_container_text'><input name='input_1' id='input_3_1' type='text' value='' class='large'     aria-required=\"true\" aria-invalid=\"false\"   \/><\/div><\/div><div id=\"field_3_3\" class=\"gfield gfield--type-phone gfield--input-type-phone field_sublabel_above gfield--no-description field_description_above field_validation_above gfield_visibility_visible\"  ><label class='gfield_label gform-field-label' for='input_3_3'>Daytime Phone<\/label><div class='ginput_container ginput_container_phone'><input name='input_3' id='input_3_3' type='tel' value='' class='large'    aria-invalid=\"false\"   \/><\/div><\/div><div id=\"field_3_2\" class=\"gfield gfield--type-email gfield--input-type-email gfield_contains_required field_sublabel_above gfield--no-description field_description_above field_validation_above gfield_visibility_visible\"  ><label class='gfield_label gform-field-label' for='input_3_2'>Email<span class=\"gfield_required\"><span class=\"gfield_required gfield_required_text\">(N\u00e9cessaire)<\/span><\/span><\/label><div class='ginput_container ginput_container_email'>\n                            <input name='input_2' id='input_3_2' type='email' value='' class='large'    aria-required=\"true\" aria-invalid=\"false\"  \/>\n                        <\/div><\/div><div id=\"field_3_4\" class=\"gfield gfield--type-textarea gfield--input-type-textarea gfield_contains_required field_sublabel_above gfield--no-description field_description_above field_validation_above gfield_visibility_visible\"  ><label class='gfield_label gform-field-label' for='input_3_4'>How can we help you?<span class=\"gfield_required\"><span class=\"gfield_required gfield_required_text\">(N\u00e9cessaire)<\/span><\/span><\/label><div class='ginput_container ginput_container_textarea'><textarea name='input_4' id='input_3_4' class='textarea medium'     aria-required=\"true\" aria-invalid=\"false\"   rows='10' cols='50'><\/textarea><\/div><\/div><div id=\"field_3_7\" class=\"gfield gfield--type-captcha gfield--input-type-captcha gfield--width-full field_sublabel_above gfield--no-description field_description_above field_validation_above gfield_visibility_visible\"  ><label class='gfield_label gform-field-label' for='input_3_7'>CAPTCHA<\/label><div id='input_3_7' class='ginput_container ginput_recaptcha' data-sitekey='6LegCtorAAAAAGfPUM_bWEDQwISaIfwcySkkioWe'  data-theme='light' data-tabindex='0'  data-badge=''><\/div><\/div><\/div><\/div>\n        <div class='gform-footer gform_footer top_label'> <input type='submit' id='gform_submit_button_3' class='gform_button button' onclick='gform.submission.handleButtonClick(this);' data-submission-type='submit' value='Submit'  \/> \n            <input type='hidden' class='gform_hidden' name='gform_submission_method' data-js='gform_submission_method_3' value='postback' \/>\n            <input type='hidden' class='gform_hidden' name='gform_theme' data-js='gform_theme_3' id='gform_theme_3' value='gravity-theme' \/>\n            <input type='hidden' class='gform_hidden' name='gform_style_settings' data-js='gform_style_settings_3' id='gform_style_settings_3' value='{&quot;inputPrimaryColor&quot;:&quot;#204ce5&quot;}' \/>\n            <input type='hidden' class='gform_hidden' name='is_submit_3' value='1' \/>\n            <input type='hidden' class='gform_hidden' name='gform_submit' value='3' \/>\n            \n            <input type='hidden' class='gform_hidden' name='gform_currency' data-currency='CAD' value='5gf6ComJT2TBnmDfV64wVvQQ\/aV9FE6CuzI2j\/S3KfsyC3KW5K0NfwQLTAPdbUFYEQBJZOVrdDb7VFt7Ticsn61DZOY5OGVAdwy1lEXm1HNeCMo=' \/>\n            <input type='hidden' class='gform_hidden' name='gform_unique_id' value='' \/>\n            <input type='hidden' class='gform_hidden' name='state_3' value='WyJbXSIsImFkMjg0YWMyODhiZGNiOTBjM2U2M2UwZGVmNzViNWQ1Il0=' \/>\n            <input type='hidden' autocomplete='off' class='gform_hidden' name='gform_target_page_number_3' id='gform_target_page_number_3' value='0' \/>\n            <input type='hidden' autocomplete='off' class='gform_hidden' name='gform_source_page_number_3' id='gform_source_page_number_3' value='1' \/>\n            <input type='hidden' name='gform_field_values' value='' \/>\n            \n        <\/div>\n                        <\/form>\n                        <\/div><script type=\"text\/javascript\">\n\/* <![CDATA[ *\/\n gform.initializeOnLoaded( function() {gformInitSpinner( 3, 'https:\/\/habitatgo.com\/wp-content\/plugins\/gravityforms\/images\/spinner.svg', true );jQuery('#gform_ajax_frame_3').on('load',function(){var contents = jQuery(this).contents().find('*').html();var is_postback = contents.indexOf('GF_AJAX_POSTBACK') >= 0;if(!is_postback){return;}var form_content = jQuery(this).contents().find('#gform_wrapper_3');var is_confirmation = jQuery(this).contents().find('#gform_confirmation_wrapper_3').length > 0;var is_redirect = contents.indexOf('gformRedirect(){') >= 0;var is_form = form_content.length > 0 && ! is_redirect && ! is_confirmation;var mt = parseInt(jQuery('html').css('margin-top'), 10) + parseInt(jQuery('body').css('margin-top'), 10) + 100;if(is_form){jQuery('#gform_wrapper_3').html(form_content.html());if(form_content.hasClass('gform_validation_error')){jQuery('#gform_wrapper_3').addClass('gform_validation_error');} else {jQuery('#gform_wrapper_3').removeClass('gform_validation_error');}setTimeout( function() { \/* delay the scroll by 50 milliseconds to fix a bug in chrome *\/  }, 50 );if(window['gformInitDatepicker']) {gformInitDatepicker();}if(window['gformInitPriceFields']) {gformInitPriceFields();}var current_page = jQuery('#gform_source_page_number_3').val();gformInitSpinner( 3, 'https:\/\/habitatgo.com\/wp-content\/plugins\/gravityforms\/images\/spinner.svg', true );jQuery(document).trigger('gform_page_loaded', [3, current_page]);window['gf_submitting_3'] = false;}else if(!is_redirect){var confirmation_content = jQuery(this).contents().find('.GF_AJAX_POSTBACK').html();if(!confirmation_content){confirmation_content = contents;}jQuery('#gform_wrapper_3').replaceWith(confirmation_content);jQuery(document).trigger('gform_confirmation_loaded', [3]);window['gf_submitting_3'] = false;wp.a11y.speak(jQuery('#gform_confirmation_message_3').text());}else{jQuery('#gform_3').append(contents);if(window['gformRedirect']) {gformRedirect();}}jQuery(document).trigger(\"gform_pre_post_render\", [{ formId: \"3\", currentPage: \"current_page\", abort: function() { this.preventDefault(); } }]);        if (event && event.defaultPrevented) {                return;        }        const gformWrapperDiv = document.getElementById( \"gform_wrapper_3\" );        if ( gformWrapperDiv ) {            const visibilitySpan = document.createElement( \"span\" );            visibilitySpan.id = \"gform_visibility_test_3\";            gformWrapperDiv.insertAdjacentElement( \"afterend\", visibilitySpan );        }        const visibilityTestDiv = document.getElementById( \"gform_visibility_test_3\" );        let postRenderFired = false;        function triggerPostRender() {            if ( postRenderFired ) {                return;            }            postRenderFired = true;            gform.core.triggerPostRenderEvents( 3, current_page );            if ( visibilityTestDiv ) {                visibilityTestDiv.parentNode.removeChild( visibilityTestDiv );            }        }        function debounce( func, wait, immediate ) {            var timeout;            return function() {                var context = this, args = arguments;                var later = function() {                    timeout = null;                    if ( !immediate ) func.apply( context, args );                };                var callNow = immediate && !timeout;                clearTimeout( timeout );                timeout = setTimeout( later, wait );                if ( callNow ) func.apply( context, args );            };        }        const debouncedTriggerPostRender = debounce( function() {            triggerPostRender();        }, 200 );        if ( visibilityTestDiv && visibilityTestDiv.offsetParent === null ) {            const observer = new MutationObserver( ( mutations ) => {                mutations.forEach( ( mutation ) => {                    if ( mutation.type === 'attributes' && visibilityTestDiv.offsetParent !== null ) {                        debouncedTriggerPostRender();                        observer.disconnect();                    }                });            });            observer.observe( document.body, {                attributes: true,                childList: false,                subtree: true,                attributeFilter: [ 'style', 'class' ],            });        } else {            triggerPostRender();        }    } );} ); \n\/* ]]> *\/\n<\/script>\n<\/div>\n<\/div>\n<\/div>\n","protected":false},"excerpt":{"rendered":"<p>Pour plus d&rsquo;informations sur nos questions les plus courantes, veuillez visiter l&rsquo;une des pages ci-dessous : Pour toute autre demande, veuillez utiliser le formulaire ci-dessous. Pour les demandes des m\u00e9dias, veuillez contacter soey@habitatgo.com. Nous organisons des retours d&rsquo;information accessibles et fournissons des formats alternatifs sur demande. 3 Iber Road, Unit\u00e9 2Stittsville, Ontario, K2S 1E6 T\u00e9l\u00e9phone [&hellip;]<\/p>\n","protected":false},"author":1,"featured_media":4243,"parent":0,"menu_order":0,"comment_status":"closed","ping_status":"closed","template":"","meta":{"_acf_changed":false,"footnotes":""},"class_list":["post-4242","page","type-page","status-publish","has-post-thumbnail","hentry"],"better_featured_image":{"id":4243,"alt_text":"","caption":"","description":"","media_type":"image","media_details":{"width":1407,"height":604,"file":"2025\/09\/Habitat-GO-Location.png","filesize":307549,"sizes":{"thumbnail":{"file":"Habitat-GO-Location-150x150.png","width":150,"height":150,"mime-type":"image\/png","filesize":19372,"source_url":"https:\/\/habitatgo.com\/wp-content\/uploads\/2025\/09\/Habitat-GO-Location-150x150.png"},"hero-banner":{"file":"Habitat-GO-Location-1407x600.png","width":1407,"height":600,"mime-type":"image\/png","filesize":304654,"source_url":"https:\/\/habitatgo.com\/wp-content\/uploads\/2025\/09\/Habitat-GO-Location-1407x600.png"},"hero-side":{"file":"Habitat-GO-Location-960x600.png","width":960,"height":600,"mime-type":"image\/png","filesize":263111,"source_url":"https:\/\/habitatgo.com\/wp-content\/uploads\/2025\/09\/Habitat-GO-Location-960x600.png"}},"image_meta":{"aperture":"0","credit":"","camera":"","caption":"","created_timestamp":"0","copyright":"","focal_length":"0","iso":"0","shutter_speed":"0","title":"","orientation":"0","keywords":[]}},"post":4242,"source_url":"https:\/\/habitatgo.com\/wp-content\/uploads\/2025\/09\/Habitat-GO-Location.png"},"acf":[],"_links":{"self":[{"href":"https:\/\/habitatgo.com\/fr\/wp-json\/wp\/v2\/pages\/4242","targetHints":{"allow":["GET"]}}],"collection":[{"href":"https:\/\/habitatgo.com\/fr\/wp-json\/wp\/v2\/pages"}],"about":[{"href":"https:\/\/habitatgo.com\/fr\/wp-json\/wp\/v2\/types\/page"}],"author":[{"embeddable":true,"href":"https:\/\/habitatgo.com\/fr\/wp-json\/wp\/v2\/users\/1"}],"replies":[{"embeddable":true,"href":"https:\/\/habitatgo.com\/fr\/wp-json\/wp\/v2\/comments?post=4242"}],"version-history":[{"count":1,"href":"https:\/\/habitatgo.com\/fr\/wp-json\/wp\/v2\/pages\/4242\/revisions"}],"predecessor-version":[{"id":4245,"href":"https:\/\/habitatgo.com\/fr\/wp-json\/wp\/v2\/pages\/4242\/revisions\/4245"}],"wp:featuredmedia":[{"embeddable":true,"href":"https:\/\/habitatgo.com\/fr\/wp-json\/wp\/v2\/media\/4243"}],"wp:attachment":[{"href":"https:\/\/habitatgo.com\/fr\/wp-json\/wp\/v2\/media?parent=4242"}],"curies":[{"name":"wp","href":"https:\/\/api.w.org\/{rel}","templated":true}]}}