{"id":4237,"date":"2017-10-12T04:00:00","date_gmt":"2017-10-12T08:00:00","guid":{"rendered":"https:\/\/hfh-02.eproofs.ca\/carrieres\/"},"modified":"2025-10-03T14:52:03","modified_gmt":"2025-10-03T18:52:03","slug":"carrieres","status":"publish","type":"page","link":"https:\/\/habitatgo.com\/fr\/a-propos-dhabitat-pour-lhumanite-du-grand-ottawa\/carrieres\/","title":{"rendered":"Carri\u00e8res"},"content":{"rendered":"<div class=\"wp-block-group is-style-plain has-background has-theme-primary-background-color padding-top-thin padding-bottom-thin alignfull wp-block-eup-blocks-banner\">\r\n    <div class=\"banner-content-wrap alignwide\">\r\n    <div class=\"banner-content\" style=\"max-width: 800px\">\r\n        \n<?xml encoding=\"utf-8\" ?><h1 class=\"wp-block-heading has-text-align-left\" id=\"toc-travailler-avec-habitat\">Travailler avec Habitat<\/h1>\n\n\n\n<p><\/p>\n\n\n\n<div class=\"wp-block-buttons is-layout-flex wp-block-buttons-is-layout-flex\">\n<div class=\"wp-block-button has-inner-accent-background-color has-text-align-center\"><a class=\"wp-block-button__link has-text-align-center wp-element-button\" href=\"https:\/\/linkedin.com\/company\/habitatgo\" target=\"_blank\" rel=\"noreferrer noopener external\" data-wpel-link=\"external\">Suivre sur LinkedIn<\/a><\/div>\n\n\n\n<div class=\"wp-block-button is-style-outline has-inner-accent-background-color has-text-align-center is-style-outline--1\"><a class=\"wp-block-button__link has-text-align-center wp-element-button\" href=\"https:\/\/habitatgo.com\/volunteer\/\" data-wpel-link=\"external\" target=\"_blank\" rel=\"external noopener noreferrer\">Explorer les possibilit\u00e9s de b\u00e9n\u00e9volat<\/a><\/div>\n<\/div>\n\n    <\/div>\r\n<\/div><\/div>\n\n\n<div class=\"wp-block-group alignfull padding-top-thin has-background has-theme-light-background-color has-background-size-cover has-background-resolution-full is-layout-constrained wp-block-group-is-layout-constrained\">\n<p class=\"has-text-align-center has-text-size-large\">Nous vous remercions de votre int\u00e9r\u00eat \u00e0 travailler avec Habitat Grand Ottawa. Nous n\u2019avons aucune offre d\u2019emploi pour le moment. <\/p>\n\n\n\n<p class=\"has-text-align-center has-text-size-large\"><a href=\"https:\/\/linkedin.com\/company\/habitatgo\" target=\"_blank\" rel=\"noreferrer noopener external\" data-wpel-link=\"external\">Cliquez ici pour suivre notre page LinkedIn et d\u00e9couvrir les opportunit\u00e9s \u00e0 venir.<\/a><\/p>\n\n\n\n<p class=\"has-text-align-center has-text-size-large\">Vous souhaitez faire du b\u00e9n\u00e9volat avec nous&nbsp;? Cliquez ici pour <a href=\"https:\/\/habitatgo.com\/volunteer\/\" data-type=\"page\" data-id=\"2046\" data-wpel-link=\"external\" target=\"_blank\" rel=\"external noopener noreferrer\">en savoir plus sur nos possibilit\u00e9s de b\u00e9n\u00e9volat<\/a>. <\/p>\n<\/div>\n","protected":false},"excerpt":{"rendered":"<p>Nous vous remercions de votre int\u00e9r\u00eat \u00e0 travailler avec Habitat Grand Ottawa. Nous n\u2019avons aucune offre d\u2019emploi pour le moment. Cliquez ici pour suivre notre page LinkedIn et d\u00e9couvrir les opportunit\u00e9s \u00e0 venir. Vous souhaitez faire du b\u00e9n\u00e9volat avec nous&nbsp;? Cliquez ici pour en savoir plus sur nos possibilit\u00e9s de b\u00e9n\u00e9volat.<\/p>\n","protected":false},"author":1,"featured_media":4238,"parent":4308,"menu_order":0,"comment_status":"closed","ping_status":"closed","template":"","meta":{"_acf_changed":false,"footnotes":""},"class_list":["post-4237","page","type-page","status-publish","has-post-thumbnail","hentry"],"better_featured_image":{"id":4238,"alt_text":"","caption":"","description":"","media_type":"image","media_details":{"width":1200,"height":675,"file":"2025\/09\/work.jpg","filesize":72706,"sizes":{"thumbnail":{"file":"work-150x150.jpg","width":150,"height":150,"mime-type":"image\/jpeg","filesize":5654,"source_url":"https:\/\/habitatgo.com\/wp-content\/uploads\/2025\/09\/work-150x150.jpg"},"hero-banner":{"file":"work-1200x600.jpg","width":1200,"height":600,"mime-type":"image\/jpeg","filesize":56803,"source_url":"https:\/\/habitatgo.com\/wp-content\/uploads\/2025\/09\/work-1200x600.jpg"},"hero-side":{"file":"work-960x600.jpg","width":960,"height":600,"mime-type":"image\/jpeg","filesize":46147,"source_url":"https:\/\/habitatgo.com\/wp-content\/uploads\/2025\/09\/work-960x600.jpg"}},"image_meta":{"aperture":"0","credit":"","camera":"","caption":"","created_timestamp":"0","copyright":"","focal_length":"0","iso":"0","shutter_speed":"0","title":"","orientation":"0","keywords":[]}},"post":4237,"source_url":"https:\/\/habitatgo.com\/wp-content\/uploads\/2025\/09\/work.jpg"},"acf":[],"_links":{"self":[{"href":"https:\/\/habitatgo.com\/fr\/wp-json\/wp\/v2\/pages\/4237","targetHints":{"allow":["GET"]}}],"collection":[{"href":"https:\/\/habitatgo.com\/fr\/wp-json\/wp\/v2\/pages"}],"about":[{"href":"https:\/\/habitatgo.com\/fr\/wp-json\/wp\/v2\/types\/page"}],"author":[{"embeddable":true,"href":"https:\/\/habitatgo.com\/fr\/wp-json\/wp\/v2\/users\/1"}],"replies":[{"embeddable":true,"href":"https:\/\/habitatgo.com\/fr\/wp-json\/wp\/v2\/comments?post=4237"}],"version-history":[{"count":2,"href":"https:\/\/habitatgo.com\/fr\/wp-json\/wp\/v2\/pages\/4237\/revisions"}],"predecessor-version":[{"id":4791,"href":"https:\/\/habitatgo.com\/fr\/wp-json\/wp\/v2\/pages\/4237\/revisions\/4791"}],"up":[{"embeddable":true,"href":"https:\/\/habitatgo.com\/fr\/wp-json\/wp\/v2\/pages\/4308"}],"wp:featuredmedia":[{"embeddable":true,"href":"https:\/\/habitatgo.com\/fr\/wp-json\/wp\/v2\/media\/4238"}],"wp:attachment":[{"href":"https:\/\/habitatgo.com\/fr\/wp-json\/wp\/v2\/media?parent=4237"}],"curies":[{"name":"wp","href":"https:\/\/api.w.org\/{rel}","templated":true}]}}