{"id":4229,"date":"2024-07-22T16:36:31","date_gmt":"2024-07-22T20:36:31","guid":{"rendered":"https:\/\/hfh-02.eproofs.ca\/dons-en-milieu-de-travail\/"},"modified":"2025-09-25T12:03:57","modified_gmt":"2025-09-25T16:03:57","slug":"dons-en-milieu-de-travail","status":"publish","type":"page","link":"https:\/\/habitatgo.com\/fr\/dons-en-milieu-de-travail\/","title":{"rendered":"Dons en milieu de travail"},"content":{"rendered":"<div class=\"wp-block-group is-style-background has-background has-theme-dark-background-color padding-top-thick alignfull wp-block-eup-blocks-banner\">\r\n    <div class=\"banner-image-wrapper has-background-image has-background-overlay has-overlay-opacity-80 has-overlay-fade-from-left\" style=\"background-image: url(https:\/\/habitatgo.com\/wp-content\/uploads\/2025\/09\/hammers-lined-banner.jpg); background-size: cover; background-position: 18% 32%\">\n    <img loading=\"lazy\" decoding=\"async\" width=\"1920\" height=\"1281\" src=\"https:\/\/habitatgo.com\/wp-content\/uploads\/2025\/09\/hammers-lined-banner.jpg\" class=\"eup-block-banner-image\" alt=\"\" \/><\/div>\n<div class=\"banner-content-wrap alignwide\">\n    <div class=\"banner-content\" style=\"max-width: 600px\">\n        \n<?xml encoding=\"utf-8\" ?><h1 class=\"wp-block-heading has-text-align-left\" id=\"toc-dons-en-milieu-de-travail\">Dons en milieu de travail<\/h1>\n\n    <\/div>\n<\/div><\/div>\n<div class=\"wp-block-group alignfull has-background has-theme-light-background-color has-background-size-cover has-background-resolution-full is-layout-constrained wp-block-group-is-layout-constrained\"><?xml encoding=\"utf-8\" ?><h2 class=\"wp-block-heading has-text-align-center has-text-align-center\" id=\"toc-une-facon-rapide-et-efficace-de-soutenir-laccession-a-la-propriete-abordable-et-les-familles-locales\">Une fa&ccedil;on rapide et efficace de soutenir l&rsquo;accession &agrave; la propri&eacute;t&eacute; abordable et les familles locales<\/h2>\n\n\n\n<p>Les dons en milieu de travail sont un moyen simple et percutant pour les employeurs et leurs employ\u00e9s de soutenir Habitat Grand Ottawa. En participant \u00e0 une campagne de dons en milieu de travail, vos dons contribueront \u00e0 la construction de logements plus s\u00fbrs et abordables pour les familles locales \u00e0 Ottawa et dans les communaut\u00e9s environnantes. <\/p>\n\n\n\n<p>Ce n&rsquo;est un secret pour personne qu&rsquo;il existe une crise du logement abordable dans notre ville et dans tout le pays, et la solution la plus efficace et \u00e0 long terme pour mettre fin \u00e0 cette crise est de construire davantage de logements abordables. En tant que <strong>seul<\/strong> organisme de bienfaisance d&rsquo;Ottawa qui construit et offre des possibilit\u00e9s d&rsquo;accession \u00e0 la propri\u00e9t\u00e9 abordable, le soutien de vous et de votre employeur aura un impact imm\u00e9diat et g\u00e9n\u00e9rationnel pour les familles et les communaut\u00e9s que nous servons.  <b>Vous voulez aider \u00e0 mettre fin \u00e0 la crise locale du logement ? Soutenez Habitat Grand Ottawa <\/b>.<\/p>\n\n\n\n<p>Nous pouvons faire partie de votre prochaine campagne de dons en milieu de travail ! Veuillez contacter Karlee \u00e0 <a href=\"mailto:kouellette@habitatgo.com\" target=\"_blank\" rel=\"noopener\">kouellette@habitatgo.com<\/a> pour en savoir plus. <\/p>\n<\/div>\n\n<div class=\"wp-block-group alignwide has-background has-theme-primary-background-color has-background-size-cover has-background-resolution-full is-layout-constrained wp-block-group-is-layout-constrained\"><?xml encoding=\"utf-8\" ?><h2 class=\"wp-block-heading alignwide has-text-align-center has-text-align-center\" id=\"toc-etes-vous-un-employe-participant-a-une-campagne-de-dons-en-milieu-de-travail\">&Ecirc;tes-vous un employ&eacute; participant &agrave; une <br>campagne de dons en milieu de travail ?<\/h2>\n\n\n\n<div class=\"wp-block-columns alignwide has-column-gap-thin is-layout-flex wp-block-columns-is-layout-flex\">\n<div class=\"wp-block-column is-vertically-aligned-center has-column-padding-thin is-layout-flow wp-block-column-is-layout-flow\" style=\"flex-basis:50%\">\n<figure class=\"wp-block-image is-style-rounded\" data-dynamic-alt=\"true\" data-dynamic-caption=\"true\" data-dynamic-title=\"true\"><img decoding=\"async\" src=\"https:\/\/habitatgo.com\/wp-content\/uploads\/2025\/09\/workplaceGiving2a.jpg\" alt=\"\"\/><\/figure>\n<\/div>\n\n\n\n<div class=\"wp-block-column has-column-padding-thin is-layout-flow wp-block-column-is-layout-flow\" style=\"flex-basis:50%\"><?xml encoding=\"utf-8\" ?><h3 class=\"wp-block-heading has-text-align-left\" id=\"toc-choisissez-habitat-grand-ottawa-comme-organisme-de-bienfaisance\">Choisissez Habitat Grand Ottawa comme organisme de bienfaisance !<\/h3>\n\n\n\n<p class=\"has-text-size-large\">Lorsque vous remplissez votre formulaire de campagne en milieu de travail, nous serions honor\u00e9s si vous choisissiez de diriger votre don vers Habitat Grand Ottawa ! Que ce soit par le biais de la CCMTGC, de Centraide, de Benevity ou d&rsquo;une autre plateforme de dons en milieu de travail, vous pouvez indiquer votre soutien \u00e0 Habitat Grand Ottawa. <\/p>\n\n\n\n<p class=\"has-text-size-large\"><em>Veuillez utiliser le num\u00e9ro d&rsquo;enregistrement d&rsquo;organisme de bienfaisance : <strong>140290735 RR 0001<\/strong> pour vous assurer que vos dons sont dirig\u00e9s vers Habitat pour l&rsquo;humanit\u00e9 de la r\u00e9gion de la capitale nationale (op\u00e9rant sous le nom d&rsquo;Habitat pour l&rsquo;humanit\u00e9 Grand Ottawa).<\/em><\/p>\n<\/div>\n<\/div>\n<\/div>\n\n<div class=\"wp-block-group alignwide has-background has-theme-light-background-color has-background-size-cover has-background-resolution-full is-layout-constrained wp-block-group-is-layout-constrained\">\n<div class=\"wp-block-columns alignwide has-column-gap-thin is-layout-flex wp-block-columns-is-layout-flex\">\n<div class=\"wp-block-column has-column-padding-thin is-layout-flow wp-block-column-is-layout-flow\" style=\"flex-basis:60%\"><?xml encoding=\"utf-8\" ?><h4 class=\"wp-block-heading has-text-align-left\" id=\"toc-retenues-sur-salaire\">Retenues sur salaire<\/h4>\n\n\n\n<p>De nombreux employeurs offrent un programme de retenues sur salaire au profit d&rsquo;organismes de bienfaisance &#8211; faites un don d&rsquo;aussi peu qu&rsquo;un dollar par ch\u00e8que de paie ! Le don sur salaire est une m\u00e9thode simple et fiscalement avantageuse de faire un don par le biais de votre salaire. En faisant pr\u00e9lever automatiquement votre don sur votre ch\u00e8que de paie, c&rsquo;est une fa\u00e7on simple et sans effort de donner \u00e0 Habitat Grand Ottawa.  <\/p>\n\n\n<?xml encoding=\"utf-8\" ?><h4 class=\"wp-block-heading has-text-align-left\" id=\"toc-campagnes-de-jumelage\">Campagnes de jumelage<\/h4>\n\n\n\n<p>Saviez-vous que de nombreux employeurs proposent des options de jumelage en milieu de travail ? Cela signifie que votre employeur fera un don \u00e9gal \u00e0 votre contribution &#8211; doublant (ou m\u00eame triplant) votre don ! <\/p>\n\n\n<?xml encoding=\"utf-8\" ?><h4 class=\"wp-block-heading has-text-align-left\" id=\"toc-incitation-au-benevolat-des-employes\">Incitation au b&eacute;n&eacute;volat des employ&eacute;s<\/h4>\n\n\n\n<p>Si vous \u00eates b\u00e9n\u00e9vole chez Habitat Grand Ottawa, ou si vous envisagez de faire du b\u00e9n\u00e9volat avec nous, votre employeur peut avoir un programme d&rsquo;incitation o\u00f9 il fera un don \u00e0 toute organisation pour laquelle vous choisissez de faire du b\u00e9n\u00e9volat.<\/p>\n<\/div>\n\n\n\n<div class=\"wp-block-column is-vertically-aligned-center has-column-padding-thin is-layout-flow wp-block-column-is-layout-flow\" style=\"flex-basis:40%\">\n<figure class=\"wp-block-image is-style-rounded\" data-dynamic-alt=\"true\" data-dynamic-caption=\"true\" data-dynamic-title=\"true\"><img decoding=\"async\" src=\"https:\/\/habitatgo.com\/wp-content\/uploads\/2025\/09\/workplaceGivinga.jpg\" alt=\"\"\/><\/figure>\n<\/div>\n<\/div>\n<\/div>\n\n<div class=\"wp-block-group alignwide has-background has-theme-offset-background-color has-background-size-cover has-background-resolution-full is-layout-constrained wp-block-group-is-layout-constrained\"><?xml encoding=\"utf-8\" ?><h2 class=\"wp-block-heading has-text-align-left\" id=\"toc-etes-vous-un-employeur-organisant-une-campagne-de-dons-en-milieu-de-travail\">&Ecirc;tes-vous un employeur organisant une campagne de dons en milieu de travail ?<\/h2>\n\n\n<?xml encoding=\"utf-8\" ?><h5 class=\"wp-block-heading has-text-align-left\" id=\"toc-laissez-nous-vous-aider\">Laissez-nous vous aider !<\/h5>\n\n\n\n<p>Un \u00e9v\u00e9nement de dons en milieu de travail aide non seulement les organismes de bienfaisance et la communaut\u00e9, mais c&rsquo;est aussi un excellent moyen d&rsquo;augmenter la r\u00e9tention des employ\u00e9s, de stimuler le moral et de contribuer \u00e0 vos objectifs de responsabilit\u00e9 sociale d&rsquo;entreprise. Le personnel d&rsquo;Habitat Grand Ottawa est l\u00e0 pour aider les employeurs \u00e0 mener leur campagne de dons en milieu de travail et \u00e0 impliquer le personnel par le biais de conf\u00e9rences, d&rsquo;opportunit\u00e9s de b\u00e9n\u00e9volat, de journ\u00e9es d&rsquo;\u00e9quipe ou d&rsquo;\u00e9v\u00e9nements de collecte de fonds. <\/p>\n\n\n<?xml encoding=\"utf-8\" ?><h5 class=\"wp-block-heading has-text-align-left\" id=\"toc-comment-nous-pouvons-soutenir-votre-campagne-en-milieu-de-travail\">Comment nous pouvons soutenir votre campagne en milieu de travail :<\/h5>\n\n\n<?xml encoding=\"utf-8\" ?><h3 class=\"wp-block-heading has-text-align-left\" id=\"toc-organiser-un-evenement-de-dons-en-milieu-de-travail\">Organiser un &eacute;v&eacute;nement de dons en milieu de travail<\/h3>\n\n\n\n<p>Si votre employeur ou votre d\u00e9partement organise un \u00e9v\u00e9nement de dons en milieu de travail, le personnel d&rsquo;Habitat Grand Ottawa est disponible pour animer un d\u00e9jeuner-conf\u00e9rence, une pr\u00e9sentation, une conf\u00e9rence ou tenir un stand\/table. Nous sommes heureux d&rsquo;engager le dialogue avec votre personnel et vos coll\u00e8gues pour discuter de l&rsquo;importance de l&rsquo;accession \u00e0 la propri\u00e9t\u00e9 abordable et de la construction de communaut\u00e9s plus fortes et plus saines. <\/p>\n\n\n<?xml encoding=\"utf-8\" ?><h3 class=\"wp-block-heading has-text-align-left\" id=\"toc-journee-dequipe-restore-investissez-dans-vos-employes-en-investissant-dans-votre-communaute\">Journ&eacute;e d&rsquo;&eacute;quipe ReStore : investissez dans vos employ&eacute;s en investissant dans votre communaut&eacute; !<\/h3>\n\n\n\n<p><strong>Construisez des \u00e9quipes. Construisez des maisons. Construisez des communaut\u00e9s.  <\/strong><\/p>\n\n\n\n<p>Une journ\u00e9e d&rsquo;\u00e9quipe ReStore est une opportunit\u00e9 unique d&rsquo;engagement des employ\u00e9s qui offre \u00e0 votre employeur la chance d&rsquo;investir dans ses employ\u00e9s tout en faisant une diff\u00e9rence tangible dans la vie des familles locales. Les membres de l&rsquo;\u00e9quipe passeront une journ\u00e9e m\u00e9morable dans l&rsquo;un de nos magasins ReStore d&rsquo;Habitat Grand Ottawa. En tant que d\u00e9taillant local d&rsquo;entreprise sociale, <strong>tous<\/strong> les b\u00e9n\u00e9fices de nos op\u00e9rations financent Habitat Grand Ottawa pour aider plus de familles \u00e0 acc\u00e9der \u00e0 un logement s\u00fbr et d\u00e9cent.  <\/p>\n\n\n\n<p>Notre journ\u00e9e d&rsquo;\u00e9quipe ReStore est id\u00e9ale pour les \u00e9quipes d&rsquo;entreprise de 5 \u00e0 10 personnes qui cherchent \u00e0 soutenir leur communaut\u00e9 de mani\u00e8re significative, tout en apprenant de nouvelles comp\u00e9tences. Nous nous occupons de votre journ\u00e9e ReStore, de l&rsquo;inscription \u00e0 la formation, en passant par l&rsquo;\u00e9quipement de s\u00e9curit\u00e9 et le d\u00e9jeuner. <\/p>\n\n\n\n<p>Et ce n&rsquo;est pas tout ! Votre employeur recevra un certain nombre d&rsquo;avantages en termes de reconnaissance pour votre journ\u00e9e, notamment des opportunit\u00e9s de photos, du contenu pour les m\u00e9dias sociaux ainsi que la reconnaissance du nom et du parrainage. Un partenariat avec Habitat pour l&rsquo;humanit\u00e9 signifie que vous vous associez \u00e0 l&rsquo;une des organisations \u00e0 but non lucratif les plus fiables et reconnues en Am\u00e9rique du Nord. Redonnez \u00e0 la communaut\u00e9 tout en renfor\u00e7ant le profil de votre entreprise en tant que citoyen corporatif engag\u00e9.   <\/p>\n\n\n\n<p><a href=\"https:\/\/www.facebook.com\/reel\/1132568841127054\" target=\"_blank\" rel=\"noopener external noreferrer\" data-wpel-link=\"external\"><strong>Cliquez ici<\/strong> pour d\u00e9couvrir pourquoi vous devriez organiser une journ\u00e9e d&rsquo;\u00e9quipe ReStore pour votre prochain \u00e9v\u00e9nement de team building<\/a> !<\/p>\n\n\n\n<figure class=\"wp-block-gallery has-nested-images columns-default has-gallery-style-columns has-desktop-columns-4 has-tablet-columns-2 has-mobile-columns-1 wp-block-gallery-1 is-layout-flex wp-block-gallery-is-layout-flex\" data-autoplay-timeout=\"5000\"><?xml encoding=\"utf-8\" ?><figure class=\"wp-block-image size-full is-style-rounded\" data-dynamic-alt=\"true\" data-dynamic-caption=\"true\" data-dynamic-title=\"true\" data-media-id=\"1562\"><img loading=\"lazy\" decoding=\"async\" width=\"1500\" height=\"1057\" data-id=\"1562\" src=\"https:\/\/habitatgo.com\/wp-content\/uploads\/2025\/09\/ReStoreDay7-1.jpg\" alt=\"\" class=\"wp-image-1562\" title=\"ReStoreDay7\"><\/figure>\n\n<?xml encoding=\"utf-8\" ?><figure class=\"wp-block-image size-full is-style-rounded\" data-dynamic-alt=\"true\" data-dynamic-caption=\"true\" data-dynamic-title=\"true\" data-media-id=\"1563\"><img loading=\"lazy\" decoding=\"async\" width=\"1500\" height=\"1000\" data-id=\"1563\" src=\"https:\/\/habitatgo.com\/wp-content\/uploads\/2025\/09\/ReStoreDay-1.jpg\" alt=\"\" class=\"wp-image-1563\" title=\"ReStoreDay\"><\/figure>\n\n<?xml encoding=\"utf-8\" ?><figure class=\"wp-block-image size-full is-style-rounded\" data-dynamic-alt=\"true\" data-dynamic-caption=\"true\" data-dynamic-title=\"true\" data-media-id=\"1564\"><img loading=\"lazy\" decoding=\"async\" width=\"1500\" height=\"973\" data-id=\"1564\" src=\"https:\/\/habitatgo.com\/wp-content\/uploads\/2025\/09\/ReStoreDay2-1.jpg\" alt=\"\" class=\"wp-image-1564\" title=\"ReStoreDay2\"><\/figure>\n\n<?xml encoding=\"utf-8\" ?><figure class=\"wp-block-image size-full is-style-rounded\" data-dynamic-alt=\"true\" data-dynamic-caption=\"true\" data-dynamic-title=\"true\" data-media-id=\"1565\"><img loading=\"lazy\" decoding=\"async\" width=\"1500\" height=\"1013\" data-id=\"1565\" src=\"https:\/\/habitatgo.com\/wp-content\/uploads\/2025\/09\/ReStoreDay5-1.jpg\" alt=\"\" class=\"wp-image-1565\" title=\"ReStoreDay5\"><\/figure><\/figure>\n\n\n<?xml encoding=\"utf-8\" ?><h3 class=\"wp-block-heading has-text-align-left\" id=\"toc-organiser-une-collecte-de-fonds-en-milieu-de-travail\">Organiser une collecte de fonds en milieu de travail<\/h3>\n\n\n\n<p>Vous cherchez \u00e0 engager vos employ\u00e9s et coll\u00e8gues de mani\u00e8re amusante et significative au bureau ? Organisez un \u00e9v\u00e9nement de collecte de fonds en milieu de travail pendant le d\u00e9jeuner au bureau ou tout au long de la journ\u00e9e. Des id\u00e9es de collecte de fonds amusantes et faciles en milieu de travail incluent des repas-partage, des ventes de p\u00e2tisseries, des vendredis d\u00e9contract\u00e9s, des tirages au sort, des ench\u00e8res silencieuses, des soir\u00e9es de jeux et plus encore.  <\/p>\n\n\n\n<p>Chez Habitat Grand Ottawa, nous pouvons organiser l&rsquo;\u00e9v\u00e9nement <strong>Signez un montant<\/strong> de votre bureau, o\u00f9 les entreprises peuvent parrainer leurs employ\u00e9s pour qu&rsquo;ils signent des \u00ab montants de charpente \u00bb en bois de 2&#215;4 et laissent des messages sinc\u00e8res aux familles Habitat. Ces montants de charpente d\u00e9cor\u00e9s seront install\u00e9s dans le prochain d\u00e9veloppement d&rsquo;Habitat Grand Ottawa, avec des photos et une reconnaissance sur les m\u00e9dias sociaux. <strong><a href=\"https:\/\/www.facebook.com\/HabitatGO\/posts\/pfbid026N6d5JEuqBJHgh6gbEW71CV47ZZvAa4cVKpdeJA6dbbXeJwx2J4mBY2Cdn62dXj5l?__cft__%5B0%5D=AZVvgqtix6LsUTz6KUYZeoS9NMshDWS24fRa6RoQJYsslV4GIK6RcKT7jKZ24_TZop5776u3z9SmknwnLx9moF8xcnIxz124_rZ0VVk-Qj0wiTcnmAH9E-watNfL2Bkjy4Aq6qxUk6XNQEwRVVEI7vl2uN6mRQl6wW_GgkyHTqMkHClNQ7kXGlRal9cif-aVTJoiccikg3OXQxvBbokPFTuO&amp;__tn__=%2CO%2CP-R\" target=\"_blank\" rel=\"noopener external noreferrer\" data-wpel-link=\"external\">Cliquez ici pour voir les photos de l&rsquo;\u00e9v\u00e9nement Signez un montant de Colonnade BridgePort<\/a><\/strong>. <\/p>\n\n\n\n<figure class=\"wp-block-gallery has-nested-images columns-default has-gallery-style-columns has-desktop-columns-3 has-tablet-columns-2 has-mobile-columns-1 wp-block-gallery-2 is-layout-flex wp-block-gallery-is-layout-flex\" data-autoplay-timeout=\"5000\"><?xml encoding=\"utf-8\" ?><figure class=\"wp-block-image size-full is-style-rounded\" data-dynamic-alt=\"true\" data-dynamic-caption=\"true\" data-dynamic-title=\"true\" data-media-id=\"1566\"><img loading=\"lazy\" decoding=\"async\" width=\"1500\" height=\"1000\" data-id=\"1566\" src=\"https:\/\/habitatgo.com\/wp-content\/uploads\/2025\/09\/signastud2.jpg\" alt=\"\" class=\"wp-image-1566\" title=\"signastud2\"><\/figure>\n\n<?xml encoding=\"utf-8\" ?><figure class=\"wp-block-image size-full is-style-rounded\" data-dynamic-alt=\"true\" data-dynamic-caption=\"true\" data-dynamic-title=\"true\" data-media-id=\"1567\"><img loading=\"lazy\" decoding=\"async\" width=\"1500\" height=\"1000\" data-id=\"1567\" src=\"https:\/\/habitatgo.com\/wp-content\/uploads\/2025\/09\/signastud3.jpg\" alt=\"\" class=\"wp-image-1567\" title=\"signastud3\"><\/figure>\n\n<?xml encoding=\"utf-8\" ?><figure class=\"wp-block-image size-full is-style-rounded\" data-dynamic-alt=\"true\" data-dynamic-caption=\"true\" data-dynamic-title=\"true\" data-media-id=\"1568\"><img loading=\"lazy\" decoding=\"async\" width=\"1500\" height=\"1000\" data-id=\"1568\" src=\"https:\/\/habitatgo.com\/wp-content\/uploads\/2025\/09\/signastud.jpg\" alt=\"\" class=\"wp-image-1568\" title=\"signastud\"><\/figure><\/figure>\n<\/div>\n","protected":false},"excerpt":{"rendered":"<p>Une fa&ccedil;on rapide et efficace de soutenir l&rsquo;accession &agrave; la propri&eacute;t&eacute; abordable et les familles locales Les dons en milieu de travail sont un moyen simple et percutant pour les employeurs et leurs employ\u00e9s de soutenir Habitat Grand Ottawa. En participant \u00e0 une campagne de dons en milieu de travail, vos dons contribueront \u00e0 la [&hellip;]<\/p>\n","protected":false},"author":1,"featured_media":4230,"parent":0,"menu_order":0,"comment_status":"closed","ping_status":"closed","template":"","meta":{"_acf_changed":false,"footnotes":""},"class_list":["post-4229","page","type-page","status-publish","has-post-thumbnail","hentry"],"better_featured_image":{"id":4230,"alt_text":"","caption":"","description":"","media_type":"image","media_details":{"width":1500,"height":1000,"file":"2025\/09\/signastud3.jpg","filesize":176933,"sizes":{"thumbnail":{"file":"signastud3-150x150.jpg","width":150,"height":150,"mime-type":"image\/jpeg","filesize":8076,"source_url":"https:\/\/habitatgo.com\/wp-content\/uploads\/2025\/09\/signastud3-150x150.jpg"},"hero-banner":{"file":"signastud3-1500x600.jpg","width":1500,"height":600,"mime-type":"image\/jpeg","filesize":149806,"source_url":"https:\/\/habitatgo.com\/wp-content\/uploads\/2025\/09\/signastud3-1500x600.jpg"},"hero-side":{"file":"signastud3-960x600.jpg","width":960,"height":600,"mime-type":"image\/jpeg","filesize":118595,"source_url":"https:\/\/habitatgo.com\/wp-content\/uploads\/2025\/09\/signastud3-960x600.jpg"}},"image_meta":{"aperture":"0","credit":"","camera":"","caption":"","created_timestamp":"0","copyright":"","focal_length":"0","iso":"0","shutter_speed":"0","title":"","orientation":"0","keywords":[]}},"post":4229,"source_url":"https:\/\/habitatgo.com\/wp-content\/uploads\/2025\/09\/signastud3.jpg"},"acf":[],"_links":{"self":[{"href":"https:\/\/habitatgo.com\/fr\/wp-json\/wp\/v2\/pages\/4229","targetHints":{"allow":["GET"]}}],"collection":[{"href":"https:\/\/habitatgo.com\/fr\/wp-json\/wp\/v2\/pages"}],"about":[{"href":"https:\/\/habitatgo.com\/fr\/wp-json\/wp\/v2\/types\/page"}],"author":[{"embeddable":true,"href":"https:\/\/habitatgo.com\/fr\/wp-json\/wp\/v2\/users\/1"}],"replies":[{"embeddable":true,"href":"https:\/\/habitatgo.com\/fr\/wp-json\/wp\/v2\/comments?post=4229"}],"version-history":[{"count":1,"href":"https:\/\/habitatgo.com\/fr\/wp-json\/wp\/v2\/pages\/4229\/revisions"}],"predecessor-version":[{"id":4236,"href":"https:\/\/habitatgo.com\/fr\/wp-json\/wp\/v2\/pages\/4229\/revisions\/4236"}],"wp:featuredmedia":[{"embeddable":true,"href":"https:\/\/habitatgo.com\/fr\/wp-json\/wp\/v2\/media\/4230"}],"wp:attachment":[{"href":"https:\/\/habitatgo.com\/fr\/wp-json\/wp\/v2\/media?parent=4229"}],"curies":[{"name":"wp","href":"https:\/\/api.w.org\/{rel}","templated":true}]}}