{"id":4226,"date":"2017-06-01T04:00:00","date_gmt":"2017-06-01T08:00:00","guid":{"rendered":"https:\/\/hfh-02.eproofs.ca\/soutenez-nous\/"},"modified":"2025-09-25T12:03:57","modified_gmt":"2025-09-25T16:03:57","slug":"soutenez-nous","status":"publish","type":"page","link":"https:\/\/habitatgo.com\/fr\/soutenez-nous\/","title":{"rendered":"Soutenez-nous"},"content":{"rendered":"<div class=\"wp-block-group is-style-plain has-background has-theme-primary-background-color padding-top-thin padding-bottom-thin alignfull wp-block-eup-blocks-banner\">\r\n    <div class=\"banner-content-wrap alignwide\">\r\n    <div class=\"banner-content\" style=\"max-width: 800px\">\r\n        \n<?xml encoding=\"utf-8\" ?><h1 class=\"wp-block-heading has-text-align-left\" id=\"toc-soutenez-nous\">Soutenez-nous<\/h1>\n\n    <\/div>\r\n<\/div><\/div><?xml encoding=\"utf-8\" ?><h2 class=\"wp-block-heading has-text-align-left\" id=\"toc-comment-vous-pouvez-aider\">Comment vous pouvez aider<\/h2>\n\n<p>Habitat pour l\u2019humanit\u00e9 fonctionne selon un principe simple\u00a0: l\u2019acc\u00e8s \u00e0 un logement s\u00fbr, d\u00e9cent et abordable est un droit humain fondamental, et aider les familles \u00e0 faible revenu \u00e0 briser le cycle de la pauvret\u00e9 gr\u00e2ce \u00e0 l\u2019accession \u00e0 la propri\u00e9t\u00e9 abordable renforce non seulement les familles, mais am\u00e9liore \u00e9galement des communaut\u00e9s enti\u00e8res.<\/p>\n\n<p>Et le besoin n\u2019a jamais \u00e9t\u00e9 aussi grand.<\/p>\n\n<p>Lorsque vous soutenez Habitat pour l\u2019humanit\u00e9 par un don, nous ne cessons jamais d\u2019utiliser votre dollar\u00a0: il est investi dans des maisons o\u00f9 les paiements hypoth\u00e9caires des familles partenaires servent \u00e0 financer de futurs logements, ce qui permet \u00e0 un plus grand nombre de familles de briser le cycle de la pauvret\u00e9. C\u2019est ce qui fait d\u2019Habitat pour l\u2019humanit\u00e9 une solution unique et durable\u00a0; votre soutien est un investissement dans les familles canadiennes et a un impact qui peut s\u2019\u00e9tendre sur des g\u00e9n\u00e9rations <\/p>\n\n<p>Nous faisons appel \u00e0 des b\u00e9n\u00e9voles et \u00e0 des dons en nature pour maintenir les co\u00fbts de construction \u00e0 un niveau bas afin de maximiser l\u2019impact de votre dollar. De plus, gr\u00e2ce \u00e0 notre exploitation <a href=\"https:\/\/habitatgo.com\/restore\/\" data-wpel-link=\"external\" target=\"_blank\" rel=\"external noopener noreferrer\">ReStore<\/a>, qui vend des meubles et des mat\u00e9riaux de r\u00e9novation donn\u00e9s, neufs et l\u00e9g\u00e8rement usag\u00e9s, nos frais d\u2019administration et de collecte de fonds sont couverts, ce qui signifie que votre don est encore plus utile. <\/p>\n\n<figure class=\"wp-block-image\" data-dynamic-alt=\"true\" data-dynamic-caption=\"true\" data-dynamic-title=\"true\"><a href=\"https:\/\/habitatgo.com\/donate-now\/\" data-wpel-link=\"external\" target=\"_blank\" rel=\"external noopener noreferrer\"><img decoding=\"async\" src=\"https:\/\/habitatgo.com\/wp-content\/uploads\/2025\/09\/donate.jpg\" alt=\"\"\/><\/a><\/figure>\n\n<figure class=\"wp-block-image\" data-dynamic-alt=\"true\" data-dynamic-caption=\"true\" data-dynamic-title=\"true\"><a href=\"https:\/\/habitatgo.com\/sponsorship\/\" data-wpel-link=\"external\" target=\"_blank\" rel=\"external noopener noreferrer\"><img decoding=\"async\" src=\"https:\/\/habitatgo.com\/wp-content\/uploads\/2025\/09\/sponsorship.jpg\" alt=\"\"\/><\/a><\/figure>\n\n<figure class=\"wp-block-image\" data-dynamic-alt=\"true\" data-dynamic-caption=\"true\" data-dynamic-title=\"true\"><a href=\"https:\/\/habitatgo.com\/host-a-fundraiser\/\" data-wpel-link=\"external\" target=\"_blank\" rel=\"external noopener noreferrer\"><img decoding=\"async\" src=\"https:\/\/habitatgo.com\/wp-content\/uploads\/2025\/09\/host-a-fundraiser.jpg\" alt=\"\"\/><\/a><\/figure>\n\n<p><br\/><br\/>\n<\/p>\n","protected":false},"excerpt":{"rendered":"<p>Comment vous pouvez aider Habitat pour l\u2019humanit\u00e9 fonctionne selon un principe simple\u00a0: l\u2019acc\u00e8s \u00e0 un logement s\u00fbr, d\u00e9cent et abordable est un droit humain fondamental, et aider les familles \u00e0 faible revenu \u00e0 briser le cycle de la pauvret\u00e9 gr\u00e2ce \u00e0 l\u2019accession \u00e0 la propri\u00e9t\u00e9 abordable renforce non seulement les familles, mais am\u00e9liore \u00e9galement des [&hellip;]<\/p>\n","protected":false},"author":1,"featured_media":4227,"parent":0,"menu_order":0,"comment_status":"closed","ping_status":"closed","template":"","meta":{"_acf_changed":false,"footnotes":""},"class_list":["post-4226","page","type-page","status-publish","has-post-thumbnail","hentry"],"better_featured_image":{"id":4227,"alt_text":"","caption":"","description":"","media_type":"image","media_details":{"width":800,"height":600,"file":"2025\/09\/donate.jpg","filesize":57313,"sizes":{"thumbnail":{"file":"donate-150x150.jpg","width":150,"height":150,"mime-type":"image\/jpeg","filesize":6219,"source_url":"https:\/\/habitatgo.com\/wp-content\/uploads\/2025\/09\/donate-150x150.jpg"}},"image_meta":{"aperture":"0","credit":"","camera":"","caption":"","created_timestamp":"0","copyright":"","focal_length":"0","iso":"0","shutter_speed":"0","title":"","orientation":"0","keywords":[]}},"post":4226,"source_url":"https:\/\/habitatgo.com\/wp-content\/uploads\/2025\/09\/donate.jpg"},"acf":[],"_links":{"self":[{"href":"https:\/\/habitatgo.com\/fr\/wp-json\/wp\/v2\/pages\/4226","targetHints":{"allow":["GET"]}}],"collection":[{"href":"https:\/\/habitatgo.com\/fr\/wp-json\/wp\/v2\/pages"}],"about":[{"href":"https:\/\/habitatgo.com\/fr\/wp-json\/wp\/v2\/types\/page"}],"author":[{"embeddable":true,"href":"https:\/\/habitatgo.com\/fr\/wp-json\/wp\/v2\/users\/1"}],"replies":[{"embeddable":true,"href":"https:\/\/habitatgo.com\/fr\/wp-json\/wp\/v2\/comments?post=4226"}],"version-history":[{"count":1,"href":"https:\/\/habitatgo.com\/fr\/wp-json\/wp\/v2\/pages\/4226\/revisions"}],"predecessor-version":[{"id":4228,"href":"https:\/\/habitatgo.com\/fr\/wp-json\/wp\/v2\/pages\/4226\/revisions\/4228"}],"wp:featuredmedia":[{"embeddable":true,"href":"https:\/\/habitatgo.com\/fr\/wp-json\/wp\/v2\/media\/4227"}],"wp:attachment":[{"href":"https:\/\/habitatgo.com\/fr\/wp-json\/wp\/v2\/media?parent=4226"}],"curies":[{"name":"wp","href":"https:\/\/api.w.org\/{rel}","templated":true}]}}