{"id":4217,"date":"2025-09-02T16:52:18","date_gmt":"2025-09-02T20:52:18","guid":{"rendered":"https:\/\/hfh-02.eproofs.ca\/participez\/"},"modified":"2026-01-07T12:18:59","modified_gmt":"2026-01-07T17:18:59","slug":"participez","status":"publish","type":"page","link":"https:\/\/habitatgo.com\/fr\/participez\/","title":{"rendered":"Participez"},"content":{"rendered":"<div class=\"wp-block-group is-style-background has-background has-theme-light-background-color padding-top-thick alignfull wp-block-eup-blocks-banner\">\r\n    <div class=\"banner-image-wrapper has-background-image has-background-overlay has-overlay-opacity-10\" style=\"background-image: url(https:\/\/habitatgo.com\/wp-content\/uploads\/2025\/10\/habitatBanner_VolunteerPg.jpg); background-size: cover; background-position: 74% 21%\">\n    <img loading=\"lazy\" decoding=\"async\" width=\"1920\" height=\"800\" src=\"https:\/\/habitatgo.com\/wp-content\/uploads\/2025\/10\/habitatBanner_VolunteerPg.jpg\" class=\"eup-block-banner-image\" alt=\"\" \/><\/div>\n<div class=\"banner-content-wrap alignwide\">\n    <div class=\"banner-content\" style=\"max-width: 600px\">\n        \n<?xml encoding=\"utf-8\" ?><h1 class=\"wp-block-heading has-text-align-left\" id=\"toc-des-communautes-plus-fortescommencent-avec-vous\">Des communaut&eacute;s plus fortes<br>commencent avec vous&nbsp;! <\/h1>\n\n\n\n<p class=\"has-text-size-extra-large\">Tout ce que vous faites en tant que b\u00e9n\u00e9vole contribue \u00e0 construire des logements abordables pour les familles, contribuant ainsi \u00e0 cr\u00e9er des communaut\u00e9s plus inclusives et \u00e9quitables dans l\u2019ensemble d\u2019Ottawa et des environs.<\/p>\n\n\n\n<div class=\"wp-block-buttons is-layout-flex wp-block-buttons-is-layout-flex\">\n<div class=\"wp-block-button has-inner-accent-background-color has-text-align-center\"><a class=\"wp-block-button__link has-text-align-center wp-element-button\" href=\"#opportunities\">Opportunit\u00e9s actuelles<\/a><\/div>\n\n\n\n<div class=\"wp-block-button is-style-fill has-inner-accent-background-color has-text-align-center\"><a class=\"wp-block-button__link has-text-align-center wp-element-button\" href=\"https:\/\/app.betterimpact.com\/PublicOrganization\/7cc82464-6d5a-4161-b860-9a06729111c1\/1\" target=\"_blank\" rel=\"noreferrer noopener external\" data-wpel-link=\"external\">Inscrivez-vous maintenant<\/a><\/div>\n<\/div>\n\n    <\/div>\n<\/div><\/div>\n<div class=\"wp-block-group alignfull animate-slide-top animate-speed-slow has-background has-theme-light-background-color has-background-size-cover has-background-resolution-full is-layout-constrained wp-block-group-is-layout-constrained\"><?xml encoding=\"utf-8\" ?><h2 class=\"wp-block-heading has-text-align-center has-text-align-center\" id=\"toc-choisissez-votre-voie-de-benevolat\">Choisissez votre voie de b&eacute;n&eacute;volat<\/h2>\n\n\n\n<p class=\"has-text-align-center has-text-size-large\">Chaque comp\u00e9tence, horaire et int\u00e9r\u00eat trouve sa place dans notre mission. D\u00e9couvrez comment vos talents uniques peuvent aider \u00e0 construire des maisons et des communaut\u00e9s gr\u00e2ce au b\u00e9n\u00e9volat. <\/p>\n\n\n\n<div class=\"wp-block-eup-blocks-cards alignfull cards--wrapper is-grid gutter-default graphic-image orientation-vertical alignment-center design-standard size-desktop-1_4 size-tablet-1_2 size-mobile-1_1 image-margin-none aspect-ratio-16_9 title-size-h6 content-size-standard meta-size-small card-color-light animate-slide-top\" data-loop=\"false\" data-nav=\"true\" data-dots=\"false\"><div class=\"cards--inner\">\n<a class=\"wp-block-eup-blocks-card card--wrapper has-background has-theme-light-background-color\" href=\"#opportunities\"><div class=\"card-image--wrapper\"><img decoding=\"async\" class=\"card-image\" src=\"https:\/\/habitatgo.com\/wp-content\/uploads\/2025\/10\/habitatImage_VolunteerInd.jpg\" alt=\"\" data-id=\"4839\"\/><\/div><div class=\"card-content\"><div class=\"card-title\">B\u00e9n\u00e9volat individuel<\/div><div class=\"card-desc\">Rejoignez nos chantiers de construction, aidez dans les magasins ReStore ou soutenez nos op\u00e9rations de bureau. Parfait pour les personnes souhaitant avoir un impact direct <\/div><div class=\"card-more\">Learn More<\/div><\/div><\/a>\n\n\n\n<a class=\"wp-block-eup-blocks-card card--wrapper has-background has-theme-light-background-color\" href=\"https:\/\/habitatgo.com\/support\/\" data-wpel-link=\"external\" target=\"_blank\" rel=\"external noopener noreferrer\"><div class=\"card-image--wrapper\"><img decoding=\"async\" class=\"card-image\" src=\"https:\/\/habitatgo.com\/wp-content\/uploads\/2025\/10\/habitatImage_VolunteerSponsor.jpg\" alt=\"\" data-id=\"4837\"\/><\/div><div class=\"card-content\"><div class=\"card-title\">Commandites d\u2019entreprises<\/div><div class=\"card-desc\">Associez-vous \u00e0 nous par le biais de journ\u00e9es de construction en \u00e9quipe, de commandites ou de programmes de b\u00e9n\u00e9volat d&rsquo;entreprise personnalis\u00e9s. Mobilisez votre \u00e9quipe tout en soutenant notre mission. <\/div><div class=\"card-more\">Learn More<\/div><\/div><\/a>\n\n\n\n<a class=\"wp-block-eup-blocks-card card--wrapper has-background has-theme-light-background-color\" href=\"mailto:volunteer@habittago.ca\"><div class=\"card-image--wrapper\"><img decoding=\"async\" class=\"card-image\" src=\"https:\/\/habitatgo.com\/wp-content\/uploads\/2025\/10\/habitatImage_StudentsCoOps.jpg\" alt=\"\" data-id=\"4824\"\/><\/div><div class=\"card-content\"><div class=\"card-title\">\u00c9tudiants et programmes coop\u00e9ratifs<\/div><div class=\"card-desc\">Nous accueillons les \u00e9tudiants coop\u00e9ratifs du secondaire et du postsecondaire, ainsi que les stagiaires, pour qu&rsquo;ils se joignent \u00e0 nous dans divers r\u00f4les qui r\u00e9pondent aux exigences \u00e9ducatives tout en contribuant \u00e0 la mission d&rsquo;Habitat.<\/div><div class=\"card-more\">Learn More<\/div><\/div><\/a>\n<\/div><\/div>\n<\/div>\n\n<div class=\"wp-block-group alignfull animate-slide-top animate-speed-slow has-background has-theme-light-background-color has-background-size-cover has-background-resolution-full is-layout-constrained wp-block-group-is-layout-constrained\" id=\"opportunities\"><?xml encoding=\"utf-8\" ?><h2 class=\"wp-block-heading has-text-align-center has-text-align-center\" id=\"toc-opportunites-de-benevolat\">Opportunit&eacute;s de b&eacute;n&eacute;volat<\/h2>\n\n\n\n<p class=\"has-text-align-center has-text-size-large\">Des chantiers de construction aux surfaces de vente au d\u00e9tail, trouvez l&rsquo;opportunit\u00e9 de b\u00e9n\u00e9volat id\u00e9ale qui correspond \u00e0 vos int\u00e9r\u00eats, comp\u00e9tences et horaires. Toutes les opportunit\u00e9s comprennent une formation et un soutien. Les b\u00e9n\u00e9voles de 14 \u00e0 15 ans doivent \u00eatre accompagn\u00e9s d&rsquo;un parent ou d&rsquo;un tuteur. Des bottes \u00e0 embout d&rsquo;acier approuv\u00e9es par la CSA sont requises pour le ReStore et la construction.   <\/p>\n\n\n\n<div class=\"wp-block-eup-blocks-cards alignwide cards--wrapper is-carousel-always gutter-margin graphic-icon orientation-vertical alignment-left design-standard size-desktop-1_3 size-tablet-1_2 size-mobile-1_1 title-size-h6 content-size-standard meta-size-small card-color-offset\" data-loop=\"true\" data-nav=\"true\" data-dots=\"false\" data-autoplay=\"true\" data-autoplay-timeout=\"2250\"><div class=\"cards--inner\">\n<a class=\"wp-block-eup-blocks-card card--wrapper has-background has-theme-offset-background-color\" href=\"https:\/\/habitatgo.com\/wp-content\/uploads\/2026\/01\/volunteerPosition_HomeownershipMentor.pdf\" data-wpel-link=\"external\" target=\"_blank\" rel=\"external noopener noreferrer\"><div class=\"card-image--wrapper\"><img decoding=\"async\" class=\"card-image\" src=\"https:\/\/habitatgo.com\/wp-content\/uploads\/2025\/10\/volunteerIcon.png\" alt=\"\" data-id=\"4842\"\/><\/div><div class=\"card-content\"><div class=\"card-title\">Mentor en acc\u00e8s \u00e0 la propri\u00e9t\u00e9<\/div><div class=\"card-meta\">\u00c0 distance et en personne<br\/>2 \u00e0 5\u00a0heures par mois<\/div><div class=\"card-desc\">En tant que mentor en mati\u00e8re d\u2019accession \u00e0 la propri\u00e9t\u00e9, vous travaillerez directement avec les futurs propri\u00e9taires, de leur acceptation dans le programme d\u2019accession \u00e0 la propri\u00e9t\u00e9 abordable jusqu\u2019\u00e0 3 \u00e0 6\u00a0mois apr\u00e8s leur emm\u00e9nagement.<\/div><div class=\"card-more\">Learn More<\/div><\/div><\/a>\n\n\n\n<a class=\"wp-block-eup-blocks-card card--wrapper has-background has-theme-offset-background-color\" href=\"https:\/\/habitatgo.com\/wp-content\/uploads\/2025\/11\/volunteerReStore_heavyLifting.doc\" data-wpel-link=\"external\" target=\"_blank\" rel=\"external noopener noreferrer\"><div class=\"card-image--wrapper\"><img decoding=\"async\" class=\"card-image\" src=\"https:\/\/habitatgo.com\/wp-content\/uploads\/2025\/10\/volunteerIcon.png\" alt=\"\" data-id=\"4842\"\/><\/div><div class=\"card-content\"><div class=\"card-title\">H\u00e9ros de la manutention au ReStore<\/div><div class=\"card-meta\">Tous les emplacements d\u2019Ottawa<br\/>3 \u00e0 4\u00a0heures par quart<\/div><div class=\"card-desc\">Nous sommes \u00e0 la recherche de b\u00e9n\u00e9voles forts et enthousiastes qui n\u2019ont pas peur de soulever, de d\u00e9placer et d\u2019organiser des meubles, des appareils \u00e9lectrom\u00e9nagers et des mat\u00e9riaux de construction.<\/div><div class=\"card-more\">Learn More<\/div><\/div><\/a>\n\n\n\n<a class=\"wp-block-eup-blocks-card card--wrapper has-background has-theme-offset-background-color\" href=\"https:\/\/habitatgo.com\/wp-content\/uploads\/2025\/11\/volunteerReStore_storeUpKeep.doc\" data-wpel-link=\"external\" target=\"_blank\" rel=\"external noopener noreferrer\"><div class=\"card-image--wrapper\"><img decoding=\"async\" class=\"card-image\" src=\"https:\/\/habitatgo.com\/wp-content\/uploads\/2025\/10\/volunteerIcon-1.png\" alt=\"\" data-id=\"4843\"\/><\/div><div class=\"card-content\"><div class=\"card-title\">Entretien du magasin<\/div><div class=\"card-meta\">Stittsville<br\/>3 \u00e0 4 heures par quart de travail<\/div><div class=\"card-desc\">En tant que b\u00e9n\u00e9vole \u00e0 l&rsquo;entretien du magasin, vous contribuerez \u00e0 maintenir un environnement propre, organis\u00e9 et accueillant pour les clients, les donateurs et les b\u00e9n\u00e9voles au magasin ReStore d&rsquo;Habitat pour l&rsquo;humanit\u00e9.<\/div><div class=\"card-more\">Learn More<\/div><\/div><\/a>\n\n\n\n<a class=\"wp-block-eup-blocks-card card--wrapper has-background has-theme-offset-background-color\" href=\"https:\/\/habitatgo.com\/wp-content\/uploads\/2025\/09\/Volunteer-Position-Apparel-Processor.doc\" data-wpel-link=\"external\" target=\"_blank\" rel=\"external noopener noreferrer\"><div class=\"card-image--wrapper\"><img decoding=\"async\" class=\"card-image\" src=\"https:\/\/habitatgo.com\/wp-content\/uploads\/2025\/10\/volunteerIcon-2.png\" alt=\"\" data-id=\"4844\"\/><\/div><div class=\"card-content\"><div class=\"card-title\">Pr\u00e9pos\u00e9 au traitement des v\u00eatements du ReStore<\/div><div class=\"card-meta\">Stittsville<br\/>3 \u00e0 4 heures par quart de travail<\/div><div class=\"card-desc\">En tant que pr\u00e9pos\u00e9 au traitement des v\u00eatements, vous aiderez \u00e0 pr\u00e9parer les v\u00eatements et les textiles donn\u00e9s pour la vente dans le magasin ReStore d&rsquo;Habitat pour l&rsquo;humanit\u00e9. <\/div><div class=\"card-more\">Learn More<\/div><\/div><\/a>\n\n\n\n<a class=\"wp-block-eup-blocks-card card--wrapper has-background has-theme-offset-background-color\" href=\"https:\/\/habitatgo.com\/wp-content\/uploads\/2025\/09\/Volunteer-Position-Community-Outreach.doc\" data-wpel-link=\"external\" target=\"_blank\" rel=\"external noopener noreferrer\"><div class=\"card-image--wrapper\"><img decoding=\"async\" class=\"card-image\" src=\"https:\/\/habitatgo.com\/wp-content\/uploads\/2025\/10\/volunteerIcon-3.png\" alt=\"\" data-id=\"4846\"\/><\/div><div class=\"card-content\"><div class=\"card-title\">Rayonnement communautaire du ReStore<\/div><div class=\"card-meta\">\u00c0 distance et en personne <br\/>3 \u00e0 4 heures par quart de travail<\/div><div class=\"card-desc\">L&rsquo;ambassadeur de rayonnement joue un r\u00f4le essentiel dans l&rsquo;\u00e9tablissement de liens entre Habitat pour l&rsquo;humanit\u00e9 du Grand Ottawa et les organismes communautaires.<\/div><div class=\"card-more\">Learn More<\/div><\/div><\/a>\n\n\n\n<a class=\"wp-block-eup-blocks-card card--wrapper has-background has-theme-offset-background-color\" href=\"https:\/\/habitatgo.com\/wp-content\/uploads\/2025\/09\/Volunteer-Position-Merchandising.doc\" data-wpel-link=\"external\" target=\"_blank\" rel=\"external noopener noreferrer\"><div class=\"card-image--wrapper\"><img decoding=\"async\" class=\"card-image\" src=\"https:\/\/habitatgo.com\/wp-content\/uploads\/2025\/10\/volunteerIcon-4.png\" alt=\"\" data-id=\"4847\"\/><\/div><div class=\"card-content\"><div class=\"card-title\">Marchandisage du ReStore<\/div><div class=\"card-meta\">Stittsville<br\/>3 \u00e0 4 heures par quart de travail<\/div><div class=\"card-desc\">En tant que b\u00e9n\u00e9vole au marchandisage, vous utiliserez votre cr\u00e9ativit\u00e9 et vos comp\u00e9tences organisationnelles pour concevoir des pr\u00e9sentoirs attrayants et veiller \u00e0 ce que la surface de vente du ReStore soit invitante et facile \u00e0 parcourir.<\/div><div class=\"card-more\">Learn More<\/div><\/div><\/a>\n\n\n\n<a class=\"wp-block-eup-blocks-card card--wrapper has-background has-theme-offset-background-color\" href=\"https:\/\/habitatgo.com\/wp-content\/uploads\/2025\/09\/Volunteer-Position-Merchandising.doc\" data-wpel-link=\"external\" target=\"_blank\" rel=\"external noopener noreferrer\"><div class=\"card-image--wrapper\"><img decoding=\"async\" class=\"card-image\" src=\"https:\/\/habitatgo.com\/wp-content\/uploads\/2025\/10\/volunteerIcon-5.png\" alt=\"\" data-id=\"4848\"\/><\/div><div class=\"card-content\"><div class=\"card-title\">ReStore &#8211; commerce \u00e9lectronique<\/div><div class=\"card-meta\">ReStore de Trainyards et\/ou ReStore de Stittsville<br\/>Quarts de travail de 11 h \u00e0 15 h<\/div><div class=\"card-desc\">Les b\u00e9n\u00e9voles sont au c\u0153ur de ce que nous faisons chez Habitat pour l&rsquo;humanit\u00e9 du Grand Ottawa. Le d\u00e9vouement, la fiabilit\u00e9 et les comp\u00e9tences de nos b\u00e9n\u00e9voles sont les cl\u00e9s de notre succ\u00e8s. Ce soutien permet \u00e0 Habitat Grand Ottawa d&rsquo;amasser des fonds pour couvrir les co\u00fbts op\u00e9rationnels de l&rsquo;organisme et construire des maisons dans la communaut\u00e9.  <\/div><div class=\"card-more\">Learn More<\/div><\/div><\/a>\n\n\n\n<a class=\"wp-block-eup-blocks-card card--wrapper has-background has-theme-offset-background-color\" href=\"https:\/\/habitatgo.com\/wp-content\/uploads\/2025\/09\/Volunteer-Position-Pricing.doc\" data-wpel-link=\"external\" target=\"_blank\" rel=\"external noopener noreferrer\"><div class=\"card-image--wrapper\"><img decoding=\"async\" class=\"card-image\" src=\"https:\/\/habitatgo.com\/wp-content\/uploads\/2025\/10\/volunteerIcon-6.png\" alt=\"\" data-id=\"4849\"\/><\/div><div class=\"card-content\"><div class=\"card-title\">ReStore &#8211; \u00e9tablissement des prix<\/div><div class=\"card-meta\">Stittsville<br\/>3 \u00e0 4 heures par quart de travail, flexible<\/div><div class=\"card-desc\">En tant que b\u00e9n\u00e9vole \u00e0 l&rsquo;\u00e9tablissement des prix, vous aiderez \u00e0 d\u00e9terminer les prix appropri\u00e9s pour les articles donn\u00e9s, en veillant \u00e0 ce qu&rsquo;ils soient justes, concurrentiels et conformes aux normes du ReStore.<\/div><div class=\"card-more\">Learn More<\/div><\/div><\/a>\n\n\n\n<a class=\"wp-block-eup-blocks-card card--wrapper has-background has-theme-offset-background-color\" href=\"https:\/\/habitatgo.com\/wp-content\/uploads\/2025\/09\/Volunteer-Position-Store-Upkeep.doc\" data-wpel-link=\"external\" target=\"_blank\" rel=\"external noopener noreferrer\"><div class=\"card-image--wrapper\"><img decoding=\"async\" class=\"card-image\" src=\"https:\/\/habitatgo.com\/wp-content\/uploads\/2025\/10\/volunteerIcon-7.png\" alt=\"\" data-id=\"4850\"\/><\/div><div class=\"card-content\"><div class=\"card-title\">ReStore &#8211; entretien du magasin<\/div><div class=\"card-meta\">Stittsville<br\/>3 \u00e0 4 heures par quart de travail, flexible<\/div><div class=\"card-desc\">En tant que b\u00e9n\u00e9vole \u00e0 l&rsquo;entretien du magasin, vous contribuerez \u00e0 maintenir un environnement propre, organis\u00e9 et accueillant pour les clients, les donateurs et les b\u00e9n\u00e9voles au magasin ReStore d&rsquo;Habitat pour l&rsquo;humanit\u00e9.<\/div><div class=\"card-more\">Learn More<\/div><\/div><\/a>\n\n\n\n<a class=\"wp-block-eup-blocks-card card--wrapper has-background has-theme-offset-background-color\" href=\"https:\/\/habitatgo.com\/wp-content\/uploads\/2025\/09\/HomeownershipMentorRole.pdf\" data-wpel-link=\"external\" target=\"_blank\" rel=\"external noopener noreferrer\"><div class=\"card-image--wrapper\"><img decoding=\"async\" class=\"card-image\" src=\"https:\/\/habitatgo.com\/wp-content\/uploads\/2025\/10\/volunteerIcon-8.png\" alt=\"\" data-id=\"4851\"\/><\/div><div class=\"card-content\"><div class=\"card-title\">Mentor en acc\u00e8s \u00e0 la propri\u00e9t\u00e9<\/div><div class=\"card-meta\">\u00c0 distance et en personne<br\/>2 \u00e0 5 heures par mois, un cycle de construction minimum<\/div><div class=\"card-desc\">En tant que mentor en acc\u00e8s \u00e0 la propri\u00e9t\u00e9, vous travaillerez directement avec les futurs propri\u00e9taires d&rsquo;Habitat<br\/>\u00e0 partir du moment de l&rsquo;acceptation dans le programme d&rsquo;acc\u00e8s \u00e0 la propri\u00e9t\u00e9 abordable jusqu&rsquo;\u00e0 3 \u00e0 6 mois apr\u00e8s l&#8217;emm\u00e9nagement ; environ 12 \u00e0 18 mois. <\/div><div class=\"card-more\">Learn More<\/div><\/div><\/a>\n<\/div><\/div>\n<\/div>\n\n<div class=\"wp-block-group alignwide animate-slide-top animate-speed-slow has-background has-theme-light-background-color has-background-size-cover has-background-resolution-full is-layout-constrained wp-block-group-is-layout-constrained\"><?xml encoding=\"utf-8\" ?><h2 class=\"wp-block-heading has-text-align-center has-text-align-center\" id=\"toc-autres-facons-de-soutenir-notre-mission\">Autres fa&ccedil;ons de soutenir notre mission<\/h2>\n\n\n\n<p class=\"has-text-align-center has-text-size-large\">Vous ne pouvez pas faire du b\u00e9n\u00e9volat r\u00e9guli\u00e8rement ? Pas de probl\u00e8me. Il existe de nombreuses autres fa\u00e7ons significatives de contribuer \u00e0 notre travail de construction de maisons et d&rsquo;espoir dans la communaut\u00e9.  <\/p>\n\n\n\n<div class=\"wp-block-eup-blocks-cards alignwide cards--wrapper is-grid gutter-margin graphic-icon orientation-vertical alignment-center design-standard size-desktop-1_3 size-tablet-1_2 size-mobile-1_1 title-size-h6 content-size-standard meta-size-small card-color-light\" data-loop=\"false\" data-nav=\"true\" data-dots=\"false\"><div class=\"cards--inner\">\n<a class=\"wp-block-eup-blocks-card card--wrapper has-background has-theme-secondary-background-color\" href=\"https:\/\/habitatgo.com\/donate-now\/\" data-wpel-link=\"external\" target=\"_blank\" rel=\"external noopener noreferrer\"><div class=\"card-image--wrapper\"><img decoding=\"async\" class=\"card-image\" src=\"https:\/\/habitatgo.com\/wp-content\/uploads\/2025\/09\/hand-holding-heart-1.svg\" alt=\"\" data-id=\"4344\"\/><\/div><div class=\"card-content\"><div class=\"card-title\">Faire un don<\/div><div class=\"card-desc\">Lorsque vous faites un don financier, vous vous joignez \u00e0 des centaines d&rsquo;autres personnes dont les dons se conjuguent pour aider davantage de personnes et de communaut\u00e9s \u00e0 construire.<\/div><div class=\"card-more\">Donate Now<\/div><\/div><\/a>\n\n\n\n<a class=\"wp-block-eup-blocks-card card--wrapper has-background has-theme-secondary-background-color\" href=\"https:\/\/habitatgo.com\/restore\/\" data-wpel-link=\"external\" target=\"_blank\" rel=\"external noopener noreferrer\"><div class=\"card-image--wrapper\"><img decoding=\"async\" class=\"card-image\" src=\"https:\/\/habitatgo.com\/wp-content\/uploads\/2025\/09\/shop-2.svg\" alt=\"\" data-id=\"946\"\/><\/div><div class=\"card-content\"><div class=\"card-title\">Magasinez \u00e0 notre ReStore<\/div><div class=\"card-desc\">Achetez des meubles, des appareils \u00e9lectrom\u00e9nagers, des articles de d\u00e9coration de qualit\u00e9 et plus encore tout en aidant les propri\u00e9taires \u00e0 b\u00e2tir une vie meilleure pour eux-m\u00eames et leurs familles.<\/div><div class=\"card-more\">Visit Restore<\/div><\/div><\/a>\n\n\n\n<a class=\"wp-block-eup-blocks-card card--wrapper has-background has-theme-secondary-background-color\" href=\"https:\/\/www.instagram.com\/habitatgreaterottawa\/\" target=\"_blank\" rel=\"noopener external noreferrer\" data-wpel-link=\"external\"><div class=\"card-image--wrapper\"><img decoding=\"async\" class=\"card-image\" src=\"https:\/\/habitatgo.com\/wp-content\/uploads\/2025\/09\/comments-1.svg\" alt=\"\" data-id=\"947\"\/><\/div><div class=\"card-content\"><div class=\"card-title\">Passez le mot<\/div><div class=\"card-desc\">Suivez-nous sur les m\u00e9dias sociaux, partagez notre mission et aidez-nous \u00e0 atteindre davantage de familles dans le besoin.<\/div><div class=\"card-more\">Explore Our Instagram<\/div><\/div><\/a>\n<\/div><\/div>\n<\/div>\n","protected":false},"excerpt":{"rendered":"<p>Choisissez votre voie de b&eacute;n&eacute;volat Chaque comp\u00e9tence, horaire et int\u00e9r\u00eat trouve sa place dans notre mission. D\u00e9couvrez comment vos talents uniques peuvent aider \u00e0 construire des maisons et des communaut\u00e9s gr\u00e2ce au b\u00e9n\u00e9volat. Opportunit&eacute;s de b&eacute;n&eacute;volat Des chantiers de construction aux surfaces de vente au d\u00e9tail, trouvez l&rsquo;opportunit\u00e9 de b\u00e9n\u00e9volat id\u00e9ale qui correspond \u00e0 vos [&hellip;]<\/p>\n","protected":false},"author":1,"featured_media":0,"parent":0,"menu_order":0,"comment_status":"closed","ping_status":"closed","template":"","meta":{"_acf_changed":false,"footnotes":""},"class_list":["post-4217","page","type-page","status-publish","hentry"],"better_featured_image":null,"acf":[],"_links":{"self":[{"href":"https:\/\/habitatgo.com\/fr\/wp-json\/wp\/v2\/pages\/4217","targetHints":{"allow":["GET"]}}],"collection":[{"href":"https:\/\/habitatgo.com\/fr\/wp-json\/wp\/v2\/pages"}],"about":[{"href":"https:\/\/habitatgo.com\/fr\/wp-json\/wp\/v2\/types\/page"}],"author":[{"embeddable":true,"href":"https:\/\/habitatgo.com\/fr\/wp-json\/wp\/v2\/users\/1"}],"replies":[{"embeddable":true,"href":"https:\/\/habitatgo.com\/fr\/wp-json\/wp\/v2\/comments?post=4217"}],"version-history":[{"count":12,"href":"https:\/\/habitatgo.com\/fr\/wp-json\/wp\/v2\/pages\/4217\/revisions"}],"predecessor-version":[{"id":5588,"href":"https:\/\/habitatgo.com\/fr\/wp-json\/wp\/v2\/pages\/4217\/revisions\/5588"}],"wp:attachment":[{"href":"https:\/\/habitatgo.com\/fr\/wp-json\/wp\/v2\/media?parent=4217"}],"curies":[{"name":"wp","href":"https:\/\/api.w.org\/{rel}","templated":true}]}}