{"id":4195,"date":"2017-06-01T04:00:00","date_gmt":"2017-06-01T08:00:00","guid":{"rendered":"https:\/\/hfh-02.eproofs.ca\/acces-a-la-propriete\/constructions-passees\/"},"modified":"2025-10-30T15:25:20","modified_gmt":"2025-10-30T19:25:20","slug":"constructions-passees","status":"publish","type":"page","link":"https:\/\/habitatgo.com\/fr\/acces-a-la-propriete\/constructions-passees\/","title":{"rendered":"Constructions pass\u00e9es"},"content":{"rendered":"<div class=\"wp-block-group is-style-plain has-background has-theme-primary-background-color padding-top-thin padding-bottom-thin alignfull wp-block-eup-blocks-banner\">\r\n    <div class=\"banner-content-wrap alignwide\">\r\n    <div class=\"banner-content\" style=\"max-width: 800px\">\r\n        \n<?xml encoding=\"utf-8\" ?><h1 class=\"wp-block-heading has-text-align-left\" id=\"toc-celebration-de-plus-de-30-ans-dans-la-communaute-dottawa\">C&eacute;l&eacute;bration de plus de 30 ans dans la communaut&eacute; d&rsquo;Ottawa !<\/h1>\n\n\n\n<p>Depuis 1993, nous collaborons avec la communaut\u00e9, les b\u00e9n\u00e9voles et les familles partenaires pour construire des maisons dans la r\u00e9gion du Grand Ottawa.<\/p>\n\n\n\n<p>D\u00e9couvrez ci-dessous certaines de nos constructions r\u00e9cemment achev\u00e9es et les c\u00e9r\u00e9monies de remise des cl\u00e9s.<\/p>\n\n\n\n<div class=\"wp-block-buttons is-layout-flex wp-block-buttons-is-layout-flex\">\n<div class=\"wp-block-button has-inner-accent-background-color has-text-align-center\"><a class=\"wp-block-button__link has-text-align-center wp-element-button\" href=\"https:\/\/habitatgo.com\/fr\/acces-a-la-propriete\/constructions-en-cours\/\" data-wpel-link=\"internal\">Afficher les projets de construction en cours<\/a><\/div>\n<\/div>\n\n    <\/div>\r\n<\/div><\/div>\n\n<div class=\"cards--wrapper is-grid gutter-margin graphic-image orientation-vertical alignment-left design-standard size-desktop-1_2 size-tablet-1_2 size-mobile-1_1 image-margin-none aspect-ratio-16_9 title-size-h6 content-size-standard meta-size-small title-size-h6 content-size-standard meta-size-small alignwide wp-block-eup-blocks-dynamic-content-grid\" data-loop=\"false\" data-nav=\"false\" data-dots=\"false\">\n    <div class=\"cards--inner\">\n                                                    \n                <div class=\"card--wrapper\">\n                                                                        <div class=\"card-image--wrapper\">\n                                <img loading=\"lazy\" width=\"1024\" height=\"605\" src=\"https:\/\/habitatgo.com\/wp-content\/uploads\/2025\/08\/habitatBanner_KemptvilleProject.jpg\" class=\"card-image wp-post-image\" alt=\"\" decoding=\"async\" \/>                            <\/div>\n                                                                \n                    <div class=\"card-content\">\n                                                    \n                                                            <div class=\"card-title type--text\">Kemptville Korners<\/div>\n                                                        \n                                                        \n                                                            <div class=\"card-desc type--text\">La plus r\u00e9cente construction d\u2019Habitat Grand Ottawa est situ\u00e9e dans la municipalit\u00e9 de North Grenville, en Ontario, en partenariat avec Habitat pour l\u2019humanit\u00e9 des Mille-\u00celes.\n\nCet ensemble de 15 logements comprend des maisons en rang\u00e9e et des maisons en rang\u00e9e superpos\u00e9es avec des logements accessibles. La construction est situ\u00e9e dans une communaut\u00e9 \u00e9tablie \u00e0 proximit\u00e9 de parcs, d\u2019\u00e9coles, de magasins et de l\u2019h\u00f4pital de district. Une fois termin\u00e9, le projet accueillera jusqu\u2019\u00e0 64 personnes, dont plus de 30 enfants.<\/div>\n                                                        \n                                                        \n                                                \n                                            <\/div>\n                <\/div>\n                                            \n                <div class=\"card--wrapper\">\n                                                                        <div class=\"card-image--wrapper\">\n                                <img loading=\"lazy\" width=\"1024\" height=\"369\" src=\"https:\/\/habitatgo.com\/wp-content\/uploads\/2025\/09\/titusLanding.jpg\" class=\"card-image wp-post-image\" alt=\"Habitat Greater Ottawa&#039;s Titus Landing Development.\" decoding=\"async\" \/>                            <\/div>\n                                                                \n                    <div class=\"card-content\">\n                                                    \n                                                            <div class=\"card-title type--text\">Titus Landing Build \u2013 2022<\/div>\n                                                        \n                                                        \n                                                            <div class=\"card-desc type--text\">Apr\u00e8s quelques arr\u00eats et reprises dus \u00e0 la pand\u00e9mie de COVID-19, Titus Landing a \u00e9t\u00e9 achev\u00e9 \u00e0 la fin du printemps 2022 !\n\nTitus Landing est un d\u00e9veloppement de 8 maisons de ville superpos\u00e9es situ\u00e9 au centre de l&rsquo;ancienne base a\u00e9rienne des Forces canadiennes de Rockcliffe, dans un quartier en croissance proche des commodit\u00e9s telles que les transports en commun, les parcs et les \u00e9coles.<\/div>\n                                                        \n                                                        \n                                                \n                                            <\/div>\n                <\/div>\n                                            \n                <div class=\"card--wrapper\">\n                                                                        <div class=\"card-image--wrapper\">\n                                <img loading=\"lazy\" width=\"450\" height=\"300\" src=\"https:\/\/habitatgo.com\/wp-content\/uploads\/2025\/09\/LeacrossLanding.jpg\" class=\"card-image wp-post-image\" alt=\"D\u00e9veloppement de Leacross Landing.\" decoding=\"async\" \/>                            <\/div>\n                                                                \n                    <div class=\"card-content\">\n                                                    \n                                                            <div class=\"card-title type--text\">Projet de construction Leacross Landing \u2013 2017 \u2013 2021<\/div>\n                                                        \n                                                        \n                                                            <div class=\"card-desc type--text\">En 2021, Habitat Grand Ottawa a r\u00e9alis\u00e9 son plus grand projet de construction \u00e0 ce jour !\n\nLeacross Landing est un ensemble r\u00e9sidentiel de 16 maisons en rang\u00e9e \u00e0 Orl\u00e9ans. Il est situ\u00e9 \u00e0 l&rsquo;intersection sud-est du boulevard Jeanne d&rsquo;Arc et de la promenade Fortune, au nord de l&rsquo;autoroute 174. \n\nNous avons commenc\u00e9 les travaux \u00e0 Leacross Landing en mai 2017 avec la construction des huit premi\u00e8res maisons en rang\u00e9e. Les huit derni\u00e8res maisons en rang\u00e9e ont \u00e9t\u00e9 achev\u00e9es \u00e0 la fin de l&rsquo;hiver 2021. <\/div>\n                                                        \n                                                        \n                                                \n                                            <\/div>\n                <\/div>\n            \n                        <\/div>\n    \n    <\/div>\n\n\n<p><\/p>\n","protected":false},"excerpt":{"rendered":"","protected":false},"author":1,"featured_media":0,"parent":4153,"menu_order":0,"comment_status":"closed","ping_status":"closed","template":"","meta":{"_acf_changed":false,"footnotes":""},"class_list":["post-4195","page","type-page","status-publish","hentry"],"better_featured_image":null,"acf":[],"_links":{"self":[{"href":"https:\/\/habitatgo.com\/fr\/wp-json\/wp\/v2\/pages\/4195","targetHints":{"allow":["GET"]}}],"collection":[{"href":"https:\/\/habitatgo.com\/fr\/wp-json\/wp\/v2\/pages"}],"about":[{"href":"https:\/\/habitatgo.com\/fr\/wp-json\/wp\/v2\/types\/page"}],"author":[{"embeddable":true,"href":"https:\/\/habitatgo.com\/fr\/wp-json\/wp\/v2\/users\/1"}],"replies":[{"embeddable":true,"href":"https:\/\/habitatgo.com\/fr\/wp-json\/wp\/v2\/comments?post=4195"}],"version-history":[{"count":9,"href":"https:\/\/habitatgo.com\/fr\/wp-json\/wp\/v2\/pages\/4195\/revisions"}],"predecessor-version":[{"id":5141,"href":"https:\/\/habitatgo.com\/fr\/wp-json\/wp\/v2\/pages\/4195\/revisions\/5141"}],"up":[{"embeddable":true,"href":"https:\/\/habitatgo.com\/fr\/wp-json\/wp\/v2\/pages\/4153"}],"wp:attachment":[{"href":"https:\/\/habitatgo.com\/fr\/wp-json\/wp\/v2\/media?parent=4195"}],"curies":[{"name":"wp","href":"https:\/\/api.w.org\/{rel}","templated":true}]}}