{"id":4193,"date":"2025-04-17T15:58:20","date_gmt":"2025-04-17T19:58:20","guid":{"rendered":"https:\/\/hfh-02.eproofs.ca\/autres-facons-de-donner\/"},"modified":"2025-10-09T11:50:06","modified_gmt":"2025-10-09T15:50:06","slug":"autres-facons-de-donner","status":"publish","type":"page","link":"https:\/\/habitatgo.com\/fr\/autres-facons-de-donner\/","title":{"rendered":"Autres fa\u00e7ons de donner"},"content":{"rendered":"<div class=\"wp-block-group is-style-background has-background has-theme-light-background-color padding-top-thick alignfull wp-block-eup-blocks-banner\">\r\n    <div class=\"banner-image-wrapper has-background-image has-background-overlay has-overlay-opacity-100 has-overlay-fade-from-left\" style=\"background-image: url(https:\/\/habitatgo.com\/wp-content\/uploads\/2025\/09\/family-on-couch.jpg); background-size: cover; background-position: 50% 50%\">\n    <img loading=\"lazy\" decoding=\"async\" width=\"1920\" height=\"1280\" src=\"https:\/\/habitatgo.com\/wp-content\/uploads\/2025\/09\/family-on-couch.jpg\" class=\"eup-block-banner-image\" alt=\"\" \/><\/div>\n<div class=\"banner-content-wrap alignwide\">\n    <div class=\"banner-content\" style=\"max-width: 600px\">\n        \n<?xml encoding=\"utf-8\" ?><h1 class=\"wp-block-heading has-text-align-left\" id=\"toc-autres-facons-de-donner\">Autres fa&ccedil;ons de donner<\/h1>\n\n\n\n<p><\/p>\n\n\n\n<div class=\"wp-block-buttons is-layout-flex wp-block-buttons-is-layout-flex\"><\/div>\n\n    <\/div>\n<\/div><\/div>\n<div class=\"wp-block-group alignfull padding-top-thin padding-bottom-thin has-background has-theme-light-background-color has-background-size-cover has-background-resolution-full is-layout-constrained wp-block-group-is-layout-constrained\">\n<div class=\"wp-block-group alignfull padding-top-thin has-background has-theme-offset-background-color has-background-size-cover has-background-resolution-full is-layout-constrained wp-block-group-is-layout-constrained\">\n<div class=\"wp-block-eup-blocks-cards alignwide cards--wrapper is-grid gutter-margin graphic-image orientation-vertical alignment-left design-standard size-desktop-1_2 size-tablet-1_2 size-mobile-1_1 aspect-ratio-16_9 title-size-h6 content-size-standard meta-size-small card-color-light\" data-loop=\"false\" data-nav=\"true\" data-dots=\"false\"><div class=\"cards--inner\">\n<div class=\"wp-block-eup-blocks-card card--wrapper has-background has-theme-light-background-color\"><div class=\"card-content\"><div class=\"card-title\">Fonds orient\u00e9s par le donateur<\/div><div class=\"card-desc\">Chaque don fait une diff\u00e9rence. Les fonds orient\u00e9s par le donateur, ou FOD, sont des investissements caritatifs qui soutiennent les causes qui vous tiennent le plus \u00e0 c\u0153ur. D\u00e9couvrez comment vous pouvez recommander une subvention \u00e0 Habitat Grand Ottawa par le biais de votre FOD.  <br\/><br\/><a href=\"mailto:sblanchard@habitatgo.ca\" data-type=\"mailto\" data-id=\"mailto:sblanchard@habitatgo.ca\">Communiquer avec Shawna<\/a><\/div><\/div><\/div>\n\n\n\n<div class=\"wp-block-eup-blocks-card card--wrapper has-background has-theme-light-background-color\"><div class=\"card-content\"><div class=\"card-title\">Donnez des articles au ReStore<\/div><div class=\"card-desc\">Nos ReStores acceptent les mat\u00e9riaux de r\u00e9novation et de construction neufs et l\u00e9g\u00e8rement usag\u00e9s, ainsi que les articles de d\u00e9coration int\u00e9rieure des d\u00e9taillants, des fabricants, des entrepreneurs, des r\u00e9novateurs et du grand public.<br\/> Les dons sont les bienvenus \u00e0 tous les emplacements pendant nos heures d\u2019ouverture r\u00e9guli\u00e8res.<br\/> <br\/><strong><a href=\"https:\/\/habitatgo.com\/fr\/restore-ottawa\/ce-que-nous-acceptons\/\" target=\"_blank\" rel=\"noopener\" data-wpel-link=\"internal\">Cliquez ici pour obtenir une liste des articles que nous acceptons au ReStore<\/a><\/strong>.<br\/><br\/><a href=\"https:\/\/habitatgo.vonigo.com\/external\/\" target=\"_blank\" rel=\"noopener external noreferrer\" data-wpel-link=\"external\"> <strong>Cliquez ici pour remplir un formulaire afin d\u2019organiser la collecte ou le d\u00e9p\u00f4t d\u2019articles<\/strong><\/a>.<\/div><\/div><\/div>\n\n\n\n<div class=\"wp-block-eup-blocks-card card--wrapper has-background has-theme-light-background-color\"><div class=\"card-content\"><div class=\"card-title\">Par la poste ou par t\u00e9l\u00e9phone<\/div><div class=\"card-desc\">Vous pouvez remplir un don par <strong>ch\u00e8que<\/strong> \u00e0 l\u2019ordre de <strong>Habitat pour l\u2019humanit\u00e9 du Grand Ottawa<\/strong> et envoyer le don \u00e0 notre bureau \u00e0 l\u2019adresse suivante\u00a0:<br\/><br\/>3 Iber Roat, Unit #2<br\/>Ottawa, ON<br\/>K2S 1E6<br\/><br\/>Vous pouvez \u00e9galement appeler notre bureau et fournir votre don par carte de cr\u00e9dit par t\u00e9l\u00e9phone. Veuillez composer le <a href=\"tel:613-749-9950\" data-wpel-link=\"internal\">613-749-9950<\/a>, poste 221 pour obtenir de plus amples renseignements.  <\/div><a class=\"card-more\" href=\"https:\/\/habitatgo.com\/donate-now\/\" data-wpel-link=\"external\" target=\"_blank\" rel=\"external noopener noreferrer\">Donate Online<\/a><\/div><\/div>\n\n\n\n<a class=\"wp-block-eup-blocks-card card--wrapper has-background has-theme-light-background-color\" href=\"https:\/\/habitatgo.com\/donate-now\/\" data-wpel-link=\"external\" target=\"_blank\" rel=\"external noopener noreferrer\"><div class=\"card-content\"><div class=\"card-title\">Devenez un donateur mensuel<\/div><div class=\"card-desc\">Les donateurs mensuels nous aident \u00e0 renforcer la force, la stabilit\u00e9 et l\u2019autonomie des familles locales, un mois \u00e0 la fois. Votre g\u00e9n\u00e9reux don de 20 $ par mois \u2013 ou tout montant que vous pouvez vous permettre \u2013 nous fournira un soutien continu pour nos constructions et nous permettra de continuer \u00e0 aider le plus grand nombre de familles dans les plus brefs d\u00e9lais. <br\/><br\/>S\u00e9lectionnez l\u2019option <strong>\u00ab\u00a0Don mensuel\u00a0\u00bb<\/strong> sur le formulaire de don en ligne ou communiquez avec le 613-749-9950<span style=\"font-size: 1.125rem;\">, poste 221 pour vous joindre \u00e0 notre famille de b\u00e2tisseurs d\u2019espoir d\u00e8s aujourd\u2019hui\u00a0!<\/span><\/div><div class=\"card-more\">Become a Montly Donor<\/div><\/div><\/a>\n\n\n\n<a class=\"wp-block-eup-blocks-card card--wrapper has-background has-theme-light-background-color\" href=\"https:\/\/habitatgo.com\/wp-content\/uploads\/2025\/09\/HHGO_CaseForSupport_JUN2025.pdf\" data-wpel-link=\"external\" target=\"_blank\" rel=\"external noopener noreferrer\"><div class=\"card-content\"><div class=\"card-title\">Devenir un donateur majeur<\/div><div class=\"card-desc\">Vous pouvez avoir un impact important dans votre communaut\u00e9 avec Habitat Grand Ottawa. Les donateurs sont reconnus par le biais d\u2019avantages exclusifs en reconnaissance de leur d\u00e9vouement \u00e0 Habitat. <\/div><div class=\"card-more\">Learn more<\/div><\/div><\/a>\n\n\n\n<a class=\"wp-block-eup-blocks-card card--wrapper has-background has-theme-light-background-color\" href=\"https:\/\/habitatgo.com\/get-involved\/planned-giving\/\" data-wpel-link=\"external\" target=\"_blank\" rel=\"external noopener noreferrer\"><div class=\"card-content\"><div class=\"card-title\">Dons planifi\u00e9s<\/div><div class=\"card-desc\">Ayez un impact g\u00e9n\u00e9rationnel gr\u00e2ce \u00e0 des logements s\u00fbrs, s\u00e9curis\u00e9s et abordables. Joignez-vous \u00e0 nos \u00ab\u00a0B\u00e2tisseurs d\u2019h\u00e9ritage\u00a0\u00bb et profitez d\u2019\u00e9ventuels avantages fiscaux pendant votre vie en choisissant de laisser un legs. <\/div><div class=\"card-more\">Learn more<\/div><\/div><\/a>\n\n\n\n<a class=\"wp-block-eup-blocks-card card--wrapper has-background has-theme-light-background-color\" href=\"mailto:sblanchard@habitatgo.com\"><div class=\"card-content\"><div class=\"card-title\">Dons de titres<\/div><div class=\"card-desc\">Les titres n\u00e9goci\u00e9s en bourse (p. ex. actions, obligations, fonds communs de placement) peuvent \u00eatre donn\u00e9s au lieu d\u2019argent comptant. Ces dons sont exon\u00e9r\u00e9s de tout imp\u00f4t sur les gains en capital, le re\u00e7u fiscal refl\u00e9tant la pleine valeur marchande du don le jour du transfert. <\/div><div class=\"card-more\">Contact Shawna<\/div><\/div><\/a>\n\n\n\n<a class=\"wp-block-eup-blocks-card card--wrapper has-background has-theme-light-background-color\" href=\"mailto:sblanchard@habitatgo.com\"><div class=\"card-content\"><div class=\"card-title\">Dons en milieu de travail<\/div><div class=\"card-desc\">Les dons en milieu de travail sont un moyen facile et efficace pour les entreprises et leurs employ\u00e9s de soutenir Habitat Grand Ottawa. Dirigez vos dollars vers Habitat Grand Ottawa (nom l\u00e9gal : Habitat pour l\u2019humanit\u00e9, R\u00e9gion de la capitale nationale) par le biais de campagnes comme Centraide, la CCEG et Benevity. Votre employeur peut \u00e9galement mettre en place une retenue salariale, un jumelage en milieu de travail ou organiser un \u00e9v\u00e9nement de collecte de fonds en milieu de travail avec nous.   <\/div><div class=\"card-more\">Contact Shawna<\/div><\/div><\/a>\n\n\n\n<a class=\"wp-block-eup-blocks-card card--wrapper has-background has-theme-light-background-color\" href=\"mailto:sblanchard@habitatgo.com\"><div class=\"card-content\"><div class=\"card-title\">Organiser un \u00e9v\u00e9nement<\/div><div class=\"card-desc\">L\u2019organisation d\u2019un \u00e9v\u00e9nement de collecte de fonds est une fa\u00e7on amusante et engageante de faire conna\u00eetre notre travail dans la communaut\u00e9.<br\/> Des tournois de golf aux ventes de p\u00e2tisseries, en passant par les soir\u00e9es de casino et les marathons de quilles, aucune collecte de fonds n\u2019est trop petite ou trop grande\u00a0! <strong>100\u00a0% des fonds que vous amasserez<\/strong> serviront directement \u00e0 construire plus de maisons pour plus de familles locales dans notre communaut\u00e9.<br\/><\/div><div class=\"card-more\">Contact Shawna<\/div><\/div><\/a>\n\n\n\n<a class=\"wp-block-eup-blocks-card card--wrapper has-background has-theme-light-background-color\" href=\"mailto:sblanchard@habitatgo.com\"><div class=\"card-content\"><div class=\"card-title\">Dons d\u2019entreprise et commandites<\/div><div class=\"card-desc\">Participez \u00e0 la consolidation d\u2019\u00e9quipe, augmentez la visibilit\u00e9 de votre marque et faites une diff\u00e9rence dans la communaut\u00e9. Les options d\u2019engagement des entreprises varient consid\u00e9rablement, allant des constructions aux journ\u00e9es de consolidation d\u2019\u00e9quipe et aux \u00e9v\u00e9nements sp\u00e9ciaux. <br\/><strong>Contactez Shawna Blanchard \u00e0 sblanchard@habitatgo.com pour en savoir plus<\/strong>.<\/div><div class=\"card-more\">Contact Shawna<\/div><\/div><\/a>\n\n\n\n<a class=\"wp-block-eup-blocks-card card--wrapper has-background has-theme-light-background-color\" href=\"mailto:eOConnor@habitatgo.com\"><div class=\"card-content\"><div class=\"card-title\">De l\u2019espace pour construire\u00a0!<\/div><div class=\"card-desc\">Si vous \u00eates en mesure de faire don d&rsquo;un terrain ou d&rsquo;accepter de devenir un sponsor foncier, nous pouvons construire plus de maisons \u00e0 moindre co\u00fbt.<br\/><strong>Contactez Erin O&rsquo;Connor \u00e0 eOConnor@habitatgo.com pour plus d&rsquo;informations<\/strong>.<\/div><div class=\"card-more\">Contact Erin<\/div><\/div><\/a>\n\n\n\n<a class=\"wp-block-eup-blocks-card card--wrapper has-background has-theme-light-background-color\" href=\"mailto:swilliamson@habitatgo.com\"><div class=\"card-content\"><div class=\"card-title\">B\u00e2tir des dons en nature<\/div><div class=\"card-desc\">Nous accueillons volontiers les dons de mat\u00e9riaux de construction, de services et de produits sp\u00e9cialis\u00e9s, qui seront utilis\u00e9s pour les projets de construction actuels et futurs d&rsquo;Habitat Grand Ottawa.<br\/><strong>Contactez Stuart Williamson \u00e0 swilliamson@habitatgo.com pour plus d&rsquo;informations<\/strong>.<\/div><div class=\"card-more\">Contact Stuart<\/div><\/div><\/a>\n<\/div><\/div>\n<\/div>\n<\/div>\n","protected":false},"excerpt":{"rendered":"","protected":false},"author":1,"featured_media":0,"parent":0,"menu_order":0,"comment_status":"closed","ping_status":"closed","template":"","meta":{"_acf_changed":false,"footnotes":""},"class_list":["post-4193","page","type-page","status-publish","hentry"],"better_featured_image":null,"acf":[],"_links":{"self":[{"href":"https:\/\/habitatgo.com\/fr\/wp-json\/wp\/v2\/pages\/4193","targetHints":{"allow":["GET"]}}],"collection":[{"href":"https:\/\/habitatgo.com\/fr\/wp-json\/wp\/v2\/pages"}],"about":[{"href":"https:\/\/habitatgo.com\/fr\/wp-json\/wp\/v2\/types\/page"}],"author":[{"embeddable":true,"href":"https:\/\/habitatgo.com\/fr\/wp-json\/wp\/v2\/users\/1"}],"replies":[{"embeddable":true,"href":"https:\/\/habitatgo.com\/fr\/wp-json\/wp\/v2\/comments?post=4193"}],"version-history":[{"count":2,"href":"https:\/\/habitatgo.com\/fr\/wp-json\/wp\/v2\/pages\/4193\/revisions"}],"predecessor-version":[{"id":4959,"href":"https:\/\/habitatgo.com\/fr\/wp-json\/wp\/v2\/pages\/4193\/revisions\/4959"}],"wp:attachment":[{"href":"https:\/\/habitatgo.com\/fr\/wp-json\/wp\/v2\/media?parent=4193"}],"curies":[{"name":"wp","href":"https:\/\/api.w.org\/{rel}","templated":true}]}}