{"id":4189,"date":"2020-03-05T22:18:02","date_gmt":"2020-03-06T03:18:02","guid":{"rendered":"https:\/\/hfh-02.eproofs.ca\/notre-impact\/"},"modified":"2025-09-25T12:03:41","modified_gmt":"2025-09-25T16:03:41","slug":"notre-impact","status":"publish","type":"page","link":"https:\/\/habitatgo.com\/fr\/notre-impact\/","title":{"rendered":"Notre impact"},"content":{"rendered":"<div class=\"wp-block-group is-style-side has-background has-theme-primary-background-color padding-top-standard padding-bottom-standard content-side-left alignfull wp-block-eup-blocks-banner\">\r\n    <div class=\"banner-image-wrapper has-background-image\">\r\n    <img loading=\"lazy\" decoding=\"async\" width=\"1024\" height=\"683\" src=\"https:\/\/habitatgo.com\/wp-content\/uploads\/2025\/09\/hammers-lined-banner.jpg\" class=\"eup-block-banner-image\" alt=\"\" \/><\/div>\r\n<div class=\"banner-content-wrap\">\r\n    <div class=\"banner-content\">\r\n        \n<?xml encoding=\"utf-8\" ?><h1 class=\"wp-block-heading has-text-align-left\" id=\"toc-notre-impact\">Notre impact<\/h1>\n\n    <\/div>\r\n<\/div><\/div>\n<div class=\"wp-block-group alignfull animate-slide-top padding-top-thin padding-bottom-thin has-background has-theme-light-background-color has-background-size-cover has-background-resolution-full is-layout-constrained wp-block-group-is-layout-constrained\"><?xml encoding=\"utf-8\" ?><h2 class=\"wp-block-heading has-text-align-left has-text-size-h2\" id=\"toc-chaque-famille-merite-un-foyer-sur-et-stable\">Chaque famille m&eacute;rite un foyer s&ucirc;r et stable<\/h2>\n\n\n\n<p>Lorsque vous soutenez Habitat Grand Ottawa, vous contribuez \u00e0 construire bien plus qu&rsquo;un simple foyer pour une famille. Un logement s\u00fbr, stable et abordable joue un r\u00f4le essentiel en aidant les familles \u00e0 b\u00e2tir une fondation solide sur laquelle elles peuvent prosp\u00e9rer et acc\u00e9der aux opportunit\u00e9s. <\/p>\n\n\n\n<p>Avec plus de 12 000 m\u00e9nages sur la liste d&rsquo;attente centralis\u00e9e d&rsquo;Ottawa, il y a beaucoup trop de familles qui vivent dans des logements inad\u00e9quats et inabordables dans notre ville. En augmentant le nombre de maisons que nous construisons, nous cr\u00e9ons davantage d&rsquo;opportunit\u00e9s pour les familles d&rsquo;acc\u00e9der \u00e0 la propri\u00e9t\u00e9 de mani\u00e8re abordable. <\/p>\n<\/div>\n\n<div class=\"wp-block-group alignwide has-background has-theme-light-background-color has-background-size-cover has-background-resolution-full is-layout-constrained wp-block-group-is-layout-constrained\">\n<div class=\"wp-block-columns alignwide has-column-gap-none is-layout-flex wp-block-columns-is-layout-flex\">\n<div class=\"wp-block-column animate-slide-top has-column-padding-default has-background has-theme-primary-background-color is-layout-flow wp-block-column-is-layout-flow\" style=\"flex-basis:50%\">\n<p class=\"has-text-align-center has-text-size-h1\"><strong>1 Canadien sur 8<\/strong> vit dans un logement <strong>inabordable<\/strong>. <\/p>\n<\/div>\n\n\n\n<div class=\"wp-block-column animate-slide-top has-column-padding-default has-background has-theme-secondary-background-color is-layout-flow wp-block-column-is-layout-flow\" style=\"flex-basis:50%\">\n<p class=\"has-text-align-center has-text-size-h1\"><strong>42 %<\/strong> des m\u00e9nages d&rsquo;Ottawa paient un <strong>loyer inabordable<\/strong>. <\/p>\n<\/div>\n\n\n\n<div class=\"wp-block-column animate-slide-top has-column-padding-default has-background has-theme-darkPrimary-background-color is-layout-flow wp-block-column-is-layout-flow\" style=\"flex-basis:50%\">\n<p class=\"has-text-align-center has-text-size-h1\">37 % des familles d&rsquo;Habitat Grand Ottawa vivaient dans des logements sociaux ou subventionn\u00e9s.<\/p>\n<\/div>\n<\/div>\n<\/div>\n\n<div class=\"wp-block-group alignwide animate-slide-bottom padding-top-thin padding-bottom-thin has-background has-theme-secondary-background-color has-background-size-cover has-background-resolution-full is-layout-constrained wp-block-group-is-layout-constrained\">\n<div class=\"wp-block-columns alignwide has-column-gap-default is-layout-flex wp-block-columns-is-layout-flex\">\n<div class=\"wp-block-column has-column-padding-default has-background has-theme-secondary-background-color is-layout-flow wp-block-column-is-layout-flow\">\n<p class=\"has-text-align-center has-text-size-h5\">Habitat Grand Ottawa offre un <strong>pont vers l&rsquo;accession \u00e0 la propri\u00e9t\u00e9 abordable<\/strong>, contribuant \u00e0 r\u00e9duire la liste d&rsquo;attente pour les logements sociaux de la ville et aidant les familles \u00e0 <strong>acqu\u00e9rir leur ind\u00e9pendance financi\u00e8re<\/strong>. <\/p>\n<\/div>\n<\/div>\n<\/div>\n\n<div class=\"wp-block-group alignfull animate-slide-top has-background has-theme-light-background-color has-background-size-cover has-background-resolution-full is-layout-constrained wp-block-group-is-layout-constrained\">\n<figure class=\"wp-block-image\" data-dynamic-alt=\"true\" data-dynamic-caption=\"true\" data-dynamic-title=\"true\"><img decoding=\"async\" src=\"https:\/\/habitatgo.com\/wp-content\/uploads\/2025\/09\/Housing-Continuum-Graphic-scaled.png\" alt=\"Un graphique de logement social, un graphique de logement locatif et un graphique de logement de march&#xE9; le long d'un continuum de logement. Le logo d'Habitat pour l'humanit&#xE9; du Grand Ottawa repr&#xE9;sente l'accession &#xE0; la propri&#xE9;t&#xE9; abordable entre le logement locatif et l'accession &#xE0; la propri&#xE9;t&#xE9; de march&#xE9;. \"\/><\/figure>\n\n\n<?xml encoding=\"utf-8\" ?><h3 class=\"wp-block-heading has-text-align-left\" id=\"toc-impact-sur-la-communaute\">Impact sur la communaut&eacute;<\/h3>\n\n\n\n<p>L&rsquo;instabilit\u00e9 du logement \u2014 incluant les d\u00e9m\u00e9nagements fr\u00e9quents, la surpopulation et les conditions de vie malsaines ou dangereuses \u2014 cr\u00e9e du stress pour les familles et affecte le bien-\u00eatre des enfants. Lorsque les familles consacrent un pourcentage \u00e9lev\u00e9 de leurs revenus au logement, elles se retrouvent souvent \u00e0 faire des choix impossibles, comme entre payer le loyer ou les soins de sant\u00e9, la nourriture ou le transport. <\/p>\n\n\n\n<p>Une \u00e9tude de 2015 men\u00e9e par le Boston Consulting Group (BCG) montre qu&rsquo;en moyenne, chaque maison d&rsquo;Habitat pour l&rsquo;humanit\u00e9 g\u00e9n\u00e8re <strong>175 000 $ de b\u00e9n\u00e9fices pour la soci\u00e9t\u00e9<\/strong> d\u00e9coulant d&rsquo;une <strong>r\u00e9duction de la d\u00e9pendance aux logements sociaux et aux banques alimentaires, de meilleurs r\u00e9sultats \u00e9ducatifs, financiers et d&#8217;emploi, et d&rsquo;une am\u00e9lioration globale de la sant\u00e9 et du bien-\u00eatre<\/strong>.<\/p>\n\n\n\n<div class=\"wp-block-columns has-column-gap-default is-layout-flex wp-block-columns-is-layout-flex\">\n<div class=\"wp-block-column has-column-padding-thin is-layout-flow wp-block-column-is-layout-flow\">\n<p class=\"has-text-size-h4\">Chaque dollar amass\u00e9 pour Habitat pour l&rsquo;humanit\u00e9 cr\u00e9e 4 $ d&rsquo;impact social.<\/p>\n<\/div>\n<\/div>\n\n\n\n<p>D&rsquo;autres <strong>b\u00e9n\u00e9fices pour la communaut\u00e9<\/strong> lorsqu&rsquo;une famille emm\u00e9nage dans une maison Habitat incluent :<\/p>\n\n\n\n<ul class=\"wp-block-list has-list-style-checkmarks\">\n<li>Les unit\u00e9s de logement locatif et social sont lib\u00e9r\u00e9es, augmentant la disponibilit\u00e9 de logements abordables<\/li>\n\n\n\n<li>Les propri\u00e9taires Habitat deviennent contribuables, augmentant les contributions \u00e0 l&rsquo;assiette fiscale municipale.<\/li>\n\n\n\n<li>L&rsquo;accession \u00e0 la propri\u00e9t\u00e9 \u00e9limine le besoin continu de subventions gouvernementales pour le loyer et l&rsquo;entretien des b\u00e2timents, car les familles sont responsables de l&rsquo;entretien de leur maison et de leur propri\u00e9t\u00e9.<br\/><\/li>\n<\/ul>\n<\/div>\n\n<div class=\"wp-block-group alignfull animate-slide-top has-background has-theme-light-background-color has-background-size-cover has-background-resolution-full is-layout-constrained wp-block-group-is-layout-constrained\">\n<div class=\"wp-block-columns alignwide has-column-gap-default is-layout-flex wp-block-columns-is-layout-flex\">\n<div class=\"wp-block-column is-vertically-aligned-center has-column-padding-thin is-layout-flow wp-block-column-is-layout-flow\"><?xml encoding=\"utf-8\" ?><figure class=\"wp-block-image aligncenter size-full is-style-rounded\" data-dynamic-alt=\"true\" data-dynamic-caption=\"true\" data-dynamic-title=\"true\" data-media-id=\"1976\"><img loading=\"lazy\" decoding=\"async\" width=\"900\" height=\"601\" src=\"https:\/\/habitatgo.com\/wp-content\/uploads\/2025\/09\/CAON-24-GTA-030.jpg\" alt=\"\" class=\"wp-image-1976\" title=\"Habitat GTA Old Weston Rd Welcome Home Ceremony\"><figcaption class=\"wp-element-caption\">Habitat GTA Old Weston Rd Welcome Home Ceremony<\/figcaption><\/figure><\/div>\n\n\n\n<div class=\"wp-block-column has-column-padding-thin is-layout-flow wp-block-column-is-layout-flow\"><?xml encoding=\"utf-8\" ?><h3 class=\"wp-block-heading has-text-align-left\" id=\"toc-impact-sur-les-familles\">Impact sur les familles<\/h3>\n\n\n\n<p>La Soci\u00e9t\u00e9 canadienne d&rsquo;hypoth\u00e8ques et de logement a men\u00e9 une enqu\u00eate pancanadienne aupr\u00e8s des familles Habitat en 2013. La majorit\u00e9 a signal\u00e9 une am\u00e9lioration de la sant\u00e9, du bonheur et du bien-\u00eatre g\u00e9n\u00e9ral. <\/p>\n\n\n\n<p><strong>L&rsquo;\u00e9tude a \u00e9galement r\u00e9v\u00e9l\u00e9 : <\/strong><\/p>\n\n\n\n<ul class=\"wp-block-list has-list-style-checkmarks\">\n<li>86 % d\u00e9clarent se sentir plus heureux depuis qu&rsquo;ils ont emm\u00e9nag\u00e9 dans leur maison Habitat pour l&rsquo;humanit\u00e9.<\/li>\n\n\n\n<li class=\"force-list-style-checkmarks\">89 % ont dit que la vie de leur famille s&rsquo;\u00e9tait am\u00e9lior\u00e9e.<\/li>\n\n\n\n<li>70 % ont signal\u00e9 une am\u00e9lioration de leur sant\u00e9, incluant une r\u00e9duction des rhumes et de la grippe, de l&rsquo;asthme, des allergies et du stress.<\/li>\n\n\n\n<li> 65 % ont signal\u00e9 une augmentation de la confiance de leurs enfants. La participation des enfants aux activit\u00e9s parascolaires a \u00e9galement augment\u00e9. <br\/><\/li>\n<\/ul>\n<\/div>\n<\/div>\n<\/div>\n\n<div class=\"wp-block-group alignfull animate-slide-top has-background has-theme-light-background-color has-background-size-cover has-background-resolution-full is-layout-constrained wp-block-group-is-layout-constrained\">\n<div class=\"wp-block-columns alignwide has-column-gap-default is-layout-flex wp-block-columns-is-layout-flex\">\n<div class=\"wp-block-column has-column-padding-thin is-layout-flow wp-block-column-is-layout-flow\" style=\"flex-basis:50%\"><?xml encoding=\"utf-8\" ?><h3 class=\"wp-block-heading has-text-align-left\" id=\"toc-impact-sur-les-enfants\">Impact sur les enfants<\/h3>\n\n\n\n<p>Lorsque les parents ont de la difficult\u00e9 \u00e0 payer les co\u00fbts de logement, cela signifie qu&rsquo;il ne leur reste pas assez d&rsquo;argent pour acheter des repas sains \u00e0 leurs enfants, investir dans les sports et les arts, ou \u00e9pargner pour l&rsquo;\u00e9ducation de leurs enfants.<\/p>\n\n\n\n<p>Nous croyons que ce sont les enfants des propri\u00e9taires Habitat qui b\u00e9n\u00e9ficient le plus d&rsquo;un endroit s\u00fbr et stable o\u00f9 vivre. Moins de stress, moins de maladie, plus de confiance et de meilleures notes ne sont que quelques-uns des changements positifs que les propri\u00e9taires Habitat observent chez leurs enfants. Les enfants \u00e9lev\u00e9s dans un foyer stable \u00e0 long terme sont \u00e9galement 22 % plus susceptibles de fr\u00e9quenter l&rsquo;enseignement postsecondaire et de devenir propri\u00e9taires eux-m\u00eames.  <\/p>\n<\/div>\n\n\n\n<div class=\"wp-block-column has-column-padding-none is-layout-flow wp-block-column-is-layout-flow\">\n<figure class=\"wp-block-image is-style-rounded\" data-dynamic-alt=\"true\" data-dynamic-caption=\"true\" data-dynamic-title=\"true\"><img decoding=\"async\" src=\"https:\/\/habitatgo.com\/wp-content\/uploads\/2025\/09\/everyChild2.jpg\" alt=\"\"\/><\/figure>\n<\/div>\n<\/div>\n<\/div>\n\n<div class=\"wp-block-group alignfull animate-slide-top has-background has-theme-offset-background-color has-background-size-cover has-background-resolution-full is-layout-constrained wp-block-group-is-layout-constrained\">\n<div class=\"wp-block-columns alignwide has-column-gap-default is-layout-flex wp-block-columns-is-layout-flex\">\n<div class=\"wp-block-column has-column-padding-none is-layout-flow wp-block-column-is-layout-flow\" style=\"flex-basis:50%\">\n<figure class=\"wp-block-image is-style-rounded\" data-dynamic-alt=\"true\" data-dynamic-caption=\"true\" data-dynamic-title=\"true\"><img decoding=\"async\" src=\"https:\/\/habitatgo.com\/wp-content\/uploads\/2025\/08\/Rebecca-SQ-scaled.jpg\" alt=\"M&#xE8;re et fils d'une famille partenaire Habitat debout devant une pancarte vendue. L'enfant tient les cl&#xE9;s de leur maison Habitat. \"\/><\/figure>\n<\/div>\n\n\n\n<div class=\"wp-block-column is-vertically-aligned-center has-column-padding-none is-layout-flow wp-block-column-is-layout-flow\">\n<blockquote class=\"wp-block-quote is-layout-flow wp-block-quote-is-layout-flow\">\n<p>\n \u00ab Quand vous avez un parent qui n&rsquo;a pas \u00e0 s&rsquo;inqui\u00e9ter de savoir d&rsquo;o\u00f9 vient l&rsquo;argent, ou comment nous allons garder un toit au-dessus de nos t\u00eates, ou si nous allons rester en place parce que le loyer est trop \u00e9lev\u00e9 et que nous allons \u00eatre expuls\u00e9s&#8230; quand vous avez quelqu&rsquo;un qui n&rsquo;a pas \u00e0 penser \u00e0 cela, il peut donner tellement plus \u00e0 son enfant. Et cela fait toute la diff\u00e9rence dans la vie d&rsquo;un enfant. \u00bb <\/p>\n\n\n\n<p>                                                                                        <cite>Rebecca, propri\u00e9taire Habitat<\/cite>\n                                        <\/p>\n<\/blockquote>\n<\/div>\n<\/div>\n<\/div>\n","protected":false},"excerpt":{"rendered":"<p>Chaque famille m&eacute;rite un foyer s&ucirc;r et stable Lorsque vous soutenez Habitat Grand Ottawa, vous contribuez \u00e0 construire bien plus qu&rsquo;un simple foyer pour une famille. Un logement s\u00fbr, stable et abordable joue un r\u00f4le essentiel en aidant les familles \u00e0 b\u00e2tir une fondation solide sur laquelle elles peuvent prosp\u00e9rer et acc\u00e9der aux opportunit\u00e9s. Avec [&hellip;]<\/p>\n","protected":false},"author":1,"featured_media":4190,"parent":0,"menu_order":0,"comment_status":"closed","ping_status":"closed","template":"","meta":{"_acf_changed":false,"footnotes":""},"class_list":["post-4189","page","type-page","status-publish","has-post-thumbnail","hentry"],"better_featured_image":{"id":4190,"alt_text":"Une famille partenaire Habitat \u00e9treignant un supporter lors d'une c\u00e9r\u00e9monie de remise des cl\u00e9s Habitat.","caption":"","description":"","media_type":"image","media_details":{"width":1900,"height":500,"file":"2025\/09\/2.-our-impact.jpg","filesize":538332,"sizes":{"thumbnail":{"file":"2.-our-impact-150x150.jpg","width":150,"height":150,"mime-type":"image\/jpeg","filesize":4909,"source_url":"https:\/\/habitatgo.com\/wp-content\/uploads\/2025\/09\/2.-our-impact-150x150.jpg"},"hero-side":{"file":"2.-our-impact-960x500.jpg","width":960,"height":500,"mime-type":"image\/jpeg","filesize":56753,"source_url":"https:\/\/habitatgo.com\/wp-content\/uploads\/2025\/09\/2.-our-impact-960x500.jpg"}},"image_meta":{"aperture":"0","credit":"","camera":"","caption":"","created_timestamp":"0","copyright":"","focal_length":"0","iso":"0","shutter_speed":"0","title":"","orientation":"0","keywords":[]}},"post":4189,"source_url":"https:\/\/habitatgo.com\/wp-content\/uploads\/2025\/09\/2.-our-impact.jpg"},"acf":[],"_links":{"self":[{"href":"https:\/\/habitatgo.com\/fr\/wp-json\/wp\/v2\/pages\/4189","targetHints":{"allow":["GET"]}}],"collection":[{"href":"https:\/\/habitatgo.com\/fr\/wp-json\/wp\/v2\/pages"}],"about":[{"href":"https:\/\/habitatgo.com\/fr\/wp-json\/wp\/v2\/types\/page"}],"author":[{"embeddable":true,"href":"https:\/\/habitatgo.com\/fr\/wp-json\/wp\/v2\/users\/1"}],"replies":[{"embeddable":true,"href":"https:\/\/habitatgo.com\/fr\/wp-json\/wp\/v2\/comments?post=4189"}],"version-history":[{"count":1,"href":"https:\/\/habitatgo.com\/fr\/wp-json\/wp\/v2\/pages\/4189\/revisions"}],"predecessor-version":[{"id":4192,"href":"https:\/\/habitatgo.com\/fr\/wp-json\/wp\/v2\/pages\/4189\/revisions\/4192"}],"wp:featuredmedia":[{"embeddable":true,"href":"https:\/\/habitatgo.com\/fr\/wp-json\/wp\/v2\/media\/4190"}],"wp:attachment":[{"href":"https:\/\/habitatgo.com\/fr\/wp-json\/wp\/v2\/media?parent=4189"}],"curies":[{"name":"wp","href":"https:\/\/api.w.org\/{rel}","templated":true}]}}