{"id":4187,"date":"2025-09-10T15:49:37","date_gmt":"2025-09-10T19:49:37","guid":{"rendered":"https:\/\/hfh-02.eproofs.ca\/soutien\/"},"modified":"2025-11-06T14:07:02","modified_gmt":"2025-11-06T19:07:02","slug":"soutien","status":"publish","type":"page","link":"https:\/\/habitatgo.com\/fr\/soutien\/","title":{"rendered":"Parrainage d&rsquo;entreprise"},"content":{"rendered":"<div class=\"wp-block-group is-style-background has-background has-theme-dark-background-color padding-top-thick alignfull wp-block-eup-blocks-banner\">\r\n    <div class=\"banner-image-wrapper has-background-image has-background-overlay has-overlay-opacity-100 has-overlay-fade-from-left\" style=\"background-image: url(https:\/\/habitatgo.com\/wp-content\/uploads\/2025\/09\/work-gloves-tools.jpg); background-size: cover; background-position: 14% 39%\">\n    <img loading=\"lazy\" decoding=\"async\" width=\"1920\" height=\"1280\" src=\"https:\/\/habitatgo.com\/wp-content\/uploads\/2025\/09\/work-gloves-tools.jpg\" class=\"eup-block-banner-image\" alt=\"\" \/><\/div>\n<div class=\"banner-content-wrap alignwide\">\n    <div class=\"banner-content\" style=\"max-width: 600px\">\n        \n<?xml encoding=\"utf-8\" ?><h1 class=\"wp-block-heading has-text-align-left\" id=\"toc-developpez-votre-marque-tout-en-batissant-des-communautes\">D&eacute;veloppez votre marque tout en b&acirc;tissant des communaut&eacute;s<\/h1>\n\n\n\n<p>Associez-vous \u00e0 Habitat pour l&rsquo;humanit\u00e9 pour engager vos employ\u00e9s dans un renforcement d&rsquo;\u00e9quipe significatif tout en investissant dans l&rsquo;accession \u00e0 la propri\u00e9t\u00e9 abordable pour les familles locales.<\/p>\n\n\n\n<p>Rejoignez l&rsquo;une des marques d&rsquo;organismes sans but lucratif les plus fiables du Canada.<\/p>\n\n\n\n<div class=\"wp-block-buttons is-layout-flex wp-block-buttons-is-layout-flex\">\n<div class=\"wp-block-button has-inner-accent-background-color has-text-align-center\"><a class=\"wp-block-button__link has-text-align-center wp-element-button\" href=\"https:\/\/habitatgo.com\/fr\/contact\/\" data-wpel-link=\"internal\">Commencez d\u00e8s aujourd&rsquo;hui<\/a><\/div>\n\n\n\n<div class=\"wp-block-button is-style-outline has-inner-accent-background-color has-text-align-center is-style-outline--1\"><a class=\"wp-block-button__link has-text-align-center wp-element-button\" href=\"#options\">Voir les options de partenariat<\/a><\/div>\n<\/div>\n\n    <\/div>\n<\/div><\/div>\n<div class=\"wp-block-group alignwide has-background has-theme-light-background-color has-background-size-cover has-background-resolution-full is-layout-constrained wp-block-group-is-layout-constrained\"><?xml encoding=\"utf-8\" ?><h2 class=\"wp-block-heading has-text-align-center has-text-align-center\" id=\"toc-pourquoi-sassocier-avec-nous\">Pourquoi s&rsquo;associer avec nous ?<\/h2>\n\n\n\n<p class=\"has-text-align-center has-text-size-large\">S&rsquo;associer avec nous n&rsquo;est pas seulement bon pour les communaut\u00e9s, c&rsquo;est bon pour les affaires.<br\/>D\u00e9couvrez comment les partenariats corporatifs cr\u00e9ent un impact durable pour toutes les parties impliqu\u00e9es.<\/p>\n\n\n\n<div class=\"wp-block-eup-blocks-cards alignfull cards--wrapper is-grid gutter-margin graphic-icon orientation-vertical alignment-center design-standard size-desktop-1_4 size-tablet-1_2 size-mobile-1_1 title-size-h3 content-size-large meta-size-small card-color-offset\" data-loop=\"false\" data-nav=\"true\" data-dots=\"false\"><div class=\"cards--inner\">\n<div class=\"wp-block-eup-blocks-card card--wrapper has-background has-theme-offset-background-color\"><div class=\"card-content\"><div class=\"card-title\">95%<\/div><div class=\"card-desc\">des gens conviennent que les entreprises devraient soutenir de bonnes causes<\/div><\/div><\/div>\n\n\n\n<div class=\"wp-block-eup-blocks-card card--wrapper has-background has-theme-offset-background-color\"><div class=\"card-content\"><div class=\"card-title\">80%<\/div><div class=\"card-desc\">des b\u00e9n\u00e9voles croient que le b\u00e9n\u00e9volat de groupe renforce les relations en milieu de travail<\/div><\/div><\/div>\n\n\n\n<div class=\"wp-block-eup-blocks-card card--wrapper has-background has-theme-offset-background-color\"><div class=\"card-content\"><div class=\"card-title\">93%<\/div><div class=\"card-desc\">des sympathisants changeraient de marque pour une associ\u00e9e avec nous<\/div><\/div><\/div>\n\n\n\n<div class=\"wp-block-eup-blocks-card card--wrapper has-background has-theme-offset-background-color\"><div class=\"card-content\"><div class=\"card-title\">\u221e<\/div><div class=\"card-desc\">La participation \u00e0 des programmes de b\u00e9n\u00e9volat soutenus par l&#8217;employeur a entra\u00een\u00e9 des scores de productivit\u00e9 et d&rsquo;engagement plus \u00e9lev\u00e9s<\/div><\/div><\/div>\n<\/div><\/div>\n<\/div>\n\n<div class=\"wp-block-group alignfull has-background has-theme-offset-background-color has-background-size-cover has-background-resolution-full is-layout-constrained wp-block-group-is-layout-constrained\"><?xml encoding=\"utf-8\" ?><h2 class=\"wp-block-heading has-text-align-left\" id=\"toc-votre-entreprise-peut-nous-soutenir-par\">Votre entreprise peut nous soutenir par :<\/h2>\n\n\n\n<div class=\"wp-block-columns alignwide has-column-gap-none is-layout-flex wp-block-columns-is-layout-flex\">\n<div class=\"wp-block-column has-column-padding-thin is-layout-flow wp-block-column-is-layout-flow\"><?xml encoding=\"utf-8\" ?><figure class=\"wp-block-image size-full is-style-rounded\" data-dynamic-alt=\"true\" data-dynamic-caption=\"true\" data-dynamic-title=\"true\" data-media-id=\"1335\"><img loading=\"lazy\" decoding=\"async\" width=\"1080\" height=\"720\" src=\"https:\/\/habitatgo.com\/wp-content\/uploads\/2025\/09\/CLVGolf.jpg\" alt=\"\" class=\"wp-image-1335\" title=\"CLVGolf\"><\/figure>\n\n<?xml encoding=\"utf-8\" ?><h3 class=\"wp-block-heading has-text-align-left\" id=\"toc-commandites\">Commandites<\/h3>\n\n\n\n<p>Nous travaillerons avec vous pour d\u00e9velopper un forfait de reconnaissance personnalis\u00e9 qui s&rsquo;aligne avec votre vision corporative, incluant des opportunit\u00e9s de renforcement d&rsquo;\u00e9quipe, de visibilit\u00e9 de marque et d&rsquo;impact communautaire.<\/p>\n\n\n\n<p>Please email Shawna Blanchard at <a href=\"mailto:sblanchard@habitatgo.com\">sblanchard@habitatgo.com<\/a> to learn more about Build Sponsorship opportunities.<\/p>\n\n\n\n<div class=\"wp-block-buttons is-layout-flex wp-block-buttons-is-layout-flex\">\n<div class=\"wp-block-button has-inner-accent-background-color has-text-align-center\"><a class=\"wp-block-button__link has-text-align-center wp-element-button\" href=\"mailto:sblanchard@habitatgo.com\">Envoyer un courriel \u00e0 Shawna Blanchard<\/a><\/div>\n<\/div>\n<\/div>\n\n\n\n<div class=\"wp-block-column has-column-padding-thin is-layout-flow wp-block-column-is-layout-flow\"><?xml encoding=\"utf-8\" ?><figure class=\"wp-block-image size-full is-style-rounded\" data-dynamic-alt=\"true\" data-dynamic-title=\"true\" data-media-id=\"2814\"><img loading=\"lazy\" decoding=\"async\" width=\"900\" height=\"600\" src=\"https:\/\/habitatgo.com\/wp-content\/uploads\/2025\/09\/volunteer-inside-home.jpg\" alt=\"\" class=\"wp-image-2814\" title=\"volunteer-inside-home\"><\/figure>\n\n<?xml encoding=\"utf-8\" ?><h3 class=\"wp-block-heading has-text-align-left\" id=\"toc-journees-de-renforcement-dequipe\">Journ&eacute;es de renforcement d&rsquo;&eacute;quipe<\/h3>\n\n\n\n<p>Nous avons des opportunit\u00e9s de journ\u00e9es d&rsquo;\u00e9quipe engageantes toute l&rsquo;ann\u00e9e pour vous aider, vous et vos employ\u00e9s, \u00e0 vous \u00e9loigner du bureau et \u00e0 faire une diff\u00e9rence tangible dans la communaut\u00e9. Ensemble, nous pouvons vous aider \u00e0 attirer les talents, retenir les employ\u00e9s et renforcer la culture d&rsquo;entreprise tout en b\u00e2tissant des communaut\u00e9s plus fortes et plus saines. <\/p>\n\n\n\n<p>Please email Shawna Blanchard at <a href=\"mailto:sblanchard@habitatgo.com\">sblanchard@habitatgo.com<\/a> to learn more about Team Build Days.<\/p>\n\n\n\n<div class=\"wp-block-buttons is-layout-flex wp-block-buttons-is-layout-flex\">\n<div class=\"wp-block-button has-inner-accent-background-color has-text-align-center\"><a class=\"wp-block-button__link has-text-align-center wp-element-button\" href=\"mailto:sblanchard@habitatgo.com\">Envoyer un courriel \u00e0 Shawna Blanchard<\/a><\/div>\n<\/div>\n<\/div>\n<\/div>\n<\/div>\n\n<div class=\"wp-block-group alignfull padding-top-thin padding-bottom-thin has-background has-theme-light-background-color has-background-size-cover has-background-resolution-full is-layout-constrained wp-block-group-is-layout-constrained\">\n<div class=\"wp-block-columns alignwide has-column-gap-default is-layout-flex wp-block-columns-is-layout-flex\">\n<div class=\"wp-block-column is-vertically-aligned-center has-column-padding-none is-layout-flow wp-block-column-is-layout-flow\" style=\"flex-basis:50%\"><?xml encoding=\"utf-8\" ?><figure class=\"wp-block-image aligncenter size-full is-style-rounded\" data-dynamic-alt=\"true\" data-dynamic-title=\"true\" data-media-id=\"2815\"><img loading=\"lazy\" decoding=\"async\" width=\"900\" height=\"563\" src=\"https:\/\/habitatgo.com\/wp-content\/uploads\/2025\/09\/volunteer-hardhat.jpg\" alt=\"\" class=\"wp-image-2815\" title=\"volunteer-hardhat\"><\/figure><\/div>\n\n\n\n<div class=\"wp-block-column is-vertically-aligned-center has-column-padding-thin is-layout-flow wp-block-column-is-layout-flow\" style=\"flex-basis:50%\"><?xml encoding=\"utf-8\" ?><h2 class=\"wp-block-heading has-text-align-left\" id=\"toc-parfait-pour-toute-equipe\">Parfait pour toute &eacute;quipe<\/h2>\n\n\n\n<p class=\"has-text-size-large\">Que votre \u00e9quipe ait de l&rsquo;exp\u00e9rience en construction ou n&rsquo;ait jamais pris un marteau, nos chefs d&rsquo;\u00e9quipe exp\u00e9riment\u00e9s guideront tout le monde en s\u00e9curit\u00e9 \u00e0 travers un travail de construction significatif. <\/p>\n\n\n\n<p class=\"has-text-size-large\">Tous les niveaux de comp\u00e9tence sont les bienvenus et pr\u00e9cieux sur nos chantiers de construction.<\/p>\n\n\n\n<div class=\"wp-block-buttons is-layout-flex wp-block-buttons-is-layout-flex\">\n<div class=\"wp-block-button has-inner-accent-background-color has-text-align-center\"><a class=\"wp-block-button__link has-text-align-center wp-element-button\" href=\"https:\/\/habitatgo.com\/fr\/contact\/\" data-wpel-link=\"internal\">Commencer<\/a><\/div>\n<\/div>\n<\/div>\n<\/div>\n<\/div>\n","protected":false},"excerpt":{"rendered":"<p>Pourquoi s&rsquo;associer avec nous ? S&rsquo;associer avec nous n&rsquo;est pas seulement bon pour les communaut\u00e9s, c&rsquo;est bon pour les affaires.D\u00e9couvrez comment les partenariats corporatifs cr\u00e9ent un impact durable pour toutes les parties impliqu\u00e9es. Votre entreprise peut nous soutenir par : Commandites Nous travaillerons avec vous pour d\u00e9velopper un forfait de reconnaissance personnalis\u00e9 qui s&rsquo;aligne avec [&hellip;]<\/p>\n","protected":false},"author":1,"featured_media":0,"parent":0,"menu_order":0,"comment_status":"closed","ping_status":"closed","template":"","meta":{"_acf_changed":false,"footnotes":""},"class_list":["post-4187","page","type-page","status-publish","hentry"],"better_featured_image":null,"acf":[],"_links":{"self":[{"href":"https:\/\/habitatgo.com\/fr\/wp-json\/wp\/v2\/pages\/4187","targetHints":{"allow":["GET"]}}],"collection":[{"href":"https:\/\/habitatgo.com\/fr\/wp-json\/wp\/v2\/pages"}],"about":[{"href":"https:\/\/habitatgo.com\/fr\/wp-json\/wp\/v2\/types\/page"}],"author":[{"embeddable":true,"href":"https:\/\/habitatgo.com\/fr\/wp-json\/wp\/v2\/users\/1"}],"replies":[{"embeddable":true,"href":"https:\/\/habitatgo.com\/fr\/wp-json\/wp\/v2\/comments?post=4187"}],"version-history":[{"count":6,"href":"https:\/\/habitatgo.com\/fr\/wp-json\/wp\/v2\/pages\/4187\/revisions"}],"predecessor-version":[{"id":5273,"href":"https:\/\/habitatgo.com\/fr\/wp-json\/wp\/v2\/pages\/4187\/revisions\/5273"}],"wp:attachment":[{"href":"https:\/\/habitatgo.com\/fr\/wp-json\/wp\/v2\/media?parent=4187"}],"curies":[{"name":"wp","href":"https:\/\/api.w.org\/{rel}","templated":true}]}}